{"id":26367,"date":"2022-02-02T11:44:42","date_gmt":"2022-02-02T10:44:42","guid":{"rendered":"https:\/\/aquasound.eu\/systemy-audio-bluetooth\/"},"modified":"2023-05-03T14:39:29","modified_gmt":"2023-05-03T12:39:29","slug":"systemy-audio-bluetooth","status":"publish","type":"page","link":"https:\/\/aquasound.eu\/pl\/systemy-audio-bluetooth\/","title":{"rendered":"Systemy audio Bluetooth"},"content":{"rendered":"","protected":false},"excerpt":{"rendered":"","protected":false},"author":3,"featured_media":28048,"parent":0,"menu_order":0,"comment_status":"closed","ping_status":"closed","template":"","meta":{"footnotes":""},"class_list":["post-26367","page","type-page","status-publish","has-post-thumbnail","hentry"],"yoast_head":"<!-- This site is optimized with the Yoast SEO plugin v27.3 - https:\/\/yoast.com\/product\/yoast-seo-wordpress\/ -->\n<title>G\u0142o\u015bniki Bluetooth do \u0142azienki: wbudowane, wodoodporne, \u0142atwe w instalacji<\/title>\n<meta name=\"description\" content=\"Wbudowane g\u0142o\u015bniki Bluetooth mo\u017cna zintegrowa\u0107 z dowolnym sufitem podwieszanym. Wszystkie g\u0142o\u015bniki s\u0105 wodoodporne i gotowe do \u0142azienki.\" \/>\n<meta name=\"robots\" content=\"index, follow, max-snippet:-1, max-image-preview:large, max-video-preview:-1\" \/>\n<link rel=\"canonical\" href=\"https:\/\/aquasound.eu\/pl\/systemy-audio-bluetooth\/\" \/>\n<meta property=\"og:locale\" content=\"pl_PL\" \/>\n<meta property=\"og:type\" content=\"article\" \/>\n<meta property=\"og:title\" content=\"G\u0142o\u015bniki Bluetooth do \u0142azienki: wbudowane, wodoodporne, \u0142atwe w instalacji\" \/>\n<meta property=\"og:description\" content=\"Wbudowane g\u0142o\u015bniki Bluetooth mo\u017cna zintegrowa\u0107 z dowolnym sufitem podwieszanym. Wszystkie g\u0142o\u015bniki s\u0105 wodoodporne i gotowe do \u0142azienki.\" \/>\n<meta property=\"og:url\" content=\"https:\/\/aquasound.eu\/pl\/systemy-audio-bluetooth\/\" \/>\n<meta property=\"og:site_name\" content=\"AquaSound\" \/>\n<meta property=\"article:modified_time\" content=\"2023-05-03T12:39:29+00:00\" \/>\n<meta name=\"twitter:card\" content=\"summary_large_image\" \/>\n<script type=\"application\/ld+json\" class=\"yoast-schema-graph\">{\"@context\":\"https:\\\/\\\/schema.org\",\"@graph\":[{\"@type\":\"WebPage\",\"@id\":\"https:\\\/\\\/aquasound.eu\\\/pl\\\/systemy-audio-bluetooth\\\/\",\"url\":\"https:\\\/\\\/aquasound.eu\\\/pl\\\/systemy-audio-bluetooth\\\/\",\"name\":\"G\u0142o\u015bniki Bluetooth do \u0142azienki: wbudowane, wodoodporne, \u0142atwe w instalacji\",\"isPartOf\":{\"@id\":\"https:\\\/\\\/aquasound.eu\\\/nl\\\/#website\"},\"primaryImageOfPage\":{\"@id\":\"https:\\\/\\\/aquasound.eu\\\/pl\\\/systemy-audio-bluetooth\\\/#primaryimage\"},\"image\":{\"@id\":\"https:\\\/\\\/aquasound.eu\\\/pl\\\/systemy-audio-bluetooth\\\/#primaryimage\"},\"thumbnailUrl\":\"https:\\\/\\\/aquasound.eu\\\/wp-content\\\/uploads\\\/BMN50Easy-SW-META.png\",\"datePublished\":\"2022-02-02T10:44:42+00:00\",\"dateModified\":\"2023-05-03T12:39:29+00:00\",\"description\":\"Wbudowane g\u0142o\u015bniki Bluetooth mo\u017cna zintegrowa\u0107 z dowolnym sufitem podwieszanym. Wszystkie g\u0142o\u015bniki s\u0105 wodoodporne i gotowe do \u0142azienki.\",\"breadcrumb\":{\"@id\":\"https:\\\/\\\/aquasound.eu\\\/pl\\\/systemy-audio-bluetooth\\\/#breadcrumb\"},\"inLanguage\":\"pl-PL\",\"potentialAction\":[{\"@type\":\"ReadAction\",\"target\":[\"https:\\\/\\\/aquasound.eu\\\/pl\\\/systemy-audio-bluetooth\\\/\"]}]},{\"@type\":\"ImageObject\",\"inLanguage\":\"pl-PL\",\"@id\":\"https:\\\/\\\/aquasound.eu\\\/pl\\\/systemy-audio-bluetooth\\\/#primaryimage\",\"url\":\"https:\\\/\\\/aquasound.eu\\\/wp-content\\\/uploads\\\/BMN50Easy-SW-META.png\",\"contentUrl\":\"https:\\\/\\\/aquasound.eu\\\/wp-content\\\/uploads\\\/BMN50Easy-SW-META.png\",\"width\":1200,\"height\":630,\"caption\":\"bluetooth inbouw speakers\"},{\"@type\":\"BreadcrumbList\",\"@id\":\"https:\\\/\\\/aquasound.eu\\\/pl\\\/systemy-audio-bluetooth\\\/#breadcrumb\",\"itemListElement\":[{\"@type\":\"ListItem\",\"position\":1,\"name\":\"Home\",\"item\":\"https:\\\/\\\/aquasound.eu\\\/pl\\\/\"},{\"@type\":\"ListItem\",\"position\":2,\"name\":\"Systemy audio Bluetooth\"}]},{\"@type\":\"WebSite\",\"@id\":\"https:\\\/\\\/aquasound.eu\\\/nl\\\/#website\",\"url\":\"https:\\\/\\\/aquasound.eu\\\/nl\\\/\",\"name\":\"AquaSound\",\"description\":\"\",\"potentialAction\":[{\"@type\":\"SearchAction\",\"target\":{\"@type\":\"EntryPoint\",\"urlTemplate\":\"https:\\\/\\\/aquasound.eu\\\/nl\\\/?s={search_term_string}\"},\"query-input\":{\"@type\":\"PropertyValueSpecification\",\"valueRequired\":true,\"valueName\":\"search_term_string\"}}],\"inLanguage\":\"pl-PL\"}]}<\/script>\n<!-- \/ Yoast SEO plugin. -->","yoast_head_json":{"title":"G\u0142o\u015bniki Bluetooth do \u0142azienki: wbudowane, wodoodporne, \u0142atwe w instalacji","description":"Wbudowane g\u0142o\u015bniki Bluetooth mo\u017cna zintegrowa\u0107 z dowolnym sufitem podwieszanym. Wszystkie g\u0142o\u015bniki s\u0105 wodoodporne i gotowe do \u0142azienki.","robots":{"index":"index","follow":"follow","max-snippet":"max-snippet:-1","max-image-preview":"max-image-preview:large","max-video-preview":"max-video-preview:-1"},"canonical":"https:\/\/aquasound.eu\/pl\/systemy-audio-bluetooth\/","og_locale":"pl_PL","og_type":"article","og_title":"G\u0142o\u015bniki Bluetooth do \u0142azienki: wbudowane, wodoodporne, \u0142atwe w instalacji","og_description":"Wbudowane g\u0142o\u015bniki Bluetooth mo\u017cna zintegrowa\u0107 z dowolnym sufitem podwieszanym. Wszystkie g\u0142o\u015bniki s\u0105 wodoodporne i gotowe do \u0142azienki.","og_url":"https:\/\/aquasound.eu\/pl\/systemy-audio-bluetooth\/","og_site_name":"AquaSound","article_modified_time":"2023-05-03T12:39:29+00:00","twitter_card":"summary_large_image","schema":{"@context":"https:\/\/schema.org","@graph":[{"@type":"WebPage","@id":"https:\/\/aquasound.eu\/pl\/systemy-audio-bluetooth\/","url":"https:\/\/aquasound.eu\/pl\/systemy-audio-bluetooth\/","name":"G\u0142o\u015bniki Bluetooth do \u0142azienki: wbudowane, wodoodporne, \u0142atwe w instalacji","isPartOf":{"@id":"https:\/\/aquasound.eu\/nl\/#website"},"primaryImageOfPage":{"@id":"https:\/\/aquasound.eu\/pl\/systemy-audio-bluetooth\/#primaryimage"},"image":{"@id":"https:\/\/aquasound.eu\/pl\/systemy-audio-bluetooth\/#primaryimage"},"thumbnailUrl":"https:\/\/aquasound.eu\/wp-content\/uploads\/BMN50Easy-SW-META.png","datePublished":"2022-02-02T10:44:42+00:00","dateModified":"2023-05-03T12:39:29+00:00","description":"Wbudowane g\u0142o\u015bniki Bluetooth mo\u017cna zintegrowa\u0107 z dowolnym sufitem podwieszanym. Wszystkie g\u0142o\u015bniki s\u0105 wodoodporne i gotowe do \u0142azienki.","breadcrumb":{"@id":"https:\/\/aquasound.eu\/pl\/systemy-audio-bluetooth\/#breadcrumb"},"inLanguage":"pl-PL","potentialAction":[{"@type":"ReadAction","target":["https:\/\/aquasound.eu\/pl\/systemy-audio-bluetooth\/"]}]},{"@type":"ImageObject","inLanguage":"pl-PL","@id":"https:\/\/aquasound.eu\/pl\/systemy-audio-bluetooth\/#primaryimage","url":"https:\/\/aquasound.eu\/wp-content\/uploads\/BMN50Easy-SW-META.png","contentUrl":"https:\/\/aquasound.eu\/wp-content\/uploads\/BMN50Easy-SW-META.png","width":1200,"height":630,"caption":"bluetooth inbouw speakers"},{"@type":"BreadcrumbList","@id":"https:\/\/aquasound.eu\/pl\/systemy-audio-bluetooth\/#breadcrumb","itemListElement":[{"@type":"ListItem","position":1,"name":"Home","item":"https:\/\/aquasound.eu\/pl\/"},{"@type":"ListItem","position":2,"name":"Systemy audio Bluetooth"}]},{"@type":"WebSite","@id":"https:\/\/aquasound.eu\/nl\/#website","url":"https:\/\/aquasound.eu\/nl\/","name":"AquaSound","description":"","potentialAction":[{"@type":"SearchAction","target":{"@type":"EntryPoint","urlTemplate":"https:\/\/aquasound.eu\/nl\/?s={search_term_string}"},"query-input":{"@type":"PropertyValueSpecification","valueRequired":true,"valueName":"search_term_string"}}],"inLanguage":"pl-PL"}]}},"_links":{"self":[{"href":"https:\/\/aquasound.eu\/pl\/wp-json\/wp\/v2\/pages\/26367","targetHints":{"allow":["GET"]}}],"collection":[{"href":"https:\/\/aquasound.eu\/pl\/wp-json\/wp\/v2\/pages"}],"about":[{"href":"https:\/\/aquasound.eu\/pl\/wp-json\/wp\/v2\/types\/page"}],"author":[{"embeddable":true,"href":"https:\/\/aquasound.eu\/pl\/wp-json\/wp\/v2\/users\/3"}],"replies":[{"embeddable":true,"href":"https:\/\/aquasound.eu\/pl\/wp-json\/wp\/v2\/comments?post=26367"}],"version-history":[{"count":1,"href":"https:\/\/aquasound.eu\/pl\/wp-json\/wp\/v2\/pages\/26367\/revisions"}],"predecessor-version":[{"id":26368,"href":"https:\/\/aquasound.eu\/pl\/wp-json\/wp\/v2\/pages\/26367\/revisions\/26368"}],"wp:featuredmedia":[{"embeddable":true,"href":"https:\/\/aquasound.eu\/pl\/wp-json\/wp\/v2\/media\/28048"}],"wp:attachment":[{"href":"https:\/\/aquasound.eu\/pl\/wp-json\/wp\/v2\/media?parent=26367"}],"curies":[{"name":"wp","href":"https:\/\/api.w.org\/{rel}","templated":true}]}}