{"id":26363,"date":"2022-03-02T10:42:52","date_gmt":"2022-03-02T09:42:52","guid":{"rendered":"https:\/\/aquasound.eu\/glosniki-lazienkowe\/"},"modified":"2022-07-13T14:33:00","modified_gmt":"2022-07-13T12:33:00","slug":"glosniki-lazienkowe","status":"publish","type":"page","link":"https:\/\/aquasound.eu\/pl\/glosniki-lazienkowe\/","title":{"rendered":"G\u0142o\u015bniki \u0142azienkowe"},"content":{"rendered":"","protected":false},"excerpt":{"rendered":"","protected":false},"author":3,"featured_media":28060,"parent":0,"menu_order":0,"comment_status":"closed","ping_status":"closed","template":"","meta":{"footnotes":""},"class_list":["post-26363","page","type-page","status-publish","has-post-thumbnail","hentry"],"yoast_head":"<!-- This site is optimized with the Yoast SEO plugin v27.4 - https:\/\/yoast.com\/product\/yoast-seo-wordpress\/ -->\n<title>G\u0142o\u015bniki \u0142azienkowe: wbudowane, wodoodporne i \u0142atwe w monta\u017cu<\/title>\n<meta name=\"description\" content=\"G\u0142o\u015bniki \u0142azienkowe AquaSound s\u0105 szybkie w monta\u017cu i w pe\u0142ni wodoodporne. W ofercie 7 r\u00f3\u017cnych modeli, WiFi lub Bluetooth.\" \/>\n<meta name=\"robots\" content=\"index, follow, max-snippet:-1, max-image-preview:large, max-video-preview:-1\" \/>\n<link rel=\"canonical\" href=\"https:\/\/aquasound.eu\/pl\/glosniki-lazienkowe\/\" \/>\n<meta property=\"og:locale\" content=\"pl_PL\" \/>\n<meta property=\"og:type\" content=\"article\" \/>\n<meta property=\"og:title\" content=\"G\u0142o\u015bniki \u0142azienkowe: wbudowane, wodoodporne i \u0142atwe w monta\u017cu\" \/>\n<meta property=\"og:description\" content=\"G\u0142o\u015bniki \u0142azienkowe AquaSound s\u0105 szybkie w monta\u017cu i w pe\u0142ni wodoodporne. W ofercie 7 r\u00f3\u017cnych modeli, WiFi lub Bluetooth.\" \/>\n<meta property=\"og:url\" content=\"https:\/\/aquasound.eu\/pl\/glosniki-lazienkowe\/\" \/>\n<meta property=\"og:site_name\" content=\"AquaSound\" \/>\n<meta property=\"article:modified_time\" content=\"2022-07-13T12:33:00+00:00\" \/>\n<meta name=\"twitter:card\" content=\"summary_large_image\" \/>\n<script type=\"application\/ld+json\" class=\"yoast-schema-graph\">{\"@context\":\"https:\\\/\\\/schema.org\",\"@graph\":[{\"@type\":\"WebPage\",\"@id\":\"https:\\\/\\\/aquasound.eu\\\/pl\\\/glosniki-lazienkowe\\\/\",\"url\":\"https:\\\/\\\/aquasound.eu\\\/pl\\\/glosniki-lazienkowe\\\/\",\"name\":\"G\u0142o\u015bniki \u0142azienkowe: wbudowane, wodoodporne i \u0142atwe w monta\u017cu\",\"isPartOf\":{\"@id\":\"https:\\\/\\\/aquasound.eu\\\/nl\\\/#website\"},\"primaryImageOfPage\":{\"@id\":\"https:\\\/\\\/aquasound.eu\\\/pl\\\/glosniki-lazienkowe\\\/#primaryimage\"},\"image\":{\"@id\":\"https:\\\/\\\/aquasound.eu\\\/pl\\\/glosniki-lazienkowe\\\/#primaryimage\"},\"thumbnailUrl\":\"https:\\\/\\\/aquasound.eu\\\/wp-content\\\/uploads\\\/SPKZumba-W-META.png\",\"datePublished\":\"2022-03-02T09:42:52+00:00\",\"dateModified\":\"2022-07-13T12:33:00+00:00\",\"description\":\"G\u0142o\u015bniki \u0142azienkowe AquaSound s\u0105 szybkie w monta\u017cu i w pe\u0142ni wodoodporne. W ofercie 7 r\u00f3\u017cnych modeli, WiFi lub Bluetooth.\",\"breadcrumb\":{\"@id\":\"https:\\\/\\\/aquasound.eu\\\/pl\\\/glosniki-lazienkowe\\\/#breadcrumb\"},\"inLanguage\":\"pl-PL\",\"potentialAction\":[{\"@type\":\"ReadAction\",\"target\":[\"https:\\\/\\\/aquasound.eu\\\/pl\\\/glosniki-lazienkowe\\\/\"]}]},{\"@type\":\"ImageObject\",\"inLanguage\":\"pl-PL\",\"@id\":\"https:\\\/\\\/aquasound.eu\\\/pl\\\/glosniki-lazienkowe\\\/#primaryimage\",\"url\":\"https:\\\/\\\/aquasound.eu\\\/wp-content\\\/uploads\\\/SPKZumba-W-META.png\",\"contentUrl\":\"https:\\\/\\\/aquasound.eu\\\/wp-content\\\/uploads\\\/SPKZumba-W-META.png\",\"width\":1200,\"height\":630,\"caption\":\"badkamer speakers\"},{\"@type\":\"BreadcrumbList\",\"@id\":\"https:\\\/\\\/aquasound.eu\\\/pl\\\/glosniki-lazienkowe\\\/#breadcrumb\",\"itemListElement\":[{\"@type\":\"ListItem\",\"position\":1,\"name\":\"Home\",\"item\":\"https:\\\/\\\/aquasound.eu\\\/pl\\\/\"},{\"@type\":\"ListItem\",\"position\":2,\"name\":\"G\u0142o\u015bniki \u0142azienkowe\"}]},{\"@type\":\"WebSite\",\"@id\":\"https:\\\/\\\/aquasound.eu\\\/nl\\\/#website\",\"url\":\"https:\\\/\\\/aquasound.eu\\\/nl\\\/\",\"name\":\"AquaSound\",\"description\":\"\",\"potentialAction\":[{\"@type\":\"SearchAction\",\"target\":{\"@type\":\"EntryPoint\",\"urlTemplate\":\"https:\\\/\\\/aquasound.eu\\\/nl\\\/?s={search_term_string}\"},\"query-input\":{\"@type\":\"PropertyValueSpecification\",\"valueRequired\":true,\"valueName\":\"search_term_string\"}}],\"inLanguage\":\"pl-PL\"}]}<\/script>\n<!-- \/ Yoast SEO plugin. -->","yoast_head_json":{"title":"G\u0142o\u015bniki \u0142azienkowe: wbudowane, wodoodporne i \u0142atwe w monta\u017cu","description":"G\u0142o\u015bniki \u0142azienkowe AquaSound s\u0105 szybkie w monta\u017cu i w pe\u0142ni wodoodporne. W ofercie 7 r\u00f3\u017cnych modeli, WiFi lub Bluetooth.","robots":{"index":"index","follow":"follow","max-snippet":"max-snippet:-1","max-image-preview":"max-image-preview:large","max-video-preview":"max-video-preview:-1"},"canonical":"https:\/\/aquasound.eu\/pl\/glosniki-lazienkowe\/","og_locale":"pl_PL","og_type":"article","og_title":"G\u0142o\u015bniki \u0142azienkowe: wbudowane, wodoodporne i \u0142atwe w monta\u017cu","og_description":"G\u0142o\u015bniki \u0142azienkowe AquaSound s\u0105 szybkie w monta\u017cu i w pe\u0142ni wodoodporne. W ofercie 7 r\u00f3\u017cnych modeli, WiFi lub Bluetooth.","og_url":"https:\/\/aquasound.eu\/pl\/glosniki-lazienkowe\/","og_site_name":"AquaSound","article_modified_time":"2022-07-13T12:33:00+00:00","twitter_card":"summary_large_image","schema":{"@context":"https:\/\/schema.org","@graph":[{"@type":"WebPage","@id":"https:\/\/aquasound.eu\/pl\/glosniki-lazienkowe\/","url":"https:\/\/aquasound.eu\/pl\/glosniki-lazienkowe\/","name":"G\u0142o\u015bniki \u0142azienkowe: wbudowane, wodoodporne i \u0142atwe w monta\u017cu","isPartOf":{"@id":"https:\/\/aquasound.eu\/nl\/#website"},"primaryImageOfPage":{"@id":"https:\/\/aquasound.eu\/pl\/glosniki-lazienkowe\/#primaryimage"},"image":{"@id":"https:\/\/aquasound.eu\/pl\/glosniki-lazienkowe\/#primaryimage"},"thumbnailUrl":"https:\/\/aquasound.eu\/wp-content\/uploads\/SPKZumba-W-META.png","datePublished":"2022-03-02T09:42:52+00:00","dateModified":"2022-07-13T12:33:00+00:00","description":"G\u0142o\u015bniki \u0142azienkowe AquaSound s\u0105 szybkie w monta\u017cu i w pe\u0142ni wodoodporne. W ofercie 7 r\u00f3\u017cnych modeli, WiFi lub Bluetooth.","breadcrumb":{"@id":"https:\/\/aquasound.eu\/pl\/glosniki-lazienkowe\/#breadcrumb"},"inLanguage":"pl-PL","potentialAction":[{"@type":"ReadAction","target":["https:\/\/aquasound.eu\/pl\/glosniki-lazienkowe\/"]}]},{"@type":"ImageObject","inLanguage":"pl-PL","@id":"https:\/\/aquasound.eu\/pl\/glosniki-lazienkowe\/#primaryimage","url":"https:\/\/aquasound.eu\/wp-content\/uploads\/SPKZumba-W-META.png","contentUrl":"https:\/\/aquasound.eu\/wp-content\/uploads\/SPKZumba-W-META.png","width":1200,"height":630,"caption":"badkamer speakers"},{"@type":"BreadcrumbList","@id":"https:\/\/aquasound.eu\/pl\/glosniki-lazienkowe\/#breadcrumb","itemListElement":[{"@type":"ListItem","position":1,"name":"Home","item":"https:\/\/aquasound.eu\/pl\/"},{"@type":"ListItem","position":2,"name":"G\u0142o\u015bniki \u0142azienkowe"}]},{"@type":"WebSite","@id":"https:\/\/aquasound.eu\/nl\/#website","url":"https:\/\/aquasound.eu\/nl\/","name":"AquaSound","description":"","potentialAction":[{"@type":"SearchAction","target":{"@type":"EntryPoint","urlTemplate":"https:\/\/aquasound.eu\/nl\/?s={search_term_string}"},"query-input":{"@type":"PropertyValueSpecification","valueRequired":true,"valueName":"search_term_string"}}],"inLanguage":"pl-PL"}]}},"_links":{"self":[{"href":"https:\/\/aquasound.eu\/pl\/wp-json\/wp\/v2\/pages\/26363","targetHints":{"allow":["GET"]}}],"collection":[{"href":"https:\/\/aquasound.eu\/pl\/wp-json\/wp\/v2\/pages"}],"about":[{"href":"https:\/\/aquasound.eu\/pl\/wp-json\/wp\/v2\/types\/page"}],"author":[{"embeddable":true,"href":"https:\/\/aquasound.eu\/pl\/wp-json\/wp\/v2\/users\/3"}],"replies":[{"embeddable":true,"href":"https:\/\/aquasound.eu\/pl\/wp-json\/wp\/v2\/comments?post=26363"}],"version-history":[{"count":1,"href":"https:\/\/aquasound.eu\/pl\/wp-json\/wp\/v2\/pages\/26363\/revisions"}],"predecessor-version":[{"id":26364,"href":"https:\/\/aquasound.eu\/pl\/wp-json\/wp\/v2\/pages\/26363\/revisions\/26364"}],"wp:featuredmedia":[{"embeddable":true,"href":"https:\/\/aquasound.eu\/pl\/wp-json\/wp\/v2\/media\/28060"}],"wp:attachment":[{"href":"https:\/\/aquasound.eu\/pl\/wp-json\/wp\/v2\/media?parent=26363"}],"curies":[{"name":"wp","href":"https:\/\/api.w.org\/{rel}","templated":true}]}}