{"id":32675,"date":"2025-09-10T14:43:15","date_gmt":"2025-09-10T12:43:15","guid":{"rendered":"https:\/\/aquasound.eu\/product\/spkchachapro-wshuffle-aufbau-lautsprecherset-60-watt\/"},"modified":"2025-09-11T15:39:33","modified_gmt":"2025-09-11T13:39:33","slug":"spkchachapro-w","status":"publish","type":"product","link":"https:\/\/aquasound.eu\/de\/produkt\/spkchachapro-w\/","title":{"rendered":"<b>SPKCHACHAPRO-W<\/b> <br>Shuffle Aufbau-Lautsprecherset 60 Watt"},"content":{"rendered":"<div>\n<p>ChaCha Pro erf\u00fcllt Ihre Momente im Freien mit kraftvollem und kristallklarem Klang. Dieser robuste Aufputzlautsprecher mit IPX-Zertifizierung ist widerstandsf\u00e4hig gegen alle Wetterbedingungen und l\u00e4sst sich einfach installieren. Mit seiner \u00fcberragenden Klangqualit\u00e4t bietet ChaCha Pro unvergleichlichen H\u00f6rgenuss, der jede Jahreszeit bereichert.<\/p>\n<p>Hinweis: Dies sind separate Lautsprecher. Sie m\u00fcssen diese Lautsprecher trotzdem an einen Verst\u00e4rker anschlie\u00dfen.<\/p>\n<p><strong>Technische Daten<\/strong><\/p>\n<\/div>\n<ul>\n<li>Satz mit 2 St\u00fcck<\/li>\n<li>70 Watt MAX<\/li>\n<li>8 Ohm<\/li>\n<li>70 V \/ 100 V Transformator vorhanden<\/li>\n<li>244 x 136 x 153 mm (L x B x T)<\/li>\n<li>IPX6 Zertifizierung<\/li>\n<li>Wei\u00df, Schwarz<\/li>\n<\/ul>\n<p>&nbsp;<\/p>\n","protected":false},"excerpt":{"rendered":"<p>ChaCha Pro erf\u00fcllt Ihre Momente im Freien mit kraftvollem und kristallklarem Klang. Dieser robuste Aufputzlautsprecher mit IPX-Zertifizierung ist widerstandsf\u00e4hig gegen alle Wetterbedingungen und l\u00e4sst sich einfach installieren. Mit seiner \u00fcberragenden Klangqualit\u00e4t bietet ChaCha Pro unvergleichlichen H\u00f6rgenuss, der jede Jahreszeit bereichert. Hinweis: Dies sind separate Lautsprecher. Sie m\u00fcssen diese Lautsprecher trotzdem an einen Verst\u00e4rker anschlie\u00dfen. Technische [&hellip;]<\/p>\n","protected":false},"featured_media":32615,"template":"","meta":[],"product_brand":[],"product_cat":[67],"product_tag":[],"class_list":{"0":"post-32675","1":"product","2":"type-product","3":"status-publish","4":"has-post-thumbnail","6":"product_cat-badezimmer-lautsprecher","8":"first","9":"instock","10":"taxable","11":"shipping-taxable","12":"purchasable","13":"product-type-variable","14":"has-default-attributes"},"yoast_head":"<!-- This site is optimized with the Yoast SEO plugin v27.3 - https:\/\/yoast.com\/product\/yoast-seo-wordpress\/ -->\n<title>SPKCHACHAPRO-W Shuffle Aufbau-Lautsprecherset 60 Watt<\/title>\n<meta name=\"robots\" content=\"index, follow, max-snippet:-1, max-image-preview:large, max-video-preview:-1\" \/>\n<link rel=\"canonical\" href=\"https:\/\/aquasound.eu\/de\/produkt\/spkchachapro-w\/\" \/>\n<meta property=\"og:locale\" content=\"de_DE\" \/>\n<meta property=\"og:type\" content=\"article\" \/>\n<meta property=\"og:title\" content=\"SPKCHACHAPRO-W Shuffle Aufbau-Lautsprecherset 60 Watt\" \/>\n<meta property=\"og:description\" content=\"ChaCha Pro erf\u00fcllt Ihre Momente im Freien mit kraftvollem und kristallklarem Klang. Dieser robuste Aufputzlautsprecher mit IPX-Zertifizierung ist widerstandsf\u00e4hig gegen alle Wetterbedingungen und l\u00e4sst sich einfach installieren. Mit seiner \u00fcberragenden Klangqualit\u00e4t bietet ChaCha Pro unvergleichlichen H\u00f6rgenuss, der jede Jahreszeit bereichert. Hinweis: Dies sind separate Lautsprecher. Sie m\u00fcssen diese Lautsprecher trotzdem an einen Verst\u00e4rker anschlie\u00dfen. Technische [&hellip;]\" \/>\n<meta property=\"og:url\" content=\"https:\/\/aquasound.eu\/de\/produkt\/spkchachapro-w\/\" \/>\n<meta property=\"og:site_name\" content=\"AquaSound\" \/>\n<meta property=\"article:modified_time\" content=\"2025-09-11T13:39:33+00:00\" \/>\n<meta property=\"og:image\" content=\"https:\/\/aquasound.eu\/wp-content\/uploads\/SPKCHACHAPRO-W.webp\" \/>\n\t<meta property=\"og:image:width\" content=\"1000\" \/>\n\t<meta property=\"og:image:height\" content=\"1000\" \/>\n\t<meta property=\"og:image:type\" content=\"image\/webp\" \/>\n<meta name=\"twitter:card\" content=\"summary_large_image\" \/>\n<meta name=\"twitter:label1\" content=\"Gesch\u00e4tzte Lesezeit\" \/>\n\t<meta name=\"twitter:data1\" content=\"1\u00a0Minute\" \/>\n<script type=\"application\/ld+json\" class=\"yoast-schema-graph\">{\"@context\":\"https:\\\/\\\/schema.org\",\"@graph\":[{\"@type\":\"WebPage\",\"@id\":\"https:\\\/\\\/aquasound.eu\\\/de\\\/produkt\\\/spkchachapro-w\\\/\",\"url\":\"https:\\\/\\\/aquasound.eu\\\/de\\\/produkt\\\/spkchachapro-w\\\/\",\"name\":\"SPKCHACHAPRO-W Shuffle Aufbau-Lautsprecherset 60 Watt\",\"isPartOf\":{\"@id\":\"https:\\\/\\\/aquasound.eu\\\/nl\\\/#website\"},\"primaryImageOfPage\":{\"@id\":\"https:\\\/\\\/aquasound.eu\\\/de\\\/produkt\\\/spkchachapro-w\\\/#primaryimage\"},\"image\":{\"@id\":\"https:\\\/\\\/aquasound.eu\\\/de\\\/produkt\\\/spkchachapro-w\\\/#primaryimage\"},\"thumbnailUrl\":\"https:\\\/\\\/aquasound.eu\\\/wp-content\\\/uploads\\\/SPKCHACHAPRO-W.webp\",\"datePublished\":\"2025-09-10T12:43:15+00:00\",\"dateModified\":\"2025-09-11T13:39:33+00:00\",\"breadcrumb\":{\"@id\":\"https:\\\/\\\/aquasound.eu\\\/de\\\/produkt\\\/spkchachapro-w\\\/#breadcrumb\"},\"inLanguage\":\"de\",\"potentialAction\":[{\"@type\":\"ReadAction\",\"target\":[\"https:\\\/\\\/aquasound.eu\\\/de\\\/produkt\\\/spkchachapro-w\\\/\"]}]},{\"@type\":\"ImageObject\",\"inLanguage\":\"de\",\"@id\":\"https:\\\/\\\/aquasound.eu\\\/de\\\/produkt\\\/spkchachapro-w\\\/#primaryimage\",\"url\":\"https:\\\/\\\/aquasound.eu\\\/wp-content\\\/uploads\\\/SPKCHACHAPRO-W.webp\",\"contentUrl\":\"https:\\\/\\\/aquasound.eu\\\/wp-content\\\/uploads\\\/SPKCHACHAPRO-W.webp\",\"width\":1000,\"height\":1000},{\"@type\":\"BreadcrumbList\",\"@id\":\"https:\\\/\\\/aquasound.eu\\\/de\\\/produkt\\\/spkchachapro-w\\\/#breadcrumb\",\"itemListElement\":[{\"@type\":\"ListItem\",\"position\":1,\"name\":\"Home\",\"item\":\"https:\\\/\\\/aquasound.eu\\\/de\\\/\"},{\"@type\":\"ListItem\",\"position\":2,\"name\":\"WooCommerce\",\"item\":\"https:\\\/\\\/aquasound.eu\\\/nl\\\/woocommerce\\\/\"},{\"@type\":\"ListItem\",\"position\":3,\"name\":\"SPKCHACHAPRO-W Shuffle Aufbau-Lautsprecherset 60 Watt\"}]},{\"@type\":\"WebSite\",\"@id\":\"https:\\\/\\\/aquasound.eu\\\/nl\\\/#website\",\"url\":\"https:\\\/\\\/aquasound.eu\\\/nl\\\/\",\"name\":\"AquaSound\",\"description\":\"\",\"potentialAction\":[{\"@type\":\"SearchAction\",\"target\":{\"@type\":\"EntryPoint\",\"urlTemplate\":\"https:\\\/\\\/aquasound.eu\\\/nl\\\/?s={search_term_string}\"},\"query-input\":{\"@type\":\"PropertyValueSpecification\",\"valueRequired\":true,\"valueName\":\"search_term_string\"}}],\"inLanguage\":\"de\"}]}<\/script>\n<!-- \/ Yoast SEO plugin. -->","yoast_head_json":{"title":"SPKCHACHAPRO-W Shuffle Aufbau-Lautsprecherset 60 Watt","robots":{"index":"index","follow":"follow","max-snippet":"max-snippet:-1","max-image-preview":"max-image-preview:large","max-video-preview":"max-video-preview:-1"},"canonical":"https:\/\/aquasound.eu\/de\/produkt\/spkchachapro-w\/","og_locale":"de_DE","og_type":"article","og_title":"SPKCHACHAPRO-W Shuffle Aufbau-Lautsprecherset 60 Watt","og_description":"ChaCha Pro erf\u00fcllt Ihre Momente im Freien mit kraftvollem und kristallklarem Klang. Dieser robuste Aufputzlautsprecher mit IPX-Zertifizierung ist widerstandsf\u00e4hig gegen alle Wetterbedingungen und l\u00e4sst sich einfach installieren. Mit seiner \u00fcberragenden Klangqualit\u00e4t bietet ChaCha Pro unvergleichlichen H\u00f6rgenuss, der jede Jahreszeit bereichert. Hinweis: Dies sind separate Lautsprecher. Sie m\u00fcssen diese Lautsprecher trotzdem an einen Verst\u00e4rker anschlie\u00dfen. Technische [&hellip;]","og_url":"https:\/\/aquasound.eu\/de\/produkt\/spkchachapro-w\/","og_site_name":"AquaSound","article_modified_time":"2025-09-11T13:39:33+00:00","og_image":[{"width":1000,"height":1000,"url":"https:\/\/aquasound.eu\/wp-content\/uploads\/SPKCHACHAPRO-W.webp","type":"image\/webp"}],"twitter_card":"summary_large_image","twitter_misc":{"Gesch\u00e4tzte Lesezeit":"1\u00a0Minute"},"schema":{"@context":"https:\/\/schema.org","@graph":[{"@type":"WebPage","@id":"https:\/\/aquasound.eu\/de\/produkt\/spkchachapro-w\/","url":"https:\/\/aquasound.eu\/de\/produkt\/spkchachapro-w\/","name":"SPKCHACHAPRO-W Shuffle Aufbau-Lautsprecherset 60 Watt","isPartOf":{"@id":"https:\/\/aquasound.eu\/nl\/#website"},"primaryImageOfPage":{"@id":"https:\/\/aquasound.eu\/de\/produkt\/spkchachapro-w\/#primaryimage"},"image":{"@id":"https:\/\/aquasound.eu\/de\/produkt\/spkchachapro-w\/#primaryimage"},"thumbnailUrl":"https:\/\/aquasound.eu\/wp-content\/uploads\/SPKCHACHAPRO-W.webp","datePublished":"2025-09-10T12:43:15+00:00","dateModified":"2025-09-11T13:39:33+00:00","breadcrumb":{"@id":"https:\/\/aquasound.eu\/de\/produkt\/spkchachapro-w\/#breadcrumb"},"inLanguage":"de","potentialAction":[{"@type":"ReadAction","target":["https:\/\/aquasound.eu\/de\/produkt\/spkchachapro-w\/"]}]},{"@type":"ImageObject","inLanguage":"de","@id":"https:\/\/aquasound.eu\/de\/produkt\/spkchachapro-w\/#primaryimage","url":"https:\/\/aquasound.eu\/wp-content\/uploads\/SPKCHACHAPRO-W.webp","contentUrl":"https:\/\/aquasound.eu\/wp-content\/uploads\/SPKCHACHAPRO-W.webp","width":1000,"height":1000},{"@type":"BreadcrumbList","@id":"https:\/\/aquasound.eu\/de\/produkt\/spkchachapro-w\/#breadcrumb","itemListElement":[{"@type":"ListItem","position":1,"name":"Home","item":"https:\/\/aquasound.eu\/de\/"},{"@type":"ListItem","position":2,"name":"WooCommerce","item":"https:\/\/aquasound.eu\/nl\/woocommerce\/"},{"@type":"ListItem","position":3,"name":"SPKCHACHAPRO-W Shuffle Aufbau-Lautsprecherset 60 Watt"}]},{"@type":"WebSite","@id":"https:\/\/aquasound.eu\/nl\/#website","url":"https:\/\/aquasound.eu\/nl\/","name":"AquaSound","description":"","potentialAction":[{"@type":"SearchAction","target":{"@type":"EntryPoint","urlTemplate":"https:\/\/aquasound.eu\/nl\/?s={search_term_string}"},"query-input":{"@type":"PropertyValueSpecification","valueRequired":true,"valueName":"search_term_string"}}],"inLanguage":"de"}]}},"_links":{"self":[{"href":"https:\/\/aquasound.eu\/de\/wp-json\/wp\/v2\/product\/32675","targetHints":{"allow":["GET"]}}],"collection":[{"href":"https:\/\/aquasound.eu\/de\/wp-json\/wp\/v2\/product"}],"about":[{"href":"https:\/\/aquasound.eu\/de\/wp-json\/wp\/v2\/types\/product"}],"wp:featuredmedia":[{"embeddable":true,"href":"https:\/\/aquasound.eu\/de\/wp-json\/wp\/v2\/media\/32615"}],"wp:attachment":[{"href":"https:\/\/aquasound.eu\/de\/wp-json\/wp\/v2\/media?parent=32675"}],"wp:term":[{"taxonomy":"product_brand","embeddable":true,"href":"https:\/\/aquasound.eu\/de\/wp-json\/wp\/v2\/product_brand?post=32675"},{"taxonomy":"product_cat","embeddable":true,"href":"https:\/\/aquasound.eu\/de\/wp-json\/wp\/v2\/product_cat?post=32675"},{"taxonomy":"product_tag","embeddable":true,"href":"https:\/\/aquasound.eu\/de\/wp-json\/wp\/v2\/product_tag?post=32675"}],"curies":[{"name":"wp","href":"https:\/\/api.w.org\/{rel}","templated":true}]}}