{"id":31548,"date":"2025-03-12T13:50:25","date_gmt":"2025-03-12T12:50:25","guid":{"rendered":"https:\/\/aquasound.eu\/?post_type=product&#038;p=31548"},"modified":"2025-06-23T11:06:06","modified_gmt":"2025-06-23T09:06:06","slug":"spk-grill","status":"publish","type":"product","link":"https:\/\/aquasound.eu\/de\/produkt\/spk-grill\/","title":{"rendered":"<B>SPK-GRILL<\/b> <BR>Loser Lautsprechergrill f\u00fcr Rumba, Samba, Zumba"},"content":{"rendered":"<p>Dieser einzelne Lautsprechergrill ist f\u00fcr die Deckenlautsprecher Rumba, Samba und Zumba geeignet und in verschiedenen Farben erh\u00e4ltlich. Ideal als Ersatz oder zum einfachen Farbwechsel. Dank der praktischen Magnetbefestigung ist das Auswechseln des Gitters ein Kinderspiel.<\/p>\n<p><em>Das Produktfoto passt sich automatisch an, sobald Sie sowohl die Farbe als auch den Lautsprechertyp ausw\u00e4hlen.<\/em><\/p>\n","protected":false},"excerpt":{"rendered":"<p>Dieser einzelne Lautsprechergrill ist f\u00fcr die Deckenlautsprecher Rumba, Samba und Zumba geeignet und in verschiedenen Farben erh\u00e4ltlich. Ideal als Ersatz oder zum einfachen Farbwechsel. Dank der praktischen Magnetbefestigung ist das Auswechseln des Gitters ein Kinderspiel. Das Produktfoto passt sich automatisch an, sobald Sie sowohl die Farbe als auch den Lautsprechertyp ausw\u00e4hlen.<\/p>\n","protected":false},"featured_media":31492,"template":"","meta":[],"product_brand":[],"product_cat":[66],"product_tag":[],"class_list":{"0":"post-31548","1":"product","2":"type-product","3":"status-publish","4":"has-post-thumbnail","6":"product_cat-zubehor","8":"first","9":"instock","10":"taxable","11":"shipping-taxable","12":"purchasable","13":"product-type-variable"},"yoast_head":"<!-- This site is optimized with the Yoast SEO plugin v27.4 - https:\/\/yoast.com\/product\/yoast-seo-wordpress\/ -->\n<title>SPK-GRILL Loser Lautsprechergrill f\u00fcr Rumba, Samba, Zumba<\/title>\n<meta name=\"robots\" content=\"index, follow, max-snippet:-1, max-image-preview:large, max-video-preview:-1\" \/>\n<link rel=\"canonical\" href=\"https:\/\/aquasound.eu\/de\/produkt\/spk-grill\/\" \/>\n<meta property=\"og:locale\" content=\"de_DE\" \/>\n<meta property=\"og:type\" content=\"article\" \/>\n<meta property=\"og:title\" content=\"SPK-GRILL Loser Lautsprechergrill f\u00fcr Rumba, Samba, Zumba\" \/>\n<meta property=\"og:description\" content=\"Dieser einzelne Lautsprechergrill ist f\u00fcr die Deckenlautsprecher Rumba, Samba und Zumba geeignet und in verschiedenen Farben erh\u00e4ltlich. Ideal als Ersatz oder zum einfachen Farbwechsel. Dank der praktischen Magnetbefestigung ist das Auswechseln des Gitters ein Kinderspiel. Das Produktfoto passt sich automatisch an, sobald Sie sowohl die Farbe als auch den Lautsprechertyp ausw\u00e4hlen.\" \/>\n<meta property=\"og:url\" content=\"https:\/\/aquasound.eu\/de\/produkt\/spk-grill\/\" \/>\n<meta property=\"og:site_name\" content=\"AquaSound\" \/>\n<meta property=\"article:modified_time\" content=\"2025-06-23T09:06:06+00:00\" \/>\n<meta property=\"og:image\" content=\"https:\/\/aquasound.eu\/wp-content\/uploads\/SPK-GRILL-K.webp\" \/>\n\t<meta property=\"og:image:width\" content=\"1000\" \/>\n\t<meta property=\"og:image:height\" content=\"1000\" \/>\n\t<meta property=\"og:image:type\" content=\"image\/webp\" \/>\n<meta name=\"twitter:card\" content=\"summary_large_image\" \/>\n<meta name=\"twitter:label1\" content=\"Gesch\u00e4tzte Lesezeit\" \/>\n\t<meta name=\"twitter:data1\" content=\"1\u00a0Minute\" \/>\n<script type=\"application\/ld+json\" class=\"yoast-schema-graph\">{\"@context\":\"https:\\\/\\\/schema.org\",\"@graph\":[{\"@type\":\"WebPage\",\"@id\":\"https:\\\/\\\/aquasound.eu\\\/de\\\/produkt\\\/spk-grill\\\/\",\"url\":\"https:\\\/\\\/aquasound.eu\\\/de\\\/produkt\\\/spk-grill\\\/\",\"name\":\"SPK-GRILL Loser Lautsprechergrill f\u00fcr Rumba, Samba, Zumba\",\"isPartOf\":{\"@id\":\"https:\\\/\\\/aquasound.eu\\\/nl\\\/#website\"},\"primaryImageOfPage\":{\"@id\":\"https:\\\/\\\/aquasound.eu\\\/de\\\/produkt\\\/spk-grill\\\/#primaryimage\"},\"image\":{\"@id\":\"https:\\\/\\\/aquasound.eu\\\/de\\\/produkt\\\/spk-grill\\\/#primaryimage\"},\"thumbnailUrl\":\"https:\\\/\\\/aquasound.eu\\\/wp-content\\\/uploads\\\/SPK-GRILL-K.webp\",\"datePublished\":\"2025-03-12T12:50:25+00:00\",\"dateModified\":\"2025-06-23T09:06:06+00:00\",\"breadcrumb\":{\"@id\":\"https:\\\/\\\/aquasound.eu\\\/de\\\/produkt\\\/spk-grill\\\/#breadcrumb\"},\"inLanguage\":\"de\",\"potentialAction\":[{\"@type\":\"ReadAction\",\"target\":[\"https:\\\/\\\/aquasound.eu\\\/de\\\/produkt\\\/spk-grill\\\/\"]}]},{\"@type\":\"ImageObject\",\"inLanguage\":\"de\",\"@id\":\"https:\\\/\\\/aquasound.eu\\\/de\\\/produkt\\\/spk-grill\\\/#primaryimage\",\"url\":\"https:\\\/\\\/aquasound.eu\\\/wp-content\\\/uploads\\\/SPK-GRILL-K.webp\",\"contentUrl\":\"https:\\\/\\\/aquasound.eu\\\/wp-content\\\/uploads\\\/SPK-GRILL-K.webp\",\"width\":1000,\"height\":1000},{\"@type\":\"BreadcrumbList\",\"@id\":\"https:\\\/\\\/aquasound.eu\\\/de\\\/produkt\\\/spk-grill\\\/#breadcrumb\",\"itemListElement\":[{\"@type\":\"ListItem\",\"position\":1,\"name\":\"Home\",\"item\":\"https:\\\/\\\/aquasound.eu\\\/de\\\/\"},{\"@type\":\"ListItem\",\"position\":2,\"name\":\"WooCommerce\",\"item\":\"https:\\\/\\\/aquasound.eu\\\/nl\\\/woocommerce\\\/\"},{\"@type\":\"ListItem\",\"position\":3,\"name\":\"SPK-GRILL Loser Lautsprechergrill f\u00fcr Rumba, Samba, Zumba\"}]},{\"@type\":\"WebSite\",\"@id\":\"https:\\\/\\\/aquasound.eu\\\/nl\\\/#website\",\"url\":\"https:\\\/\\\/aquasound.eu\\\/nl\\\/\",\"name\":\"AquaSound\",\"description\":\"\",\"potentialAction\":[{\"@type\":\"SearchAction\",\"target\":{\"@type\":\"EntryPoint\",\"urlTemplate\":\"https:\\\/\\\/aquasound.eu\\\/nl\\\/?s={search_term_string}\"},\"query-input\":{\"@type\":\"PropertyValueSpecification\",\"valueRequired\":true,\"valueName\":\"search_term_string\"}}],\"inLanguage\":\"de\"}]}<\/script>\n<!-- \/ Yoast SEO plugin. -->","yoast_head_json":{"title":"SPK-GRILL Loser Lautsprechergrill f\u00fcr Rumba, Samba, Zumba","robots":{"index":"index","follow":"follow","max-snippet":"max-snippet:-1","max-image-preview":"max-image-preview:large","max-video-preview":"max-video-preview:-1"},"canonical":"https:\/\/aquasound.eu\/de\/produkt\/spk-grill\/","og_locale":"de_DE","og_type":"article","og_title":"SPK-GRILL Loser Lautsprechergrill f\u00fcr Rumba, Samba, Zumba","og_description":"Dieser einzelne Lautsprechergrill ist f\u00fcr die Deckenlautsprecher Rumba, Samba und Zumba geeignet und in verschiedenen Farben erh\u00e4ltlich. Ideal als Ersatz oder zum einfachen Farbwechsel. Dank der praktischen Magnetbefestigung ist das Auswechseln des Gitters ein Kinderspiel. Das Produktfoto passt sich automatisch an, sobald Sie sowohl die Farbe als auch den Lautsprechertyp ausw\u00e4hlen.","og_url":"https:\/\/aquasound.eu\/de\/produkt\/spk-grill\/","og_site_name":"AquaSound","article_modified_time":"2025-06-23T09:06:06+00:00","og_image":[{"width":1000,"height":1000,"url":"https:\/\/aquasound.eu\/wp-content\/uploads\/SPK-GRILL-K.webp","type":"image\/webp"}],"twitter_card":"summary_large_image","twitter_misc":{"Gesch\u00e4tzte Lesezeit":"1\u00a0Minute"},"schema":{"@context":"https:\/\/schema.org","@graph":[{"@type":"WebPage","@id":"https:\/\/aquasound.eu\/de\/produkt\/spk-grill\/","url":"https:\/\/aquasound.eu\/de\/produkt\/spk-grill\/","name":"SPK-GRILL Loser Lautsprechergrill f\u00fcr Rumba, Samba, Zumba","isPartOf":{"@id":"https:\/\/aquasound.eu\/nl\/#website"},"primaryImageOfPage":{"@id":"https:\/\/aquasound.eu\/de\/produkt\/spk-grill\/#primaryimage"},"image":{"@id":"https:\/\/aquasound.eu\/de\/produkt\/spk-grill\/#primaryimage"},"thumbnailUrl":"https:\/\/aquasound.eu\/wp-content\/uploads\/SPK-GRILL-K.webp","datePublished":"2025-03-12T12:50:25+00:00","dateModified":"2025-06-23T09:06:06+00:00","breadcrumb":{"@id":"https:\/\/aquasound.eu\/de\/produkt\/spk-grill\/#breadcrumb"},"inLanguage":"de","potentialAction":[{"@type":"ReadAction","target":["https:\/\/aquasound.eu\/de\/produkt\/spk-grill\/"]}]},{"@type":"ImageObject","inLanguage":"de","@id":"https:\/\/aquasound.eu\/de\/produkt\/spk-grill\/#primaryimage","url":"https:\/\/aquasound.eu\/wp-content\/uploads\/SPK-GRILL-K.webp","contentUrl":"https:\/\/aquasound.eu\/wp-content\/uploads\/SPK-GRILL-K.webp","width":1000,"height":1000},{"@type":"BreadcrumbList","@id":"https:\/\/aquasound.eu\/de\/produkt\/spk-grill\/#breadcrumb","itemListElement":[{"@type":"ListItem","position":1,"name":"Home","item":"https:\/\/aquasound.eu\/de\/"},{"@type":"ListItem","position":2,"name":"WooCommerce","item":"https:\/\/aquasound.eu\/nl\/woocommerce\/"},{"@type":"ListItem","position":3,"name":"SPK-GRILL Loser Lautsprechergrill f\u00fcr Rumba, Samba, Zumba"}]},{"@type":"WebSite","@id":"https:\/\/aquasound.eu\/nl\/#website","url":"https:\/\/aquasound.eu\/nl\/","name":"AquaSound","description":"","potentialAction":[{"@type":"SearchAction","target":{"@type":"EntryPoint","urlTemplate":"https:\/\/aquasound.eu\/nl\/?s={search_term_string}"},"query-input":{"@type":"PropertyValueSpecification","valueRequired":true,"valueName":"search_term_string"}}],"inLanguage":"de"}]}},"_links":{"self":[{"href":"https:\/\/aquasound.eu\/de\/wp-json\/wp\/v2\/product\/31548","targetHints":{"allow":["GET"]}}],"collection":[{"href":"https:\/\/aquasound.eu\/de\/wp-json\/wp\/v2\/product"}],"about":[{"href":"https:\/\/aquasound.eu\/de\/wp-json\/wp\/v2\/types\/product"}],"wp:featuredmedia":[{"embeddable":true,"href":"https:\/\/aquasound.eu\/de\/wp-json\/wp\/v2\/media\/31492"}],"wp:attachment":[{"href":"https:\/\/aquasound.eu\/de\/wp-json\/wp\/v2\/media?parent=31548"}],"wp:term":[{"taxonomy":"product_brand","embeddable":true,"href":"https:\/\/aquasound.eu\/de\/wp-json\/wp\/v2\/product_brand?post=31548"},{"taxonomy":"product_cat","embeddable":true,"href":"https:\/\/aquasound.eu\/de\/wp-json\/wp\/v2\/product_cat?post=31548"},{"taxonomy":"product_tag","embeddable":true,"href":"https:\/\/aquasound.eu\/de\/wp-json\/wp\/v2\/product_tag?post=31548"}],"curies":[{"name":"wp","href":"https:\/\/api.w.org\/{rel}","templated":true}]}}