{"id":31358,"date":"2025-02-18T11:35:11","date_gmt":"2025-02-18T10:35:11","guid":{"rendered":"https:\/\/aquasound.eu\/?post_type=product&#038;p=31358"},"modified":"2025-02-18T13:02:00","modified_gmt":"2025-02-18T12:02:00","slug":"emn-dc","status":"publish","type":"product","link":"https:\/\/aquasound.eu\/de\/produkt\/emn-dc\/","title":{"rendered":"<B>EMN-DC<\/b> <BR>St\u00e4nderhalter f\u00fcr N-Joy Connect"},"content":{"rendered":"<p><span class=\"--l sentence_highlight\">Standhalterung f\u00fcr das EMN16CTRL N-Joy Connect Controller.<\/span><\/p>\n<p><span class=\"--l --r sentence_highlight\">Dieser praktische Halter bietet eine stilvolle und funktionelle L\u00f6sung, um den Controller einfach auf dem Waschbecken oder der Arbeitsplatte zu platzieren. <\/span><span class=\"--l sentence_highlight\">Im Gegensatz zum \u00fcblichen Wandladeger\u00e4t, das den Controller auf der R\u00fcckseite aufl\u00e4dt, k\u00f6nnen Sie den Controller mit dieser Halterung freistehend verwenden, sodass er immer in Reichweite ist.<\/span><\/p>\n<p><span class=\"--l --r sentence_highlight\">Wird komplett mit Kabel und Adapter geliefert.<\/span><\/p>\n","protected":false},"excerpt":{"rendered":"<p>Standhalterung f\u00fcr das EMN16CTRL N-Joy Connect Controller. Dieser praktische Halter bietet eine stilvolle und funktionelle L\u00f6sung, um den Controller einfach auf dem Waschbecken oder der Arbeitsplatte zu platzieren. Im Gegensatz zum \u00fcblichen Wandladeger\u00e4t, das den Controller auf der R\u00fcckseite aufl\u00e4dt, k\u00f6nnen Sie den Controller mit dieser Halterung freistehend verwenden, sodass er immer in Reichweite ist. [&hellip;]<\/p>\n","protected":false},"featured_media":31330,"template":"","meta":[],"product_brand":[],"product_cat":[66],"product_tag":[],"class_list":{"0":"post-31358","1":"product","2":"type-product","3":"status-publish","4":"has-post-thumbnail","6":"product_cat-zubehor","8":"first","9":"instock","10":"taxable","11":"shipping-taxable","12":"purchasable","13":"product-type-simple"},"yoast_head":"<!-- This site is optimized with the Yoast SEO plugin v27.4 - https:\/\/yoast.com\/product\/yoast-seo-wordpress\/ -->\n<title>EMN-DC St\u00e4nderhalter f\u00fcr N-Joy Connect<\/title>\n<meta name=\"robots\" content=\"index, follow, max-snippet:-1, max-image-preview:large, max-video-preview:-1\" \/>\n<link rel=\"canonical\" href=\"https:\/\/aquasound.eu\/de\/produkt\/emn-dc\/\" \/>\n<meta property=\"og:locale\" content=\"de_DE\" \/>\n<meta property=\"og:type\" content=\"article\" \/>\n<meta property=\"og:title\" content=\"EMN-DC St\u00e4nderhalter f\u00fcr N-Joy Connect\" \/>\n<meta property=\"og:description\" content=\"Standhalterung f\u00fcr das EMN16CTRL N-Joy Connect Controller. Dieser praktische Halter bietet eine stilvolle und funktionelle L\u00f6sung, um den Controller einfach auf dem Waschbecken oder der Arbeitsplatte zu platzieren. Im Gegensatz zum \u00fcblichen Wandladeger\u00e4t, das den Controller auf der R\u00fcckseite aufl\u00e4dt, k\u00f6nnen Sie den Controller mit dieser Halterung freistehend verwenden, sodass er immer in Reichweite ist. [&hellip;]\" \/>\n<meta property=\"og:url\" content=\"https:\/\/aquasound.eu\/de\/produkt\/emn-dc\/\" \/>\n<meta property=\"og:site_name\" content=\"AquaSound\" \/>\n<meta property=\"article:modified_time\" content=\"2025-02-18T12:02:00+00:00\" \/>\n<meta property=\"og:image\" content=\"https:\/\/aquasound.eu\/wp-content\/uploads\/EMC-HOUDER1.webp\" \/>\n\t<meta property=\"og:image:width\" content=\"1000\" \/>\n\t<meta property=\"og:image:height\" content=\"1000\" \/>\n\t<meta property=\"og:image:type\" content=\"image\/webp\" \/>\n<meta name=\"twitter:card\" content=\"summary_large_image\" \/>\n<meta name=\"twitter:label1\" content=\"Gesch\u00e4tzte Lesezeit\" \/>\n\t<meta name=\"twitter:data1\" content=\"1\u00a0Minute\" \/>\n<script type=\"application\/ld+json\" class=\"yoast-schema-graph\">{\"@context\":\"https:\\\/\\\/schema.org\",\"@graph\":[{\"@type\":\"WebPage\",\"@id\":\"https:\\\/\\\/aquasound.eu\\\/de\\\/produkt\\\/emn-dc\\\/\",\"url\":\"https:\\\/\\\/aquasound.eu\\\/de\\\/produkt\\\/emn-dc\\\/\",\"name\":\"EMN-DC St\u00e4nderhalter f\u00fcr N-Joy Connect\",\"isPartOf\":{\"@id\":\"https:\\\/\\\/aquasound.eu\\\/nl\\\/#website\"},\"primaryImageOfPage\":{\"@id\":\"https:\\\/\\\/aquasound.eu\\\/de\\\/produkt\\\/emn-dc\\\/#primaryimage\"},\"image\":{\"@id\":\"https:\\\/\\\/aquasound.eu\\\/de\\\/produkt\\\/emn-dc\\\/#primaryimage\"},\"thumbnailUrl\":\"https:\\\/\\\/aquasound.eu\\\/wp-content\\\/uploads\\\/EMC-HOUDER1.webp\",\"datePublished\":\"2025-02-18T10:35:11+00:00\",\"dateModified\":\"2025-02-18T12:02:00+00:00\",\"breadcrumb\":{\"@id\":\"https:\\\/\\\/aquasound.eu\\\/de\\\/produkt\\\/emn-dc\\\/#breadcrumb\"},\"inLanguage\":\"de\",\"potentialAction\":[{\"@type\":\"ReadAction\",\"target\":[\"https:\\\/\\\/aquasound.eu\\\/de\\\/produkt\\\/emn-dc\\\/\"]}]},{\"@type\":\"ImageObject\",\"inLanguage\":\"de\",\"@id\":\"https:\\\/\\\/aquasound.eu\\\/de\\\/produkt\\\/emn-dc\\\/#primaryimage\",\"url\":\"https:\\\/\\\/aquasound.eu\\\/wp-content\\\/uploads\\\/EMC-HOUDER1.webp\",\"contentUrl\":\"https:\\\/\\\/aquasound.eu\\\/wp-content\\\/uploads\\\/EMC-HOUDER1.webp\",\"width\":1000,\"height\":1000},{\"@type\":\"BreadcrumbList\",\"@id\":\"https:\\\/\\\/aquasound.eu\\\/de\\\/produkt\\\/emn-dc\\\/#breadcrumb\",\"itemListElement\":[{\"@type\":\"ListItem\",\"position\":1,\"name\":\"Home\",\"item\":\"https:\\\/\\\/aquasound.eu\\\/de\\\/\"},{\"@type\":\"ListItem\",\"position\":2,\"name\":\"WooCommerce\",\"item\":\"https:\\\/\\\/aquasound.eu\\\/nl\\\/woocommerce\\\/\"},{\"@type\":\"ListItem\",\"position\":3,\"name\":\"EMN-DC St\u00e4nderhalter f\u00fcr N-Joy Connect\"}]},{\"@type\":\"WebSite\",\"@id\":\"https:\\\/\\\/aquasound.eu\\\/nl\\\/#website\",\"url\":\"https:\\\/\\\/aquasound.eu\\\/nl\\\/\",\"name\":\"AquaSound\",\"description\":\"\",\"potentialAction\":[{\"@type\":\"SearchAction\",\"target\":{\"@type\":\"EntryPoint\",\"urlTemplate\":\"https:\\\/\\\/aquasound.eu\\\/nl\\\/?s={search_term_string}\"},\"query-input\":{\"@type\":\"PropertyValueSpecification\",\"valueRequired\":true,\"valueName\":\"search_term_string\"}}],\"inLanguage\":\"de\"}]}<\/script>\n<!-- \/ Yoast SEO plugin. -->","yoast_head_json":{"title":"EMN-DC St\u00e4nderhalter f\u00fcr N-Joy Connect","robots":{"index":"index","follow":"follow","max-snippet":"max-snippet:-1","max-image-preview":"max-image-preview:large","max-video-preview":"max-video-preview:-1"},"canonical":"https:\/\/aquasound.eu\/de\/produkt\/emn-dc\/","og_locale":"de_DE","og_type":"article","og_title":"EMN-DC St\u00e4nderhalter f\u00fcr N-Joy Connect","og_description":"Standhalterung f\u00fcr das EMN16CTRL N-Joy Connect Controller. Dieser praktische Halter bietet eine stilvolle und funktionelle L\u00f6sung, um den Controller einfach auf dem Waschbecken oder der Arbeitsplatte zu platzieren. Im Gegensatz zum \u00fcblichen Wandladeger\u00e4t, das den Controller auf der R\u00fcckseite aufl\u00e4dt, k\u00f6nnen Sie den Controller mit dieser Halterung freistehend verwenden, sodass er immer in Reichweite ist. [&hellip;]","og_url":"https:\/\/aquasound.eu\/de\/produkt\/emn-dc\/","og_site_name":"AquaSound","article_modified_time":"2025-02-18T12:02:00+00:00","og_image":[{"width":1000,"height":1000,"url":"https:\/\/aquasound.eu\/wp-content\/uploads\/EMC-HOUDER1.webp","type":"image\/webp"}],"twitter_card":"summary_large_image","twitter_misc":{"Gesch\u00e4tzte Lesezeit":"1\u00a0Minute"},"schema":{"@context":"https:\/\/schema.org","@graph":[{"@type":"WebPage","@id":"https:\/\/aquasound.eu\/de\/produkt\/emn-dc\/","url":"https:\/\/aquasound.eu\/de\/produkt\/emn-dc\/","name":"EMN-DC St\u00e4nderhalter f\u00fcr N-Joy Connect","isPartOf":{"@id":"https:\/\/aquasound.eu\/nl\/#website"},"primaryImageOfPage":{"@id":"https:\/\/aquasound.eu\/de\/produkt\/emn-dc\/#primaryimage"},"image":{"@id":"https:\/\/aquasound.eu\/de\/produkt\/emn-dc\/#primaryimage"},"thumbnailUrl":"https:\/\/aquasound.eu\/wp-content\/uploads\/EMC-HOUDER1.webp","datePublished":"2025-02-18T10:35:11+00:00","dateModified":"2025-02-18T12:02:00+00:00","breadcrumb":{"@id":"https:\/\/aquasound.eu\/de\/produkt\/emn-dc\/#breadcrumb"},"inLanguage":"de","potentialAction":[{"@type":"ReadAction","target":["https:\/\/aquasound.eu\/de\/produkt\/emn-dc\/"]}]},{"@type":"ImageObject","inLanguage":"de","@id":"https:\/\/aquasound.eu\/de\/produkt\/emn-dc\/#primaryimage","url":"https:\/\/aquasound.eu\/wp-content\/uploads\/EMC-HOUDER1.webp","contentUrl":"https:\/\/aquasound.eu\/wp-content\/uploads\/EMC-HOUDER1.webp","width":1000,"height":1000},{"@type":"BreadcrumbList","@id":"https:\/\/aquasound.eu\/de\/produkt\/emn-dc\/#breadcrumb","itemListElement":[{"@type":"ListItem","position":1,"name":"Home","item":"https:\/\/aquasound.eu\/de\/"},{"@type":"ListItem","position":2,"name":"WooCommerce","item":"https:\/\/aquasound.eu\/nl\/woocommerce\/"},{"@type":"ListItem","position":3,"name":"EMN-DC St\u00e4nderhalter f\u00fcr N-Joy Connect"}]},{"@type":"WebSite","@id":"https:\/\/aquasound.eu\/nl\/#website","url":"https:\/\/aquasound.eu\/nl\/","name":"AquaSound","description":"","potentialAction":[{"@type":"SearchAction","target":{"@type":"EntryPoint","urlTemplate":"https:\/\/aquasound.eu\/nl\/?s={search_term_string}"},"query-input":{"@type":"PropertyValueSpecification","valueRequired":true,"valueName":"search_term_string"}}],"inLanguage":"de"}]}},"_links":{"self":[{"href":"https:\/\/aquasound.eu\/de\/wp-json\/wp\/v2\/product\/31358","targetHints":{"allow":["GET"]}}],"collection":[{"href":"https:\/\/aquasound.eu\/de\/wp-json\/wp\/v2\/product"}],"about":[{"href":"https:\/\/aquasound.eu\/de\/wp-json\/wp\/v2\/types\/product"}],"wp:featuredmedia":[{"embeddable":true,"href":"https:\/\/aquasound.eu\/de\/wp-json\/wp\/v2\/media\/31330"}],"wp:attachment":[{"href":"https:\/\/aquasound.eu\/de\/wp-json\/wp\/v2\/media?parent=31358"}],"wp:term":[{"taxonomy":"product_brand","embeddable":true,"href":"https:\/\/aquasound.eu\/de\/wp-json\/wp\/v2\/product_brand?post=31358"},{"taxonomy":"product_cat","embeddable":true,"href":"https:\/\/aquasound.eu\/de\/wp-json\/wp\/v2\/product_cat?post=31358"},{"taxonomy":"product_tag","embeddable":true,"href":"https:\/\/aquasound.eu\/de\/wp-json\/wp\/v2\/product_tag?post=31358"}],"curies":[{"name":"wp","href":"https:\/\/api.w.org\/{rel}","templated":true}]}}