{"id":31200,"date":"2025-02-05T15:56:51","date_gmt":"2025-02-05T14:56:51","guid":{"rendered":"https:\/\/aquasound.eu\/product\/wma-ab-fernbedienung-fuer-verstaerker-vom-typ-wma\/"},"modified":"2025-02-12T14:38:57","modified_gmt":"2025-02-12T13:38:57","slug":"wma-ab","status":"publish","type":"product","link":"https:\/\/aquasound.eu\/de\/produkt\/wma-ab\/","title":{"rendered":"<b>WMA-AB<\/b> <br>Fernbedienung f\u00fcr Verst\u00e4rker vom Typ WMA"},"content":{"rendered":"<p>Steuern Sie Ihr WiFi-Audiosystem mit der WMA-AB-Fernbedienung, die speziell f\u00fcr alle WMA-Verst\u00e4rker von AquaSound entwickelt wurde.<\/p>\n<p><strong>Kompatibilit\u00e4t: <\/strong>Funktioniert nahtlos mit allen Verst\u00e4rkern des Typs WMA von AquaSound.<\/p>\n<p><strong>Benutzerfreundlichkeit: <\/strong>Einfaches \u00c4ndern der Lautst\u00e4rke, Umschalten von Titeln oder Einstellen des Equalizers.<\/p>\n<p><strong>Einbau: <\/strong>Obwohl wir normalerweise empfehlen, den Verst\u00e4rker durch die Lautsprecher\u00f6ffnung hinter der Decke zu platzieren, erfordert die Verwendung dieser Fernbedienung eine sichtbare Platzierung des Verst\u00e4rkers. Stellen Sie sicher, dass der Verst\u00e4rker so platziert wird, dass er f\u00fcr die Fernbedienung sichtbar ist.<\/p>\n<p><strong>Technische Daten<\/strong><\/p>\n<ul>\n<li>Reichweite: bis zu 5 Meter im offenen Raum.<\/li>\n<li>Batterie: 2x AAA (mitgeliefert)<\/li>\n<li>Abmessungen: 150mm x 40mm x 23mm<\/li>\n<\/ul>\n","protected":false},"excerpt":{"rendered":"<p>Steuern Sie Ihr WiFi-Audiosystem mit der WMA-AB-Fernbedienung, die speziell f\u00fcr alle WMA-Verst\u00e4rker von AquaSound entwickelt wurde. Kompatibilit\u00e4t: Funktioniert nahtlos mit allen Verst\u00e4rkern des Typs WMA von AquaSound. Benutzerfreundlichkeit: Einfaches \u00c4ndern der Lautst\u00e4rke, Umschalten von Titeln oder Einstellen des Equalizers. Einbau: Obwohl wir normalerweise empfehlen, den Verst\u00e4rker durch die Lautsprecher\u00f6ffnung hinter der Decke zu platzieren, erfordert [&hellip;]<\/p>\n","protected":false},"featured_media":31170,"template":"","meta":[],"product_brand":[],"product_cat":[66],"product_tag":[],"class_list":{"0":"post-31200","1":"product","2":"type-product","3":"status-publish","4":"has-post-thumbnail","6":"product_cat-zubehor","8":"first","9":"instock","10":"taxable","11":"shipping-taxable","12":"purchasable","13":"product-type-variable"},"yoast_head":"<!-- This site is optimized with the Yoast SEO plugin v27.3 - https:\/\/yoast.com\/product\/yoast-seo-wordpress\/ -->\n<title>WMA-AB Fernbedienung f\u00fcr Verst\u00e4rker vom Typ WMA<\/title>\n<meta name=\"robots\" content=\"index, follow, max-snippet:-1, max-image-preview:large, max-video-preview:-1\" \/>\n<link rel=\"canonical\" href=\"https:\/\/aquasound.eu\/de\/produkt\/wma-ab\/\" \/>\n<meta property=\"og:locale\" content=\"de_DE\" \/>\n<meta property=\"og:type\" content=\"article\" \/>\n<meta property=\"og:title\" content=\"WMA-AB Fernbedienung f\u00fcr Verst\u00e4rker vom Typ WMA\" \/>\n<meta property=\"og:description\" content=\"Steuern Sie Ihr WiFi-Audiosystem mit der WMA-AB-Fernbedienung, die speziell f\u00fcr alle WMA-Verst\u00e4rker von AquaSound entwickelt wurde. Kompatibilit\u00e4t: Funktioniert nahtlos mit allen Verst\u00e4rkern des Typs WMA von AquaSound. Benutzerfreundlichkeit: Einfaches \u00c4ndern der Lautst\u00e4rke, Umschalten von Titeln oder Einstellen des Equalizers. Einbau: Obwohl wir normalerweise empfehlen, den Verst\u00e4rker durch die Lautsprecher\u00f6ffnung hinter der Decke zu platzieren, erfordert [&hellip;]\" \/>\n<meta property=\"og:url\" content=\"https:\/\/aquasound.eu\/de\/produkt\/wma-ab\/\" \/>\n<meta property=\"og:site_name\" content=\"AquaSound\" \/>\n<meta property=\"article:modified_time\" content=\"2025-02-12T13:38:57+00:00\" \/>\n<meta property=\"og:image\" content=\"https:\/\/aquasound.eu\/wp-content\/uploads\/WMA-AB.webp\" \/>\n\t<meta property=\"og:image:width\" content=\"1000\" \/>\n\t<meta property=\"og:image:height\" content=\"1000\" \/>\n\t<meta property=\"og:image:type\" content=\"image\/webp\" \/>\n<meta name=\"twitter:card\" content=\"summary_large_image\" \/>\n<meta name=\"twitter:label1\" content=\"Gesch\u00e4tzte Lesezeit\" \/>\n\t<meta name=\"twitter:data1\" content=\"1\u00a0Minute\" \/>\n<script type=\"application\/ld+json\" class=\"yoast-schema-graph\">{\"@context\":\"https:\\\/\\\/schema.org\",\"@graph\":[{\"@type\":\"WebPage\",\"@id\":\"https:\\\/\\\/aquasound.eu\\\/de\\\/produkt\\\/wma-ab\\\/\",\"url\":\"https:\\\/\\\/aquasound.eu\\\/de\\\/produkt\\\/wma-ab\\\/\",\"name\":\"WMA-AB Fernbedienung f\u00fcr Verst\u00e4rker vom Typ WMA\",\"isPartOf\":{\"@id\":\"https:\\\/\\\/aquasound.eu\\\/nl\\\/#website\"},\"primaryImageOfPage\":{\"@id\":\"https:\\\/\\\/aquasound.eu\\\/de\\\/produkt\\\/wma-ab\\\/#primaryimage\"},\"image\":{\"@id\":\"https:\\\/\\\/aquasound.eu\\\/de\\\/produkt\\\/wma-ab\\\/#primaryimage\"},\"thumbnailUrl\":\"https:\\\/\\\/aquasound.eu\\\/wp-content\\\/uploads\\\/WMA-AB.webp\",\"datePublished\":\"2025-02-05T14:56:51+00:00\",\"dateModified\":\"2025-02-12T13:38:57+00:00\",\"breadcrumb\":{\"@id\":\"https:\\\/\\\/aquasound.eu\\\/de\\\/produkt\\\/wma-ab\\\/#breadcrumb\"},\"inLanguage\":\"de\",\"potentialAction\":[{\"@type\":\"ReadAction\",\"target\":[\"https:\\\/\\\/aquasound.eu\\\/de\\\/produkt\\\/wma-ab\\\/\"]}]},{\"@type\":\"ImageObject\",\"inLanguage\":\"de\",\"@id\":\"https:\\\/\\\/aquasound.eu\\\/de\\\/produkt\\\/wma-ab\\\/#primaryimage\",\"url\":\"https:\\\/\\\/aquasound.eu\\\/wp-content\\\/uploads\\\/WMA-AB.webp\",\"contentUrl\":\"https:\\\/\\\/aquasound.eu\\\/wp-content\\\/uploads\\\/WMA-AB.webp\",\"width\":1000,\"height\":1000},{\"@type\":\"BreadcrumbList\",\"@id\":\"https:\\\/\\\/aquasound.eu\\\/de\\\/produkt\\\/wma-ab\\\/#breadcrumb\",\"itemListElement\":[{\"@type\":\"ListItem\",\"position\":1,\"name\":\"Home\",\"item\":\"https:\\\/\\\/aquasound.eu\\\/de\\\/\"},{\"@type\":\"ListItem\",\"position\":2,\"name\":\"WooCommerce\",\"item\":\"https:\\\/\\\/aquasound.eu\\\/nl\\\/woocommerce\\\/\"},{\"@type\":\"ListItem\",\"position\":3,\"name\":\"WMA-AB Fernbedienung f\u00fcr Verst\u00e4rker vom Typ WMA\"}]},{\"@type\":\"WebSite\",\"@id\":\"https:\\\/\\\/aquasound.eu\\\/nl\\\/#website\",\"url\":\"https:\\\/\\\/aquasound.eu\\\/nl\\\/\",\"name\":\"AquaSound\",\"description\":\"\",\"potentialAction\":[{\"@type\":\"SearchAction\",\"target\":{\"@type\":\"EntryPoint\",\"urlTemplate\":\"https:\\\/\\\/aquasound.eu\\\/nl\\\/?s={search_term_string}\"},\"query-input\":{\"@type\":\"PropertyValueSpecification\",\"valueRequired\":true,\"valueName\":\"search_term_string\"}}],\"inLanguage\":\"de\"}]}<\/script>\n<!-- \/ Yoast SEO plugin. -->","yoast_head_json":{"title":"WMA-AB Fernbedienung f\u00fcr Verst\u00e4rker vom Typ WMA","robots":{"index":"index","follow":"follow","max-snippet":"max-snippet:-1","max-image-preview":"max-image-preview:large","max-video-preview":"max-video-preview:-1"},"canonical":"https:\/\/aquasound.eu\/de\/produkt\/wma-ab\/","og_locale":"de_DE","og_type":"article","og_title":"WMA-AB Fernbedienung f\u00fcr Verst\u00e4rker vom Typ WMA","og_description":"Steuern Sie Ihr WiFi-Audiosystem mit der WMA-AB-Fernbedienung, die speziell f\u00fcr alle WMA-Verst\u00e4rker von AquaSound entwickelt wurde. Kompatibilit\u00e4t: Funktioniert nahtlos mit allen Verst\u00e4rkern des Typs WMA von AquaSound. Benutzerfreundlichkeit: Einfaches \u00c4ndern der Lautst\u00e4rke, Umschalten von Titeln oder Einstellen des Equalizers. Einbau: Obwohl wir normalerweise empfehlen, den Verst\u00e4rker durch die Lautsprecher\u00f6ffnung hinter der Decke zu platzieren, erfordert [&hellip;]","og_url":"https:\/\/aquasound.eu\/de\/produkt\/wma-ab\/","og_site_name":"AquaSound","article_modified_time":"2025-02-12T13:38:57+00:00","og_image":[{"width":1000,"height":1000,"url":"https:\/\/aquasound.eu\/wp-content\/uploads\/WMA-AB.webp","type":"image\/webp"}],"twitter_card":"summary_large_image","twitter_misc":{"Gesch\u00e4tzte Lesezeit":"1\u00a0Minute"},"schema":{"@context":"https:\/\/schema.org","@graph":[{"@type":"WebPage","@id":"https:\/\/aquasound.eu\/de\/produkt\/wma-ab\/","url":"https:\/\/aquasound.eu\/de\/produkt\/wma-ab\/","name":"WMA-AB Fernbedienung f\u00fcr Verst\u00e4rker vom Typ WMA","isPartOf":{"@id":"https:\/\/aquasound.eu\/nl\/#website"},"primaryImageOfPage":{"@id":"https:\/\/aquasound.eu\/de\/produkt\/wma-ab\/#primaryimage"},"image":{"@id":"https:\/\/aquasound.eu\/de\/produkt\/wma-ab\/#primaryimage"},"thumbnailUrl":"https:\/\/aquasound.eu\/wp-content\/uploads\/WMA-AB.webp","datePublished":"2025-02-05T14:56:51+00:00","dateModified":"2025-02-12T13:38:57+00:00","breadcrumb":{"@id":"https:\/\/aquasound.eu\/de\/produkt\/wma-ab\/#breadcrumb"},"inLanguage":"de","potentialAction":[{"@type":"ReadAction","target":["https:\/\/aquasound.eu\/de\/produkt\/wma-ab\/"]}]},{"@type":"ImageObject","inLanguage":"de","@id":"https:\/\/aquasound.eu\/de\/produkt\/wma-ab\/#primaryimage","url":"https:\/\/aquasound.eu\/wp-content\/uploads\/WMA-AB.webp","contentUrl":"https:\/\/aquasound.eu\/wp-content\/uploads\/WMA-AB.webp","width":1000,"height":1000},{"@type":"BreadcrumbList","@id":"https:\/\/aquasound.eu\/de\/produkt\/wma-ab\/#breadcrumb","itemListElement":[{"@type":"ListItem","position":1,"name":"Home","item":"https:\/\/aquasound.eu\/de\/"},{"@type":"ListItem","position":2,"name":"WooCommerce","item":"https:\/\/aquasound.eu\/nl\/woocommerce\/"},{"@type":"ListItem","position":3,"name":"WMA-AB Fernbedienung f\u00fcr Verst\u00e4rker vom Typ WMA"}]},{"@type":"WebSite","@id":"https:\/\/aquasound.eu\/nl\/#website","url":"https:\/\/aquasound.eu\/nl\/","name":"AquaSound","description":"","potentialAction":[{"@type":"SearchAction","target":{"@type":"EntryPoint","urlTemplate":"https:\/\/aquasound.eu\/nl\/?s={search_term_string}"},"query-input":{"@type":"PropertyValueSpecification","valueRequired":true,"valueName":"search_term_string"}}],"inLanguage":"de"}]}},"_links":{"self":[{"href":"https:\/\/aquasound.eu\/de\/wp-json\/wp\/v2\/product\/31200","targetHints":{"allow":["GET"]}}],"collection":[{"href":"https:\/\/aquasound.eu\/de\/wp-json\/wp\/v2\/product"}],"about":[{"href":"https:\/\/aquasound.eu\/de\/wp-json\/wp\/v2\/types\/product"}],"wp:featuredmedia":[{"embeddable":true,"href":"https:\/\/aquasound.eu\/de\/wp-json\/wp\/v2\/media\/31170"}],"wp:attachment":[{"href":"https:\/\/aquasound.eu\/de\/wp-json\/wp\/v2\/media?parent=31200"}],"wp:term":[{"taxonomy":"product_brand","embeddable":true,"href":"https:\/\/aquasound.eu\/de\/wp-json\/wp\/v2\/product_brand?post=31200"},{"taxonomy":"product_cat","embeddable":true,"href":"https:\/\/aquasound.eu\/de\/wp-json\/wp\/v2\/product_cat?post=31200"},{"taxonomy":"product_tag","embeddable":true,"href":"https:\/\/aquasound.eu\/de\/wp-json\/wp\/v2\/product_tag?post=31200"}],"curies":[{"name":"wp","href":"https:\/\/api.w.org\/{rel}","templated":true}]}}