{"id":31067,"date":"2025-04-17T15:01:05","date_gmt":"2025-04-17T13:01:05","guid":{"rendered":"https:\/\/aquasound.eu\/?post_type=product&#038;p=31067"},"modified":"2025-08-13T14:40:49","modified_gmt":"2025-08-13T12:40:49","slug":"sks150-bw","status":"publish","type":"product","link":"https:\/\/aquasound.eu\/de\/produkt\/sks150-bw\/","title":{"rendered":"<b>SKS150-BW<\/b> <br>Einbau-Subwoofer-Kit 150 Watt mit Verst\u00e4rker"},"content":{"rendered":"<p>R\u00fcsten Sie Ihre bestehenden AquaSound <a href=\"\/de\/bluetooth-einbaulautsprecher\/\">Bluetooth<\/a>- oder <a href=\"\/de\/wlan-einbaulautsprecher\/\">WLAN<\/a>-Audiosysteme einfach mit diesem leistungsstarken 150W Einbau-Deckensubwoofer-Kit auf. Das Kit enth\u00e4lt einen hochwertigen Verst\u00e4rker, der \u00fcber den Aux-Ausgang angeschlossen werden kann und Ihr Audioerlebnis mit satten Basskl\u00e4ngen verst\u00e4rkt. Dieses Set ist ideal f\u00fcr den Einsatz in verschiedenen R\u00e4umen wie Badezimmer, K\u00fcche oder unter der Veranda. Dank der verschiedenen Farboptionen f\u00fcgt sich der Subwoofer nahtlos in jedes Interieur ein. Genie\u00dfen Sie unvergleichliche Klangqualit\u00e4t und entspannen Sie sich vollst\u00e4ndig mit Ihrer Lieblingsmusik.<\/p>\n<h4>Verst\u00e4rker<\/h4>\n<ul>\n<li>Leistung: 1x 150 Watt MAX<\/li>\n<li>Abmessungen: 140 x 90 x 45 mm<\/li>\n<li>Anschl\u00fcsse: Mini-Jack (Aux-In)<\/li>\n<li>Stromversorgung: Adapter 230 V \/ 30 V (5.0 A)<\/li>\n<\/ul>\n<h4>Lautsprecher<\/h4>\n<ul>\n<li>Leistung: 150 Watt MAX<\/li>\n<li>Abmessungen: 210 x 120\/160 mm (D x H)<\/li>\n<li>Ausschnittgr\u00f6\u00dfe: 212 mm<\/li>\n<li>Wasserbest\u00e4ndigkeit: IPX4<\/li>\n<li>Farboptionen: Verschiedene verf\u00fcgbare Farben<\/li>\n<\/ul>\n<p>&nbsp;<\/p>\n","protected":false},"excerpt":{"rendered":"<p>R\u00fcsten Sie Ihre bestehenden AquaSound Bluetooth- oder WLAN-Audiosysteme einfach mit diesem leistungsstarken 150W Einbau-Deckensubwoofer-Kit auf. Das Kit enth\u00e4lt einen hochwertigen Verst\u00e4rker, der \u00fcber den Aux-Ausgang angeschlossen werden kann und Ihr Audioerlebnis mit satten Basskl\u00e4ngen verst\u00e4rkt. Dieses Set ist ideal f\u00fcr den Einsatz in verschiedenen R\u00e4umen wie Badezimmer, K\u00fcche oder unter der Veranda. Dank der verschiedenen [&hellip;]<\/p>\n","protected":false},"featured_media":30966,"template":"","meta":[],"product_brand":[],"product_cat":[66],"product_tag":[],"class_list":{"0":"post-31067","1":"product","2":"type-product","3":"status-publish","4":"has-post-thumbnail","6":"product_cat-zubehor","8":"first","9":"instock","10":"taxable","11":"shipping-taxable","12":"purchasable","13":"product-type-variable","14":"has-default-attributes"},"yoast_head":"<!-- This site is optimized with the Yoast SEO plugin v27.3 - https:\/\/yoast.com\/product\/yoast-seo-wordpress\/ -->\n<title>SKS150-BW Einbau-Subwoofer-Kit 150 Watt mit Verst\u00e4rker<\/title>\n<meta name=\"robots\" content=\"index, follow, max-snippet:-1, max-image-preview:large, max-video-preview:-1\" \/>\n<link rel=\"canonical\" href=\"https:\/\/aquasound.eu\/de\/produkt\/sks150-bw\/\" \/>\n<meta property=\"og:locale\" content=\"de_DE\" \/>\n<meta property=\"og:type\" content=\"article\" \/>\n<meta property=\"og:title\" content=\"SKS150-BW Einbau-Subwoofer-Kit 150 Watt mit Verst\u00e4rker\" \/>\n<meta property=\"og:description\" content=\"R\u00fcsten Sie Ihre bestehenden AquaSound Bluetooth- oder WLAN-Audiosysteme einfach mit diesem leistungsstarken 150W Einbau-Deckensubwoofer-Kit auf. Das Kit enth\u00e4lt einen hochwertigen Verst\u00e4rker, der \u00fcber den Aux-Ausgang angeschlossen werden kann und Ihr Audioerlebnis mit satten Basskl\u00e4ngen verst\u00e4rkt. Dieses Set ist ideal f\u00fcr den Einsatz in verschiedenen R\u00e4umen wie Badezimmer, K\u00fcche oder unter der Veranda. Dank der verschiedenen [&hellip;]\" \/>\n<meta property=\"og:url\" content=\"https:\/\/aquasound.eu\/de\/produkt\/sks150-bw\/\" \/>\n<meta property=\"og:site_name\" content=\"AquaSound\" \/>\n<meta property=\"article:modified_time\" content=\"2025-08-13T12:40:49+00:00\" \/>\n<meta property=\"og:image\" content=\"https:\/\/aquasound.eu\/wp-content\/uploads\/SKS150-B-0.webp\" \/>\n\t<meta property=\"og:image:width\" content=\"1000\" \/>\n\t<meta property=\"og:image:height\" content=\"1000\" \/>\n\t<meta property=\"og:image:type\" content=\"image\/webp\" \/>\n<meta name=\"twitter:card\" content=\"summary_large_image\" \/>\n<meta name=\"twitter:label1\" content=\"Gesch\u00e4tzte Lesezeit\" \/>\n\t<meta name=\"twitter:data1\" content=\"1\u00a0Minute\" \/>\n<script type=\"application\/ld+json\" class=\"yoast-schema-graph\">{\"@context\":\"https:\\\/\\\/schema.org\",\"@graph\":[{\"@type\":\"WebPage\",\"@id\":\"https:\\\/\\\/aquasound.eu\\\/de\\\/produkt\\\/sks150-bw\\\/\",\"url\":\"https:\\\/\\\/aquasound.eu\\\/de\\\/produkt\\\/sks150-bw\\\/\",\"name\":\"SKS150-BW Einbau-Subwoofer-Kit 150 Watt mit Verst\u00e4rker\",\"isPartOf\":{\"@id\":\"https:\\\/\\\/aquasound.eu\\\/nl\\\/#website\"},\"primaryImageOfPage\":{\"@id\":\"https:\\\/\\\/aquasound.eu\\\/de\\\/produkt\\\/sks150-bw\\\/#primaryimage\"},\"image\":{\"@id\":\"https:\\\/\\\/aquasound.eu\\\/de\\\/produkt\\\/sks150-bw\\\/#primaryimage\"},\"thumbnailUrl\":\"https:\\\/\\\/aquasound.eu\\\/wp-content\\\/uploads\\\/SKS150-B-0.webp\",\"datePublished\":\"2025-04-17T13:01:05+00:00\",\"dateModified\":\"2025-08-13T12:40:49+00:00\",\"breadcrumb\":{\"@id\":\"https:\\\/\\\/aquasound.eu\\\/de\\\/produkt\\\/sks150-bw\\\/#breadcrumb\"},\"inLanguage\":\"de\",\"potentialAction\":[{\"@type\":\"ReadAction\",\"target\":[\"https:\\\/\\\/aquasound.eu\\\/de\\\/produkt\\\/sks150-bw\\\/\"]}]},{\"@type\":\"ImageObject\",\"inLanguage\":\"de\",\"@id\":\"https:\\\/\\\/aquasound.eu\\\/de\\\/produkt\\\/sks150-bw\\\/#primaryimage\",\"url\":\"https:\\\/\\\/aquasound.eu\\\/wp-content\\\/uploads\\\/SKS150-B-0.webp\",\"contentUrl\":\"https:\\\/\\\/aquasound.eu\\\/wp-content\\\/uploads\\\/SKS150-B-0.webp\",\"width\":1000,\"height\":1000},{\"@type\":\"BreadcrumbList\",\"@id\":\"https:\\\/\\\/aquasound.eu\\\/de\\\/produkt\\\/sks150-bw\\\/#breadcrumb\",\"itemListElement\":[{\"@type\":\"ListItem\",\"position\":1,\"name\":\"Home\",\"item\":\"https:\\\/\\\/aquasound.eu\\\/de\\\/\"},{\"@type\":\"ListItem\",\"position\":2,\"name\":\"WooCommerce\",\"item\":\"https:\\\/\\\/aquasound.eu\\\/nl\\\/woocommerce\\\/\"},{\"@type\":\"ListItem\",\"position\":3,\"name\":\"SKS150-BW Einbau-Subwoofer-Kit 150 Watt mit Verst\u00e4rker\"}]},{\"@type\":\"WebSite\",\"@id\":\"https:\\\/\\\/aquasound.eu\\\/nl\\\/#website\",\"url\":\"https:\\\/\\\/aquasound.eu\\\/nl\\\/\",\"name\":\"AquaSound\",\"description\":\"\",\"potentialAction\":[{\"@type\":\"SearchAction\",\"target\":{\"@type\":\"EntryPoint\",\"urlTemplate\":\"https:\\\/\\\/aquasound.eu\\\/nl\\\/?s={search_term_string}\"},\"query-input\":{\"@type\":\"PropertyValueSpecification\",\"valueRequired\":true,\"valueName\":\"search_term_string\"}}],\"inLanguage\":\"de\"}]}<\/script>\n<!-- \/ Yoast SEO plugin. -->","yoast_head_json":{"title":"SKS150-BW Einbau-Subwoofer-Kit 150 Watt mit Verst\u00e4rker","robots":{"index":"index","follow":"follow","max-snippet":"max-snippet:-1","max-image-preview":"max-image-preview:large","max-video-preview":"max-video-preview:-1"},"canonical":"https:\/\/aquasound.eu\/de\/produkt\/sks150-bw\/","og_locale":"de_DE","og_type":"article","og_title":"SKS150-BW Einbau-Subwoofer-Kit 150 Watt mit Verst\u00e4rker","og_description":"R\u00fcsten Sie Ihre bestehenden AquaSound Bluetooth- oder WLAN-Audiosysteme einfach mit diesem leistungsstarken 150W Einbau-Deckensubwoofer-Kit auf. Das Kit enth\u00e4lt einen hochwertigen Verst\u00e4rker, der \u00fcber den Aux-Ausgang angeschlossen werden kann und Ihr Audioerlebnis mit satten Basskl\u00e4ngen verst\u00e4rkt. Dieses Set ist ideal f\u00fcr den Einsatz in verschiedenen R\u00e4umen wie Badezimmer, K\u00fcche oder unter der Veranda. Dank der verschiedenen [&hellip;]","og_url":"https:\/\/aquasound.eu\/de\/produkt\/sks150-bw\/","og_site_name":"AquaSound","article_modified_time":"2025-08-13T12:40:49+00:00","og_image":[{"width":1000,"height":1000,"url":"https:\/\/aquasound.eu\/wp-content\/uploads\/SKS150-B-0.webp","type":"image\/webp"}],"twitter_card":"summary_large_image","twitter_misc":{"Gesch\u00e4tzte Lesezeit":"1\u00a0Minute"},"schema":{"@context":"https:\/\/schema.org","@graph":[{"@type":"WebPage","@id":"https:\/\/aquasound.eu\/de\/produkt\/sks150-bw\/","url":"https:\/\/aquasound.eu\/de\/produkt\/sks150-bw\/","name":"SKS150-BW Einbau-Subwoofer-Kit 150 Watt mit Verst\u00e4rker","isPartOf":{"@id":"https:\/\/aquasound.eu\/nl\/#website"},"primaryImageOfPage":{"@id":"https:\/\/aquasound.eu\/de\/produkt\/sks150-bw\/#primaryimage"},"image":{"@id":"https:\/\/aquasound.eu\/de\/produkt\/sks150-bw\/#primaryimage"},"thumbnailUrl":"https:\/\/aquasound.eu\/wp-content\/uploads\/SKS150-B-0.webp","datePublished":"2025-04-17T13:01:05+00:00","dateModified":"2025-08-13T12:40:49+00:00","breadcrumb":{"@id":"https:\/\/aquasound.eu\/de\/produkt\/sks150-bw\/#breadcrumb"},"inLanguage":"de","potentialAction":[{"@type":"ReadAction","target":["https:\/\/aquasound.eu\/de\/produkt\/sks150-bw\/"]}]},{"@type":"ImageObject","inLanguage":"de","@id":"https:\/\/aquasound.eu\/de\/produkt\/sks150-bw\/#primaryimage","url":"https:\/\/aquasound.eu\/wp-content\/uploads\/SKS150-B-0.webp","contentUrl":"https:\/\/aquasound.eu\/wp-content\/uploads\/SKS150-B-0.webp","width":1000,"height":1000},{"@type":"BreadcrumbList","@id":"https:\/\/aquasound.eu\/de\/produkt\/sks150-bw\/#breadcrumb","itemListElement":[{"@type":"ListItem","position":1,"name":"Home","item":"https:\/\/aquasound.eu\/de\/"},{"@type":"ListItem","position":2,"name":"WooCommerce","item":"https:\/\/aquasound.eu\/nl\/woocommerce\/"},{"@type":"ListItem","position":3,"name":"SKS150-BW Einbau-Subwoofer-Kit 150 Watt mit Verst\u00e4rker"}]},{"@type":"WebSite","@id":"https:\/\/aquasound.eu\/nl\/#website","url":"https:\/\/aquasound.eu\/nl\/","name":"AquaSound","description":"","potentialAction":[{"@type":"SearchAction","target":{"@type":"EntryPoint","urlTemplate":"https:\/\/aquasound.eu\/nl\/?s={search_term_string}"},"query-input":{"@type":"PropertyValueSpecification","valueRequired":true,"valueName":"search_term_string"}}],"inLanguage":"de"}]}},"_links":{"self":[{"href":"https:\/\/aquasound.eu\/de\/wp-json\/wp\/v2\/product\/31067","targetHints":{"allow":["GET"]}}],"collection":[{"href":"https:\/\/aquasound.eu\/de\/wp-json\/wp\/v2\/product"}],"about":[{"href":"https:\/\/aquasound.eu\/de\/wp-json\/wp\/v2\/types\/product"}],"wp:featuredmedia":[{"embeddable":true,"href":"https:\/\/aquasound.eu\/de\/wp-json\/wp\/v2\/media\/30966"}],"wp:attachment":[{"href":"https:\/\/aquasound.eu\/de\/wp-json\/wp\/v2\/media?parent=31067"}],"wp:term":[{"taxonomy":"product_brand","embeddable":true,"href":"https:\/\/aquasound.eu\/de\/wp-json\/wp\/v2\/product_brand?post=31067"},{"taxonomy":"product_cat","embeddable":true,"href":"https:\/\/aquasound.eu\/de\/wp-json\/wp\/v2\/product_cat?post=31067"},{"taxonomy":"product_tag","embeddable":true,"href":"https:\/\/aquasound.eu\/de\/wp-json\/wp\/v2\/product_tag?post=31067"}],"curies":[{"name":"wp","href":"https:\/\/api.w.org\/{rel}","templated":true}]}}