{"id":28927,"date":"2024-02-14T15:50:45","date_gmt":"2024-02-14T14:50:45","guid":{"rendered":"https:\/\/aquasound.eu\/?post_type=product&#038;p=28927"},"modified":"2025-08-28T13:33:45","modified_gmt":"2025-08-28T11:33:45","slug":"wma30-jw","status":"publish","type":"product","link":"https:\/\/aquasound.eu\/de\/produkt\/wma30-jw\/","title":{"rendered":"<b>WMA30-JW<\/b> <br>WLAN-Audio-Verst\u00e4rker 30 Watt mit Jazz-Lautsprechern"},"content":{"rendered":"<p>Ein WLAN-Audioset speziell f\u00fcr die Sauna.<\/p>\n<p>Dieser WLAN-Audio-Verst\u00e4rker hat eine Ausgangsleistung von 30 Watt und ist mit DLNA und Airplay kompatibel. Sobald er in ein Heimnetzwerk eingebunden ist, k\u00f6nnen alle Mobiltelefone im selben Netzwerk auf ihn streamen. Dieser Mini-Verst\u00e4rker kann mit allen Lautsprechern aus dem AquaSound-Sortiment kombiniert werden. Die Gr\u00f6\u00dfe dieses Verst\u00e4rkers ist sehr gering, so dass er sogar problemlos durch die Installations\u00f6ffnung unserer kleinsten Lautsprecher passt. Dar\u00fcber hinaus verf\u00fcgt der Verst\u00e4rker \u00fcber eine eingebaute Antenne, die die Ausma\u00dfe des Verst\u00e4rkers kompakt h\u00e4lt.<\/p>\n<p>The Jazz extreme is a speaker set that lives up to its name. Temperatures of up to 100 \u00b0C (e.g. in a sauna) pose no danger to the Jazz. Even at low temperatures, the Jazz does not disappoint because it is designed so that it still works even at 25 degrees of frost. Of course, the Jazz speaker is not afraid of water either. The white aluminum grille gives the speaker a modern look that will be well received anywhere. The jazz speakers can be ordered individually or as a set.<\/p>\n<p><strong>TIPP!<\/strong> Beachten Sie auch die optionale <a href=\"\/de\/produkt\/wma-ab\/\">WMA-AB-Fernbedienung<\/a> f\u00fcr zus\u00e4tzlichen Komfort.<\/p>\n<h4>Verst\u00e4rker<\/h4>\n<ul>\n<li>DLNA \/ Airplay-kompatibel<\/li>\n<li>2x 30 Watt MAX<\/li>\n<li>100 x 80 x 20 mm<\/li>\n<li>iOS und Android App verf\u00fcgbar<\/li>\n<li>Aux-Eingang (RCA), Auto-Aux<\/li>\n<li>WiFi \/ UTP<\/li>\n<li>Adapter: 230 V \/ 12 V (3.0 A)<\/li>\n<\/ul>\n<h4>Lautsprecher-Set<\/h4>\n<ul>\n<li>Jazz<\/li>\n<li>Widerstandsf\u00e4hig gegen Temperaturen bis zu 100 Grad Celsius<\/li>\n<li>70 Watt MAX<\/li>\n<li>175 x 60 mm (T x H)<\/li>\n<li>120 mm (Gr\u00f6\u00dfe der Bohrung)<\/li>\n<li>IPX6 Zertifizierung<\/li>\n<li>Wei\u00df, Schwarz<\/li>\n<\/ul>\n","protected":false},"excerpt":{"rendered":"<p>Ein WLAN-Audioset speziell f\u00fcr die Sauna. Dieser WLAN-Audio-Verst\u00e4rker hat eine Ausgangsleistung von 30 Watt und ist mit DLNA und Airplay kompatibel. Sobald er in ein Heimnetzwerk eingebunden ist, k\u00f6nnen alle Mobiltelefone im selben Netzwerk auf ihn streamen. Dieser Mini-Verst\u00e4rker kann mit allen Lautsprechern aus dem AquaSound-Sortiment kombiniert werden. Die Gr\u00f6\u00dfe dieses Verst\u00e4rkers ist sehr gering, [&hellip;]<\/p>\n","protected":false},"featured_media":28855,"template":"","meta":[],"product_brand":[],"product_cat":[70],"product_tag":[],"class_list":{"0":"post-28927","1":"product","2":"type-product","3":"status-publish","4":"has-post-thumbnail","6":"product_cat-wlan-audiosysteme","8":"first","9":"instock","10":"taxable","11":"shipping-taxable","12":"purchasable","13":"product-type-variable","14":"has-default-attributes"},"yoast_head":"<!-- This site is optimized with the Yoast SEO plugin v27.3 - https:\/\/yoast.com\/product\/yoast-seo-wordpress\/ -->\n<title>WMA30-JW WLAN-Audio-Verst\u00e4rker 30 Watt mit Jazz-Lautsprechern<\/title>\n<meta name=\"robots\" content=\"index, follow, max-snippet:-1, max-image-preview:large, max-video-preview:-1\" \/>\n<link rel=\"canonical\" href=\"https:\/\/aquasound.eu\/de\/produkt\/wma30-jw\/\" \/>\n<meta property=\"og:locale\" content=\"de_DE\" \/>\n<meta property=\"og:type\" content=\"article\" \/>\n<meta property=\"og:title\" content=\"WMA30-JW WLAN-Audio-Verst\u00e4rker 30 Watt mit Jazz-Lautsprechern\" \/>\n<meta property=\"og:description\" content=\"Ein WLAN-Audioset speziell f\u00fcr die Sauna. Dieser WLAN-Audio-Verst\u00e4rker hat eine Ausgangsleistung von 30 Watt und ist mit DLNA und Airplay kompatibel. Sobald er in ein Heimnetzwerk eingebunden ist, k\u00f6nnen alle Mobiltelefone im selben Netzwerk auf ihn streamen. Dieser Mini-Verst\u00e4rker kann mit allen Lautsprechern aus dem AquaSound-Sortiment kombiniert werden. Die Gr\u00f6\u00dfe dieses Verst\u00e4rkers ist sehr gering, [&hellip;]\" \/>\n<meta property=\"og:url\" content=\"https:\/\/aquasound.eu\/de\/produkt\/wma30-jw\/\" \/>\n<meta property=\"og:site_name\" content=\"AquaSound\" \/>\n<meta property=\"article:modified_time\" content=\"2025-08-28T11:33:45+00:00\" \/>\n<meta property=\"og:image\" content=\"https:\/\/aquasound.eu\/wp-content\/uploads\/WMA30-JW.webp\" \/>\n\t<meta property=\"og:image:width\" content=\"1\" \/>\n\t<meta property=\"og:image:height\" content=\"1\" \/>\n\t<meta property=\"og:image:type\" content=\"image\/webp\" \/>\n<meta name=\"twitter:card\" content=\"summary_large_image\" \/>\n<meta name=\"twitter:label1\" content=\"Gesch\u00e4tzte Lesezeit\" \/>\n\t<meta name=\"twitter:data1\" content=\"2\u00a0Minuten\" \/>\n<script type=\"application\/ld+json\" class=\"yoast-schema-graph\">{\"@context\":\"https:\\\/\\\/schema.org\",\"@graph\":[{\"@type\":\"WebPage\",\"@id\":\"https:\\\/\\\/aquasound.eu\\\/de\\\/produkt\\\/wma30-jw\\\/\",\"url\":\"https:\\\/\\\/aquasound.eu\\\/de\\\/produkt\\\/wma30-jw\\\/\",\"name\":\"WMA30-JW WLAN-Audio-Verst\u00e4rker 30 Watt mit Jazz-Lautsprechern\",\"isPartOf\":{\"@id\":\"https:\\\/\\\/aquasound.eu\\\/nl\\\/#website\"},\"primaryImageOfPage\":{\"@id\":\"https:\\\/\\\/aquasound.eu\\\/de\\\/produkt\\\/wma30-jw\\\/#primaryimage\"},\"image\":{\"@id\":\"https:\\\/\\\/aquasound.eu\\\/de\\\/produkt\\\/wma30-jw\\\/#primaryimage\"},\"thumbnailUrl\":\"https:\\\/\\\/aquasound.eu\\\/wp-content\\\/uploads\\\/WMA30-JW.webp\",\"datePublished\":\"2024-02-14T14:50:45+00:00\",\"dateModified\":\"2025-08-28T11:33:45+00:00\",\"breadcrumb\":{\"@id\":\"https:\\\/\\\/aquasound.eu\\\/de\\\/produkt\\\/wma30-jw\\\/#breadcrumb\"},\"inLanguage\":\"de\",\"potentialAction\":[{\"@type\":\"ReadAction\",\"target\":[\"https:\\\/\\\/aquasound.eu\\\/de\\\/produkt\\\/wma30-jw\\\/\"]}]},{\"@type\":\"ImageObject\",\"inLanguage\":\"de\",\"@id\":\"https:\\\/\\\/aquasound.eu\\\/de\\\/produkt\\\/wma30-jw\\\/#primaryimage\",\"url\":\"https:\\\/\\\/aquasound.eu\\\/wp-content\\\/uploads\\\/WMA30-JW.webp\",\"contentUrl\":\"https:\\\/\\\/aquasound.eu\\\/wp-content\\\/uploads\\\/WMA30-JW.webp\"},{\"@type\":\"BreadcrumbList\",\"@id\":\"https:\\\/\\\/aquasound.eu\\\/de\\\/produkt\\\/wma30-jw\\\/#breadcrumb\",\"itemListElement\":[{\"@type\":\"ListItem\",\"position\":1,\"name\":\"Home\",\"item\":\"https:\\\/\\\/aquasound.eu\\\/de\\\/\"},{\"@type\":\"ListItem\",\"position\":2,\"name\":\"WooCommerce\",\"item\":\"https:\\\/\\\/aquasound.eu\\\/nl\\\/woocommerce\\\/\"},{\"@type\":\"ListItem\",\"position\":3,\"name\":\"WMA30-JW WLAN-Audio-Verst\u00e4rker 30 Watt mit Jazz-Lautsprechern\"}]},{\"@type\":\"WebSite\",\"@id\":\"https:\\\/\\\/aquasound.eu\\\/nl\\\/#website\",\"url\":\"https:\\\/\\\/aquasound.eu\\\/nl\\\/\",\"name\":\"AquaSound\",\"description\":\"\",\"potentialAction\":[{\"@type\":\"SearchAction\",\"target\":{\"@type\":\"EntryPoint\",\"urlTemplate\":\"https:\\\/\\\/aquasound.eu\\\/nl\\\/?s={search_term_string}\"},\"query-input\":{\"@type\":\"PropertyValueSpecification\",\"valueRequired\":true,\"valueName\":\"search_term_string\"}}],\"inLanguage\":\"de\"}]}<\/script>\n<!-- \/ Yoast SEO plugin. -->","yoast_head_json":{"title":"WMA30-JW WLAN-Audio-Verst\u00e4rker 30 Watt mit Jazz-Lautsprechern","robots":{"index":"index","follow":"follow","max-snippet":"max-snippet:-1","max-image-preview":"max-image-preview:large","max-video-preview":"max-video-preview:-1"},"canonical":"https:\/\/aquasound.eu\/de\/produkt\/wma30-jw\/","og_locale":"de_DE","og_type":"article","og_title":"WMA30-JW WLAN-Audio-Verst\u00e4rker 30 Watt mit Jazz-Lautsprechern","og_description":"Ein WLAN-Audioset speziell f\u00fcr die Sauna. Dieser WLAN-Audio-Verst\u00e4rker hat eine Ausgangsleistung von 30 Watt und ist mit DLNA und Airplay kompatibel. Sobald er in ein Heimnetzwerk eingebunden ist, k\u00f6nnen alle Mobiltelefone im selben Netzwerk auf ihn streamen. Dieser Mini-Verst\u00e4rker kann mit allen Lautsprechern aus dem AquaSound-Sortiment kombiniert werden. Die Gr\u00f6\u00dfe dieses Verst\u00e4rkers ist sehr gering, [&hellip;]","og_url":"https:\/\/aquasound.eu\/de\/produkt\/wma30-jw\/","og_site_name":"AquaSound","article_modified_time":"2025-08-28T11:33:45+00:00","og_image":[{"url":"https:\/\/aquasound.eu\/wp-content\/uploads\/WMA30-JW.webp","width":1,"height":1,"type":"image\/webp"}],"twitter_card":"summary_large_image","twitter_misc":{"Gesch\u00e4tzte Lesezeit":"2\u00a0Minuten"},"schema":{"@context":"https:\/\/schema.org","@graph":[{"@type":"WebPage","@id":"https:\/\/aquasound.eu\/de\/produkt\/wma30-jw\/","url":"https:\/\/aquasound.eu\/de\/produkt\/wma30-jw\/","name":"WMA30-JW WLAN-Audio-Verst\u00e4rker 30 Watt mit Jazz-Lautsprechern","isPartOf":{"@id":"https:\/\/aquasound.eu\/nl\/#website"},"primaryImageOfPage":{"@id":"https:\/\/aquasound.eu\/de\/produkt\/wma30-jw\/#primaryimage"},"image":{"@id":"https:\/\/aquasound.eu\/de\/produkt\/wma30-jw\/#primaryimage"},"thumbnailUrl":"https:\/\/aquasound.eu\/wp-content\/uploads\/WMA30-JW.webp","datePublished":"2024-02-14T14:50:45+00:00","dateModified":"2025-08-28T11:33:45+00:00","breadcrumb":{"@id":"https:\/\/aquasound.eu\/de\/produkt\/wma30-jw\/#breadcrumb"},"inLanguage":"de","potentialAction":[{"@type":"ReadAction","target":["https:\/\/aquasound.eu\/de\/produkt\/wma30-jw\/"]}]},{"@type":"ImageObject","inLanguage":"de","@id":"https:\/\/aquasound.eu\/de\/produkt\/wma30-jw\/#primaryimage","url":"https:\/\/aquasound.eu\/wp-content\/uploads\/WMA30-JW.webp","contentUrl":"https:\/\/aquasound.eu\/wp-content\/uploads\/WMA30-JW.webp"},{"@type":"BreadcrumbList","@id":"https:\/\/aquasound.eu\/de\/produkt\/wma30-jw\/#breadcrumb","itemListElement":[{"@type":"ListItem","position":1,"name":"Home","item":"https:\/\/aquasound.eu\/de\/"},{"@type":"ListItem","position":2,"name":"WooCommerce","item":"https:\/\/aquasound.eu\/nl\/woocommerce\/"},{"@type":"ListItem","position":3,"name":"WMA30-JW WLAN-Audio-Verst\u00e4rker 30 Watt mit Jazz-Lautsprechern"}]},{"@type":"WebSite","@id":"https:\/\/aquasound.eu\/nl\/#website","url":"https:\/\/aquasound.eu\/nl\/","name":"AquaSound","description":"","potentialAction":[{"@type":"SearchAction","target":{"@type":"EntryPoint","urlTemplate":"https:\/\/aquasound.eu\/nl\/?s={search_term_string}"},"query-input":{"@type":"PropertyValueSpecification","valueRequired":true,"valueName":"search_term_string"}}],"inLanguage":"de"}]}},"_links":{"self":[{"href":"https:\/\/aquasound.eu\/de\/wp-json\/wp\/v2\/product\/28927","targetHints":{"allow":["GET"]}}],"collection":[{"href":"https:\/\/aquasound.eu\/de\/wp-json\/wp\/v2\/product"}],"about":[{"href":"https:\/\/aquasound.eu\/de\/wp-json\/wp\/v2\/types\/product"}],"wp:featuredmedia":[{"embeddable":true,"href":"https:\/\/aquasound.eu\/de\/wp-json\/wp\/v2\/media\/28855"}],"wp:attachment":[{"href":"https:\/\/aquasound.eu\/de\/wp-json\/wp\/v2\/media?parent=28927"}],"wp:term":[{"taxonomy":"product_brand","embeddable":true,"href":"https:\/\/aquasound.eu\/de\/wp-json\/wp\/v2\/product_brand?post=28927"},{"taxonomy":"product_cat","embeddable":true,"href":"https:\/\/aquasound.eu\/de\/wp-json\/wp\/v2\/product_cat?post=28927"},{"taxonomy":"product_tag","embeddable":true,"href":"https:\/\/aquasound.eu\/de\/wp-json\/wp\/v2\/product_tag?post=28927"}],"curies":[{"name":"wp","href":"https:\/\/api.w.org\/{rel}","templated":true}]}}