{"id":28871,"date":"2024-02-14T15:23:53","date_gmt":"2024-02-14T14:23:53","guid":{"rendered":"https:\/\/aquasound.eu\/?post_type=product&#038;p=28871"},"modified":"2026-04-29T13:42:27","modified_gmt":"2026-04-29T11:42:27","slug":"bmn50easy-jw","status":"publish","type":"product","link":"https:\/\/aquasound.eu\/de\/produkt\/bmn50easy-jw\/","title":{"rendered":"<b>BMN50EASY-JW<\/b> <br>Bluetooth-Verst\u00e4rker 50 Watt mit Jazz-Lautsprechern"},"content":{"rendered":"<p>Ein Bluetooth-Set speziell f\u00fcr die Sauna.<\/p>\n<p>Koppeln Sie Ihr Android-, iPhone-, Tablet- oder anderes Bluetooth-Ger\u00e4t einfach und schnell mit den wasserdichten Bluetooth-Einbaulautsprechersystemen von AquaSound. Unkomplizierte Sets mit erstklassigen Funktionen. Eingebaut in die Zwischendecke Ihres Badezimmers, Ihrer K\u00fcche oder drau\u00dfen unter der Veranda sind diese wasserdichten Lautsprecher fast ein Muss. Diese Bluetooth-Audiosysteme sind einfach zu installieren und zu bedienen. Streamen Sie Musik von beispielsweise Spotify, Deezer oder genie\u00dfen Sie Ihre eigenen Musik-Dateien und entspannen Sie sich.    <\/p>\n<p>The Jazz extreme is a speaker set that lives up to its name. Temperatures of up to 100 \u00b0C (e.g. in a sauna) pose no danger to the Jazz. Even at low temperatures, the Jazz does not disappoint because it is designed so that it still works even at 25 degrees of frost. Of course, the Jazz speaker is not afraid of water either. The white aluminum grille gives the speaker a modern look that will be well received anywhere. The jazz speakers can be ordered individually or as a set.    <\/p>\n<h4>Verst\u00e4rker<\/h4>\n<ul>\n<li>Bluetooth 4.0<\/li>\n<li>2x 50 Watt MAX<\/li>\n<li>120 x 88 x 43 mm<\/li>\n<li>Aux-In, Auto aux<\/li>\n<li>Adapter: 230 V \/ 12 V (3.0 A)<\/li>\n<\/ul>\n<h4>Lautsprecher-Set<\/h4>\n<ul>\n<li>Jazz<\/li>\n<li>Widerstandsf\u00e4hig gegen Temperaturen bis zu 100 Grad Celsius<\/li>\n<li>70 Watt MAX<\/li>\n<li>175 x 60 mm (T x H)<\/li>\n<li>120 mm (Gr\u00f6\u00dfe der Bohrung)<\/li>\n<li>IPX6 Zertifizierung<\/li>\n<li>Verschiedene Farboptionen<\/li>\n<\/ul>\n","protected":false},"excerpt":{"rendered":"<p>Ein Bluetooth-Set speziell f\u00fcr die Sauna. Koppeln Sie Ihr Android-, iPhone-, Tablet- oder anderes Bluetooth-Ger\u00e4t einfach und schnell mit den wasserdichten Bluetooth-Einbaulautsprechersystemen von AquaSound. Unkomplizierte Sets mit erstklassigen Funktionen. Eingebaut in die Zwischendecke Ihres Badezimmers, Ihrer K\u00fcche oder drau\u00dfen unter der Veranda sind diese wasserdichten Lautsprecher fast ein Muss. Diese Bluetooth-Audiosysteme sind einfach zu installieren [&hellip;]<\/p>\n","protected":false},"featured_media":28843,"template":"","meta":[],"product_brand":[],"product_cat":[68],"product_tag":[],"class_list":{"0":"post-28871","1":"product","2":"type-product","3":"status-publish","4":"has-post-thumbnail","6":"product_cat-bluetooth-audiosysteme","8":"first","9":"instock","10":"taxable","11":"shipping-taxable","12":"purchasable","13":"product-type-variable","14":"has-default-attributes"},"yoast_head":"<!-- This site is optimized with the Yoast SEO plugin v27.4 - https:\/\/yoast.com\/product\/yoast-seo-wordpress\/ -->\n<title>BMN50EASY-JW Bluetooth-Verst\u00e4rker 50 Watt mit Jazz-Lautsprechern<\/title>\n<meta name=\"robots\" content=\"index, follow, max-snippet:-1, max-image-preview:large, max-video-preview:-1\" \/>\n<link rel=\"canonical\" href=\"https:\/\/aquasound.eu\/de\/produkt\/bmn50easy-jw\/\" \/>\n<meta property=\"og:locale\" content=\"de_DE\" \/>\n<meta property=\"og:type\" content=\"article\" \/>\n<meta property=\"og:title\" content=\"BMN50EASY-JW Bluetooth-Verst\u00e4rker 50 Watt mit Jazz-Lautsprechern\" \/>\n<meta property=\"og:description\" content=\"Ein Bluetooth-Set speziell f\u00fcr die Sauna. Koppeln Sie Ihr Android-, iPhone-, Tablet- oder anderes Bluetooth-Ger\u00e4t einfach und schnell mit den wasserdichten Bluetooth-Einbaulautsprechersystemen von AquaSound. Unkomplizierte Sets mit erstklassigen Funktionen. Eingebaut in die Zwischendecke Ihres Badezimmers, Ihrer K\u00fcche oder drau\u00dfen unter der Veranda sind diese wasserdichten Lautsprecher fast ein Muss. Diese Bluetooth-Audiosysteme sind einfach zu installieren [&hellip;]\" \/>\n<meta property=\"og:url\" content=\"https:\/\/aquasound.eu\/de\/produkt\/bmn50easy-jw\/\" \/>\n<meta property=\"og:site_name\" content=\"AquaSound\" \/>\n<meta property=\"article:modified_time\" content=\"2026-04-29T11:42:27+00:00\" \/>\n<meta property=\"og:image\" content=\"https:\/\/aquasound.eu\/wp-content\/uploads\/BMN50Easy-JW.webp\" \/>\n\t<meta property=\"og:image:width\" content=\"1000\" \/>\n\t<meta property=\"og:image:height\" content=\"1000\" \/>\n\t<meta property=\"og:image:type\" content=\"image\/webp\" \/>\n<meta name=\"twitter:card\" content=\"summary_large_image\" \/>\n<meta name=\"twitter:label1\" content=\"Gesch\u00e4tzte Lesezeit\" \/>\n\t<meta name=\"twitter:data1\" content=\"2\u00a0Minuten\" \/>\n<script type=\"application\/ld+json\" class=\"yoast-schema-graph\">{\"@context\":\"https:\\\/\\\/schema.org\",\"@graph\":[{\"@type\":\"WebPage\",\"@id\":\"https:\\\/\\\/aquasound.eu\\\/de\\\/produkt\\\/bmn50easy-jw\\\/\",\"url\":\"https:\\\/\\\/aquasound.eu\\\/de\\\/produkt\\\/bmn50easy-jw\\\/\",\"name\":\"BMN50EASY-JW Bluetooth-Verst\u00e4rker 50 Watt mit Jazz-Lautsprechern\",\"isPartOf\":{\"@id\":\"https:\\\/\\\/aquasound.eu\\\/nl\\\/#website\"},\"primaryImageOfPage\":{\"@id\":\"https:\\\/\\\/aquasound.eu\\\/de\\\/produkt\\\/bmn50easy-jw\\\/#primaryimage\"},\"image\":{\"@id\":\"https:\\\/\\\/aquasound.eu\\\/de\\\/produkt\\\/bmn50easy-jw\\\/#primaryimage\"},\"thumbnailUrl\":\"https:\\\/\\\/aquasound.eu\\\/wp-content\\\/uploads\\\/BMN50Easy-JW.webp\",\"datePublished\":\"2024-02-14T14:23:53+00:00\",\"dateModified\":\"2026-04-29T11:42:27+00:00\",\"breadcrumb\":{\"@id\":\"https:\\\/\\\/aquasound.eu\\\/de\\\/produkt\\\/bmn50easy-jw\\\/#breadcrumb\"},\"inLanguage\":\"de\",\"potentialAction\":[{\"@type\":\"ReadAction\",\"target\":[\"https:\\\/\\\/aquasound.eu\\\/de\\\/produkt\\\/bmn50easy-jw\\\/\"]}]},{\"@type\":\"ImageObject\",\"inLanguage\":\"de\",\"@id\":\"https:\\\/\\\/aquasound.eu\\\/de\\\/produkt\\\/bmn50easy-jw\\\/#primaryimage\",\"url\":\"https:\\\/\\\/aquasound.eu\\\/wp-content\\\/uploads\\\/BMN50Easy-JW.webp\",\"contentUrl\":\"https:\\\/\\\/aquasound.eu\\\/wp-content\\\/uploads\\\/BMN50Easy-JW.webp\",\"width\":1000,\"height\":1000},{\"@type\":\"BreadcrumbList\",\"@id\":\"https:\\\/\\\/aquasound.eu\\\/de\\\/produkt\\\/bmn50easy-jw\\\/#breadcrumb\",\"itemListElement\":[{\"@type\":\"ListItem\",\"position\":1,\"name\":\"Home\",\"item\":\"https:\\\/\\\/aquasound.eu\\\/de\\\/\"},{\"@type\":\"ListItem\",\"position\":2,\"name\":\"WooCommerce\",\"item\":\"https:\\\/\\\/aquasound.eu\\\/nl\\\/woocommerce\\\/\"},{\"@type\":\"ListItem\",\"position\":3,\"name\":\"BMN50EASY-JW Bluetooth-Verst\u00e4rker 50 Watt mit Jazz-Lautsprechern\"}]},{\"@type\":\"WebSite\",\"@id\":\"https:\\\/\\\/aquasound.eu\\\/nl\\\/#website\",\"url\":\"https:\\\/\\\/aquasound.eu\\\/nl\\\/\",\"name\":\"AquaSound\",\"description\":\"\",\"potentialAction\":[{\"@type\":\"SearchAction\",\"target\":{\"@type\":\"EntryPoint\",\"urlTemplate\":\"https:\\\/\\\/aquasound.eu\\\/nl\\\/?s={search_term_string}\"},\"query-input\":{\"@type\":\"PropertyValueSpecification\",\"valueRequired\":true,\"valueName\":\"search_term_string\"}}],\"inLanguage\":\"de\"}]}<\/script>\n<!-- \/ Yoast SEO plugin. -->","yoast_head_json":{"title":"BMN50EASY-JW Bluetooth-Verst\u00e4rker 50 Watt mit Jazz-Lautsprechern","robots":{"index":"index","follow":"follow","max-snippet":"max-snippet:-1","max-image-preview":"max-image-preview:large","max-video-preview":"max-video-preview:-1"},"canonical":"https:\/\/aquasound.eu\/de\/produkt\/bmn50easy-jw\/","og_locale":"de_DE","og_type":"article","og_title":"BMN50EASY-JW Bluetooth-Verst\u00e4rker 50 Watt mit Jazz-Lautsprechern","og_description":"Ein Bluetooth-Set speziell f\u00fcr die Sauna. Koppeln Sie Ihr Android-, iPhone-, Tablet- oder anderes Bluetooth-Ger\u00e4t einfach und schnell mit den wasserdichten Bluetooth-Einbaulautsprechersystemen von AquaSound. Unkomplizierte Sets mit erstklassigen Funktionen. Eingebaut in die Zwischendecke Ihres Badezimmers, Ihrer K\u00fcche oder drau\u00dfen unter der Veranda sind diese wasserdichten Lautsprecher fast ein Muss. Diese Bluetooth-Audiosysteme sind einfach zu installieren [&hellip;]","og_url":"https:\/\/aquasound.eu\/de\/produkt\/bmn50easy-jw\/","og_site_name":"AquaSound","article_modified_time":"2026-04-29T11:42:27+00:00","og_image":[{"width":1000,"height":1000,"url":"https:\/\/aquasound.eu\/wp-content\/uploads\/BMN50Easy-JW.webp","type":"image\/webp"}],"twitter_card":"summary_large_image","twitter_misc":{"Gesch\u00e4tzte Lesezeit":"2\u00a0Minuten"},"schema":{"@context":"https:\/\/schema.org","@graph":[{"@type":"WebPage","@id":"https:\/\/aquasound.eu\/de\/produkt\/bmn50easy-jw\/","url":"https:\/\/aquasound.eu\/de\/produkt\/bmn50easy-jw\/","name":"BMN50EASY-JW Bluetooth-Verst\u00e4rker 50 Watt mit Jazz-Lautsprechern","isPartOf":{"@id":"https:\/\/aquasound.eu\/nl\/#website"},"primaryImageOfPage":{"@id":"https:\/\/aquasound.eu\/de\/produkt\/bmn50easy-jw\/#primaryimage"},"image":{"@id":"https:\/\/aquasound.eu\/de\/produkt\/bmn50easy-jw\/#primaryimage"},"thumbnailUrl":"https:\/\/aquasound.eu\/wp-content\/uploads\/BMN50Easy-JW.webp","datePublished":"2024-02-14T14:23:53+00:00","dateModified":"2026-04-29T11:42:27+00:00","breadcrumb":{"@id":"https:\/\/aquasound.eu\/de\/produkt\/bmn50easy-jw\/#breadcrumb"},"inLanguage":"de","potentialAction":[{"@type":"ReadAction","target":["https:\/\/aquasound.eu\/de\/produkt\/bmn50easy-jw\/"]}]},{"@type":"ImageObject","inLanguage":"de","@id":"https:\/\/aquasound.eu\/de\/produkt\/bmn50easy-jw\/#primaryimage","url":"https:\/\/aquasound.eu\/wp-content\/uploads\/BMN50Easy-JW.webp","contentUrl":"https:\/\/aquasound.eu\/wp-content\/uploads\/BMN50Easy-JW.webp","width":1000,"height":1000},{"@type":"BreadcrumbList","@id":"https:\/\/aquasound.eu\/de\/produkt\/bmn50easy-jw\/#breadcrumb","itemListElement":[{"@type":"ListItem","position":1,"name":"Home","item":"https:\/\/aquasound.eu\/de\/"},{"@type":"ListItem","position":2,"name":"WooCommerce","item":"https:\/\/aquasound.eu\/nl\/woocommerce\/"},{"@type":"ListItem","position":3,"name":"BMN50EASY-JW Bluetooth-Verst\u00e4rker 50 Watt mit Jazz-Lautsprechern"}]},{"@type":"WebSite","@id":"https:\/\/aquasound.eu\/nl\/#website","url":"https:\/\/aquasound.eu\/nl\/","name":"AquaSound","description":"","potentialAction":[{"@type":"SearchAction","target":{"@type":"EntryPoint","urlTemplate":"https:\/\/aquasound.eu\/nl\/?s={search_term_string}"},"query-input":{"@type":"PropertyValueSpecification","valueRequired":true,"valueName":"search_term_string"}}],"inLanguage":"de"}]}},"_links":{"self":[{"href":"https:\/\/aquasound.eu\/de\/wp-json\/wp\/v2\/product\/28871","targetHints":{"allow":["GET"]}}],"collection":[{"href":"https:\/\/aquasound.eu\/de\/wp-json\/wp\/v2\/product"}],"about":[{"href":"https:\/\/aquasound.eu\/de\/wp-json\/wp\/v2\/types\/product"}],"wp:featuredmedia":[{"embeddable":true,"href":"https:\/\/aquasound.eu\/de\/wp-json\/wp\/v2\/media\/28843"}],"wp:attachment":[{"href":"https:\/\/aquasound.eu\/de\/wp-json\/wp\/v2\/media?parent=28871"}],"wp:term":[{"taxonomy":"product_brand","embeddable":true,"href":"https:\/\/aquasound.eu\/de\/wp-json\/wp\/v2\/product_brand?post=28871"},{"taxonomy":"product_cat","embeddable":true,"href":"https:\/\/aquasound.eu\/de\/wp-json\/wp\/v2\/product_cat?post=28871"},{"taxonomy":"product_tag","embeddable":true,"href":"https:\/\/aquasound.eu\/de\/wp-json\/wp\/v2\/product_tag?post=28871"}],"curies":[{"name":"wp","href":"https:\/\/api.w.org\/{rel}","templated":true}]}}