{"id":25898,"date":"2022-05-18T11:47:22","date_gmt":"2022-05-18T09:47:22","guid":{"rendered":"http:\/\/timple.nl\/product\/wma50-sw-wlan-audio-verstaerker-50-watt-mit-samba-lautsprechern\/"},"modified":"2025-08-28T13:34:16","modified_gmt":"2025-08-28T11:34:16","slug":"wma50-sw","status":"publish","type":"product","link":"https:\/\/aquasound.eu\/de\/produkt\/wma50-sw\/","title":{"rendered":"<b>WMA50-SW<\/b> <br>WLAN-Audio-Verst\u00e4rker 50 Watt mit Samba-Lautsprechern"},"content":{"rendered":"<p>Dieser WLAN-Audio-Verst\u00e4rker hat eine Ausgangsleistung von 50 Watt und ist mit DLNA und Airplay kompatibel. Sobald er in ein Heimnetzwerk eingebunden ist, k\u00f6nnen alle Mobiltelefone im selben Netzwerk auf ihn streamen. Dieser Mini-Verst\u00e4rker kann mit allen Lautsprechern aus dem AquaSound-Sortiment kombiniert werden. Die Gr\u00f6\u00dfe dieses Verst\u00e4rkers ist etwas gr\u00f6\u00dfer als die seiner kleinen Schwester (WMA30). Dadurch kann der Verst\u00e4rker mehr Leistung liefern. Au\u00dferdem verf\u00fcgt der Verst\u00e4rker \u00fcber eine externe Antenne f\u00fcr eine noch gr\u00f6\u00dfere Reichweite.<\/p>\n<p><strong>TIPP!<\/strong> Beachten Sie auch die optionale <a href=\"\/de\/produkt\/wma-ab\/\">WMA-AB-Fernbedienung<\/a> f\u00fcr zus\u00e4tzlichen Komfort.<\/p>\n<h4>Verst\u00e4rker<\/h4>\n<ul>\n<li>DLNA \/ Airplay-kompatibel<\/li>\n<li>2x 50 Watt MAX<\/li>\n<li>120 x 115 x 40 mm<\/li>\n<li>iOS und Android App verf\u00fcgbar<\/li>\n<li>Aux-Eingang (RCA), Auto-Aux<\/li>\n<li>WiFi \/ UTP<\/li>\n<li>Adapter: 230 V \/ 12 V (3.5 A)<\/li>\n<li><a href=\"\/de\/produkt\/sks150-bw\/\">Subwoofer-Kit<\/a> Ready<\/li>\n<\/ul>\n<h4><strong>Speake<\/strong>r<strong>set<\/strong><\/h4>\n<ul>\n<li>Samba<\/li>\n<li>65 Watt MAX<\/li>\n<li>195 x 81 mm (T x H)<\/li>\n<li>175 mm (Gr\u00f6\u00dfe der Bohrung)<\/li>\n<li>IPX4 Zertifizierung<\/li>\n<li>Verschiedene Farboptionen<\/li>\n<\/ul>\n","protected":false},"excerpt":{"rendered":"<p>Dieser WLAN-Audio-Verst\u00e4rker hat eine Ausgangsleistung von 50 Watt und ist mit DLNA und Airplay kompatibel. Sobald er in ein Heimnetzwerk eingebunden ist, k\u00f6nnen alle Mobiltelefone im selben Netzwerk auf ihn streamen. Dieser Mini-Verst\u00e4rker kann mit allen Lautsprechern aus dem AquaSound-Sortiment kombiniert werden. Die Gr\u00f6\u00dfe dieses Verst\u00e4rkers ist etwas gr\u00f6\u00dfer als die seiner kleinen Schwester (WMA30). [&hellip;]<\/p>\n","protected":false},"featured_media":819,"template":"","meta":[],"product_brand":[],"product_cat":[70],"product_tag":[],"class_list":{"0":"post-25898","1":"product","2":"type-product","3":"status-publish","4":"has-post-thumbnail","6":"product_cat-wlan-audiosysteme","8":"first","9":"instock","10":"taxable","11":"shipping-taxable","12":"purchasable","13":"product-type-variable","14":"has-default-attributes"},"yoast_head":"<!-- This site is optimized with the Yoast SEO plugin v27.3 - https:\/\/yoast.com\/product\/yoast-seo-wordpress\/ -->\n<title>WMA50-SW WLAN-Audio-Verst\u00e4rker 50 Watt mit Samba-Lautsprechern<\/title>\n<meta name=\"robots\" content=\"index, follow, max-snippet:-1, max-image-preview:large, max-video-preview:-1\" \/>\n<link rel=\"canonical\" href=\"https:\/\/aquasound.eu\/de\/produkt\/wma50-sw\/\" \/>\n<meta property=\"og:locale\" content=\"de_DE\" \/>\n<meta property=\"og:type\" content=\"article\" \/>\n<meta property=\"og:title\" content=\"WMA50-SW WLAN-Audio-Verst\u00e4rker 50 Watt mit Samba-Lautsprechern\" \/>\n<meta property=\"og:description\" content=\"Dieser WLAN-Audio-Verst\u00e4rker hat eine Ausgangsleistung von 50 Watt und ist mit DLNA und Airplay kompatibel. Sobald er in ein Heimnetzwerk eingebunden ist, k\u00f6nnen alle Mobiltelefone im selben Netzwerk auf ihn streamen. Dieser Mini-Verst\u00e4rker kann mit allen Lautsprechern aus dem AquaSound-Sortiment kombiniert werden. Die Gr\u00f6\u00dfe dieses Verst\u00e4rkers ist etwas gr\u00f6\u00dfer als die seiner kleinen Schwester (WMA30). [&hellip;]\" \/>\n<meta property=\"og:url\" content=\"https:\/\/aquasound.eu\/de\/produkt\/wma50-sw\/\" \/>\n<meta property=\"og:site_name\" content=\"AquaSound\" \/>\n<meta property=\"article:modified_time\" content=\"2025-08-28T11:34:16+00:00\" \/>\n<meta property=\"og:image\" content=\"https:\/\/aquasound.eu\/wp-content\/uploads\/WMA50-SW.webp\" \/>\n\t<meta property=\"og:image:width\" content=\"1000\" \/>\n\t<meta property=\"og:image:height\" content=\"1000\" \/>\n\t<meta property=\"og:image:type\" content=\"image\/webp\" \/>\n<meta name=\"twitter:card\" content=\"summary_large_image\" \/>\n<meta name=\"twitter:label1\" content=\"Gesch\u00e4tzte Lesezeit\" \/>\n\t<meta name=\"twitter:data1\" content=\"1\u00a0Minute\" \/>\n<script type=\"application\/ld+json\" class=\"yoast-schema-graph\">{\"@context\":\"https:\\\/\\\/schema.org\",\"@graph\":[{\"@type\":\"WebPage\",\"@id\":\"https:\\\/\\\/aquasound.eu\\\/de\\\/produkt\\\/wma50-sw\\\/\",\"url\":\"https:\\\/\\\/aquasound.eu\\\/de\\\/produkt\\\/wma50-sw\\\/\",\"name\":\"WMA50-SW WLAN-Audio-Verst\u00e4rker 50 Watt mit Samba-Lautsprechern\",\"isPartOf\":{\"@id\":\"https:\\\/\\\/aquasound.eu\\\/nl\\\/#website\"},\"primaryImageOfPage\":{\"@id\":\"https:\\\/\\\/aquasound.eu\\\/de\\\/produkt\\\/wma50-sw\\\/#primaryimage\"},\"image\":{\"@id\":\"https:\\\/\\\/aquasound.eu\\\/de\\\/produkt\\\/wma50-sw\\\/#primaryimage\"},\"thumbnailUrl\":\"https:\\\/\\\/aquasound.eu\\\/wp-content\\\/uploads\\\/WMA50-SW.webp\",\"datePublished\":\"2022-05-18T09:47:22+00:00\",\"dateModified\":\"2025-08-28T11:34:16+00:00\",\"breadcrumb\":{\"@id\":\"https:\\\/\\\/aquasound.eu\\\/de\\\/produkt\\\/wma50-sw\\\/#breadcrumb\"},\"inLanguage\":\"de\",\"potentialAction\":[{\"@type\":\"ReadAction\",\"target\":[\"https:\\\/\\\/aquasound.eu\\\/de\\\/produkt\\\/wma50-sw\\\/\"]}]},{\"@type\":\"ImageObject\",\"inLanguage\":\"de\",\"@id\":\"https:\\\/\\\/aquasound.eu\\\/de\\\/produkt\\\/wma50-sw\\\/#primaryimage\",\"url\":\"https:\\\/\\\/aquasound.eu\\\/wp-content\\\/uploads\\\/WMA50-SW.webp\",\"contentUrl\":\"https:\\\/\\\/aquasound.eu\\\/wp-content\\\/uploads\\\/WMA50-SW.webp\",\"width\":1000,\"height\":1000},{\"@type\":\"BreadcrumbList\",\"@id\":\"https:\\\/\\\/aquasound.eu\\\/de\\\/produkt\\\/wma50-sw\\\/#breadcrumb\",\"itemListElement\":[{\"@type\":\"ListItem\",\"position\":1,\"name\":\"Home\",\"item\":\"https:\\\/\\\/aquasound.eu\\\/de\\\/\"},{\"@type\":\"ListItem\",\"position\":2,\"name\":\"WooCommerce\",\"item\":\"https:\\\/\\\/aquasound.eu\\\/nl\\\/woocommerce\\\/\"},{\"@type\":\"ListItem\",\"position\":3,\"name\":\"WMA50-SW WLAN-Audio-Verst\u00e4rker 50 Watt mit Samba-Lautsprechern\"}]},{\"@type\":\"WebSite\",\"@id\":\"https:\\\/\\\/aquasound.eu\\\/nl\\\/#website\",\"url\":\"https:\\\/\\\/aquasound.eu\\\/nl\\\/\",\"name\":\"AquaSound\",\"description\":\"\",\"potentialAction\":[{\"@type\":\"SearchAction\",\"target\":{\"@type\":\"EntryPoint\",\"urlTemplate\":\"https:\\\/\\\/aquasound.eu\\\/nl\\\/?s={search_term_string}\"},\"query-input\":{\"@type\":\"PropertyValueSpecification\",\"valueRequired\":true,\"valueName\":\"search_term_string\"}}],\"inLanguage\":\"de\"}]}<\/script>\n<!-- \/ Yoast SEO plugin. -->","yoast_head_json":{"title":"WMA50-SW WLAN-Audio-Verst\u00e4rker 50 Watt mit Samba-Lautsprechern","robots":{"index":"index","follow":"follow","max-snippet":"max-snippet:-1","max-image-preview":"max-image-preview:large","max-video-preview":"max-video-preview:-1"},"canonical":"https:\/\/aquasound.eu\/de\/produkt\/wma50-sw\/","og_locale":"de_DE","og_type":"article","og_title":"WMA50-SW WLAN-Audio-Verst\u00e4rker 50 Watt mit Samba-Lautsprechern","og_description":"Dieser WLAN-Audio-Verst\u00e4rker hat eine Ausgangsleistung von 50 Watt und ist mit DLNA und Airplay kompatibel. Sobald er in ein Heimnetzwerk eingebunden ist, k\u00f6nnen alle Mobiltelefone im selben Netzwerk auf ihn streamen. Dieser Mini-Verst\u00e4rker kann mit allen Lautsprechern aus dem AquaSound-Sortiment kombiniert werden. Die Gr\u00f6\u00dfe dieses Verst\u00e4rkers ist etwas gr\u00f6\u00dfer als die seiner kleinen Schwester (WMA30). [&hellip;]","og_url":"https:\/\/aquasound.eu\/de\/produkt\/wma50-sw\/","og_site_name":"AquaSound","article_modified_time":"2025-08-28T11:34:16+00:00","og_image":[{"width":1000,"height":1000,"url":"https:\/\/aquasound.eu\/wp-content\/uploads\/WMA50-SW.webp","type":"image\/webp"}],"twitter_card":"summary_large_image","twitter_misc":{"Gesch\u00e4tzte Lesezeit":"1\u00a0Minute"},"schema":{"@context":"https:\/\/schema.org","@graph":[{"@type":"WebPage","@id":"https:\/\/aquasound.eu\/de\/produkt\/wma50-sw\/","url":"https:\/\/aquasound.eu\/de\/produkt\/wma50-sw\/","name":"WMA50-SW WLAN-Audio-Verst\u00e4rker 50 Watt mit Samba-Lautsprechern","isPartOf":{"@id":"https:\/\/aquasound.eu\/nl\/#website"},"primaryImageOfPage":{"@id":"https:\/\/aquasound.eu\/de\/produkt\/wma50-sw\/#primaryimage"},"image":{"@id":"https:\/\/aquasound.eu\/de\/produkt\/wma50-sw\/#primaryimage"},"thumbnailUrl":"https:\/\/aquasound.eu\/wp-content\/uploads\/WMA50-SW.webp","datePublished":"2022-05-18T09:47:22+00:00","dateModified":"2025-08-28T11:34:16+00:00","breadcrumb":{"@id":"https:\/\/aquasound.eu\/de\/produkt\/wma50-sw\/#breadcrumb"},"inLanguage":"de","potentialAction":[{"@type":"ReadAction","target":["https:\/\/aquasound.eu\/de\/produkt\/wma50-sw\/"]}]},{"@type":"ImageObject","inLanguage":"de","@id":"https:\/\/aquasound.eu\/de\/produkt\/wma50-sw\/#primaryimage","url":"https:\/\/aquasound.eu\/wp-content\/uploads\/WMA50-SW.webp","contentUrl":"https:\/\/aquasound.eu\/wp-content\/uploads\/WMA50-SW.webp","width":1000,"height":1000},{"@type":"BreadcrumbList","@id":"https:\/\/aquasound.eu\/de\/produkt\/wma50-sw\/#breadcrumb","itemListElement":[{"@type":"ListItem","position":1,"name":"Home","item":"https:\/\/aquasound.eu\/de\/"},{"@type":"ListItem","position":2,"name":"WooCommerce","item":"https:\/\/aquasound.eu\/nl\/woocommerce\/"},{"@type":"ListItem","position":3,"name":"WMA50-SW WLAN-Audio-Verst\u00e4rker 50 Watt mit Samba-Lautsprechern"}]},{"@type":"WebSite","@id":"https:\/\/aquasound.eu\/nl\/#website","url":"https:\/\/aquasound.eu\/nl\/","name":"AquaSound","description":"","potentialAction":[{"@type":"SearchAction","target":{"@type":"EntryPoint","urlTemplate":"https:\/\/aquasound.eu\/nl\/?s={search_term_string}"},"query-input":{"@type":"PropertyValueSpecification","valueRequired":true,"valueName":"search_term_string"}}],"inLanguage":"de"}]}},"_links":{"self":[{"href":"https:\/\/aquasound.eu\/de\/wp-json\/wp\/v2\/product\/25898","targetHints":{"allow":["GET"]}}],"collection":[{"href":"https:\/\/aquasound.eu\/de\/wp-json\/wp\/v2\/product"}],"about":[{"href":"https:\/\/aquasound.eu\/de\/wp-json\/wp\/v2\/types\/product"}],"wp:featuredmedia":[{"embeddable":true,"href":"https:\/\/aquasound.eu\/de\/wp-json\/wp\/v2\/media\/819"}],"wp:attachment":[{"href":"https:\/\/aquasound.eu\/de\/wp-json\/wp\/v2\/media?parent=25898"}],"wp:term":[{"taxonomy":"product_brand","embeddable":true,"href":"https:\/\/aquasound.eu\/de\/wp-json\/wp\/v2\/product_brand?post=25898"},{"taxonomy":"product_cat","embeddable":true,"href":"https:\/\/aquasound.eu\/de\/wp-json\/wp\/v2\/product_cat?post=25898"},{"taxonomy":"product_tag","embeddable":true,"href":"https:\/\/aquasound.eu\/de\/wp-json\/wp\/v2\/product_tag?post=25898"}],"curies":[{"name":"wp","href":"https:\/\/api.w.org\/{rel}","templated":true}]}}