{"id":25883,"date":"2022-05-18T12:10:46","date_gmt":"2022-05-18T10:10:46","guid":{"rendered":"http:\/\/timple.nl\/product\/wma70wlan-audio-verstaerker-70-watt\/"},"modified":"2025-02-19T15:22:23","modified_gmt":"2025-02-19T14:22:23","slug":"wma70","status":"publish","type":"product","link":"https:\/\/aquasound.eu\/de\/produkt\/wma70\/","title":{"rendered":"<b>WMA70<\/b> <br>WLAN-Audio-Verst\u00e4rker 70 Watt"},"content":{"rendered":"<p>Dieser WLAN-Audio-Verst\u00e4rker hat eine Ausgangsleistung von 70 Watt und ist mit DLNA und Airplay kompatibel. Sobald er in ein Heimnetzwerk eingebunden ist, k\u00f6nnen alle Mobiltelefone im selben Netzwerk auf ihn streamen. Dieser Mini-Verst\u00e4rker kann mit allen Lautsprechern aus dem AquaSound-Sortiment kombiniert werden. Die Gr\u00f6\u00dfe dieses Verst\u00e4rkers ist etwas gr\u00f6\u00dfer als die seiner kleinen Schwester (WMA30). Dadurch kann der Verst\u00e4rker mehr Leistung liefern. Au\u00dferdem verf\u00fcgt der Verst\u00e4rker \u00fcber eine externe Antenne f\u00fcr eine noch gr\u00f6\u00dfere Reichweite.<\/p>\n<p><strong>TIPP!<\/strong> Beachten Sie auch die optionale <a href=\"\/de\/produkt\/wma-ab\/\">WMA-AB-Fernbedienung<\/a> f\u00fcr zus\u00e4tzlichen Komfort.<\/p>\n<h4>Verst\u00e4rker<\/h4>\n<ul>\n<li>DLNA \/ Airplay-kompatibel<\/li>\n<li>2x 70 Watt MAX<\/li>\n<li>120 x 115 x 40 mm<\/li>\n<li>iOS und Android App verf\u00fcgbar<\/li>\n<li>Aux-Eingang (RCA), Auto-Aux<\/li>\n<li>WiFi \/ UTP<\/li>\n<li>Adapter: 230 V \/ 20 V (3.5 A)<\/li>\n<\/ul>\n","protected":false},"excerpt":{"rendered":"<p>Dieser WLAN-Audio-Verst\u00e4rker hat eine Ausgangsleistung von 70 Watt und ist mit DLNA und Airplay kompatibel. Sobald er in ein Heimnetzwerk eingebunden ist, k\u00f6nnen alle Mobiltelefone im selben Netzwerk auf ihn streamen. Dieser Mini-Verst\u00e4rker kann mit allen Lautsprechern aus dem AquaSound-Sortiment kombiniert werden. Die Gr\u00f6\u00dfe dieses Verst\u00e4rkers ist etwas gr\u00f6\u00dfer als die seiner kleinen Schwester (WMA30). [&hellip;]<\/p>\n","protected":false},"featured_media":24457,"template":"","meta":[],"product_brand":[],"product_cat":[70],"product_tag":[],"class_list":{"0":"post-25883","1":"product","2":"type-product","3":"status-publish","4":"has-post-thumbnail","6":"product_cat-wlan-audiosysteme","8":"first","9":"instock","10":"taxable","11":"shipping-taxable","12":"purchasable","13":"product-type-simple"},"yoast_head":"<!-- This site is optimized with the Yoast SEO plugin v27.3 - https:\/\/yoast.com\/product\/yoast-seo-wordpress\/ -->\n<title>WMA70 WLAN-Audio-Verst\u00e4rker 70 Watt<\/title>\n<meta name=\"robots\" content=\"index, follow, max-snippet:-1, max-image-preview:large, max-video-preview:-1\" \/>\n<link rel=\"canonical\" href=\"https:\/\/aquasound.eu\/de\/produkt\/wma70\/\" \/>\n<meta property=\"og:locale\" content=\"de_DE\" \/>\n<meta property=\"og:type\" content=\"article\" \/>\n<meta property=\"og:title\" content=\"WMA70 WLAN-Audio-Verst\u00e4rker 70 Watt\" \/>\n<meta property=\"og:description\" content=\"Dieser WLAN-Audio-Verst\u00e4rker hat eine Ausgangsleistung von 70 Watt und ist mit DLNA und Airplay kompatibel. Sobald er in ein Heimnetzwerk eingebunden ist, k\u00f6nnen alle Mobiltelefone im selben Netzwerk auf ihn streamen. Dieser Mini-Verst\u00e4rker kann mit allen Lautsprechern aus dem AquaSound-Sortiment kombiniert werden. Die Gr\u00f6\u00dfe dieses Verst\u00e4rkers ist etwas gr\u00f6\u00dfer als die seiner kleinen Schwester (WMA30). [&hellip;]\" \/>\n<meta property=\"og:url\" content=\"https:\/\/aquasound.eu\/de\/produkt\/wma70\/\" \/>\n<meta property=\"og:site_name\" content=\"AquaSound\" \/>\n<meta property=\"article:modified_time\" content=\"2025-02-19T14:22:23+00:00\" \/>\n<meta property=\"og:image\" content=\"https:\/\/aquasound.eu\/wp-content\/uploads\/WMA50.webp\" \/>\n\t<meta property=\"og:image:width\" content=\"1\" \/>\n\t<meta property=\"og:image:height\" content=\"1\" \/>\n\t<meta property=\"og:image:type\" content=\"image\/webp\" \/>\n<meta name=\"twitter:card\" content=\"summary_large_image\" \/>\n<meta name=\"twitter:label1\" content=\"Gesch\u00e4tzte Lesezeit\" \/>\n\t<meta name=\"twitter:data1\" content=\"1\u00a0Minute\" \/>\n<script type=\"application\/ld+json\" class=\"yoast-schema-graph\">{\"@context\":\"https:\\\/\\\/schema.org\",\"@graph\":[{\"@type\":\"WebPage\",\"@id\":\"https:\\\/\\\/aquasound.eu\\\/de\\\/produkt\\\/wma70\\\/\",\"url\":\"https:\\\/\\\/aquasound.eu\\\/de\\\/produkt\\\/wma70\\\/\",\"name\":\"WMA70 WLAN-Audio-Verst\u00e4rker 70 Watt\",\"isPartOf\":{\"@id\":\"https:\\\/\\\/aquasound.eu\\\/nl\\\/#website\"},\"primaryImageOfPage\":{\"@id\":\"https:\\\/\\\/aquasound.eu\\\/de\\\/produkt\\\/wma70\\\/#primaryimage\"},\"image\":{\"@id\":\"https:\\\/\\\/aquasound.eu\\\/de\\\/produkt\\\/wma70\\\/#primaryimage\"},\"thumbnailUrl\":\"https:\\\/\\\/aquasound.eu\\\/wp-content\\\/uploads\\\/WMA50.webp\",\"datePublished\":\"2022-05-18T10:10:46+00:00\",\"dateModified\":\"2025-02-19T14:22:23+00:00\",\"breadcrumb\":{\"@id\":\"https:\\\/\\\/aquasound.eu\\\/de\\\/produkt\\\/wma70\\\/#breadcrumb\"},\"inLanguage\":\"de\",\"potentialAction\":[{\"@type\":\"ReadAction\",\"target\":[\"https:\\\/\\\/aquasound.eu\\\/de\\\/produkt\\\/wma70\\\/\"]}]},{\"@type\":\"ImageObject\",\"inLanguage\":\"de\",\"@id\":\"https:\\\/\\\/aquasound.eu\\\/de\\\/produkt\\\/wma70\\\/#primaryimage\",\"url\":\"https:\\\/\\\/aquasound.eu\\\/wp-content\\\/uploads\\\/WMA50.webp\",\"contentUrl\":\"https:\\\/\\\/aquasound.eu\\\/wp-content\\\/uploads\\\/WMA50.webp\"},{\"@type\":\"BreadcrumbList\",\"@id\":\"https:\\\/\\\/aquasound.eu\\\/de\\\/produkt\\\/wma70\\\/#breadcrumb\",\"itemListElement\":[{\"@type\":\"ListItem\",\"position\":1,\"name\":\"Home\",\"item\":\"https:\\\/\\\/aquasound.eu\\\/de\\\/\"},{\"@type\":\"ListItem\",\"position\":2,\"name\":\"WooCommerce\",\"item\":\"https:\\\/\\\/aquasound.eu\\\/nl\\\/woocommerce\\\/\"},{\"@type\":\"ListItem\",\"position\":3,\"name\":\"&lt;b&gt;WMA70&lt;\\\/b&gt; &lt;br&gt;WLAN-Audio-Verst\u00e4rker 70 Watt\"}]},{\"@type\":\"WebSite\",\"@id\":\"https:\\\/\\\/aquasound.eu\\\/nl\\\/#website\",\"url\":\"https:\\\/\\\/aquasound.eu\\\/nl\\\/\",\"name\":\"AquaSound\",\"description\":\"\",\"potentialAction\":[{\"@type\":\"SearchAction\",\"target\":{\"@type\":\"EntryPoint\",\"urlTemplate\":\"https:\\\/\\\/aquasound.eu\\\/nl\\\/?s={search_term_string}\"},\"query-input\":{\"@type\":\"PropertyValueSpecification\",\"valueRequired\":true,\"valueName\":\"search_term_string\"}}],\"inLanguage\":\"de\"}]}<\/script>\n<!-- \/ Yoast SEO plugin. -->","yoast_head_json":{"title":"WMA70 WLAN-Audio-Verst\u00e4rker 70 Watt","robots":{"index":"index","follow":"follow","max-snippet":"max-snippet:-1","max-image-preview":"max-image-preview:large","max-video-preview":"max-video-preview:-1"},"canonical":"https:\/\/aquasound.eu\/de\/produkt\/wma70\/","og_locale":"de_DE","og_type":"article","og_title":"WMA70 WLAN-Audio-Verst\u00e4rker 70 Watt","og_description":"Dieser WLAN-Audio-Verst\u00e4rker hat eine Ausgangsleistung von 70 Watt und ist mit DLNA und Airplay kompatibel. Sobald er in ein Heimnetzwerk eingebunden ist, k\u00f6nnen alle Mobiltelefone im selben Netzwerk auf ihn streamen. Dieser Mini-Verst\u00e4rker kann mit allen Lautsprechern aus dem AquaSound-Sortiment kombiniert werden. Die Gr\u00f6\u00dfe dieses Verst\u00e4rkers ist etwas gr\u00f6\u00dfer als die seiner kleinen Schwester (WMA30). [&hellip;]","og_url":"https:\/\/aquasound.eu\/de\/produkt\/wma70\/","og_site_name":"AquaSound","article_modified_time":"2025-02-19T14:22:23+00:00","og_image":[{"url":"https:\/\/aquasound.eu\/wp-content\/uploads\/WMA50.webp","width":1,"height":1,"type":"image\/webp"}],"twitter_card":"summary_large_image","twitter_misc":{"Gesch\u00e4tzte Lesezeit":"1\u00a0Minute"},"schema":{"@context":"https:\/\/schema.org","@graph":[{"@type":"WebPage","@id":"https:\/\/aquasound.eu\/de\/produkt\/wma70\/","url":"https:\/\/aquasound.eu\/de\/produkt\/wma70\/","name":"WMA70 WLAN-Audio-Verst\u00e4rker 70 Watt","isPartOf":{"@id":"https:\/\/aquasound.eu\/nl\/#website"},"primaryImageOfPage":{"@id":"https:\/\/aquasound.eu\/de\/produkt\/wma70\/#primaryimage"},"image":{"@id":"https:\/\/aquasound.eu\/de\/produkt\/wma70\/#primaryimage"},"thumbnailUrl":"https:\/\/aquasound.eu\/wp-content\/uploads\/WMA50.webp","datePublished":"2022-05-18T10:10:46+00:00","dateModified":"2025-02-19T14:22:23+00:00","breadcrumb":{"@id":"https:\/\/aquasound.eu\/de\/produkt\/wma70\/#breadcrumb"},"inLanguage":"de","potentialAction":[{"@type":"ReadAction","target":["https:\/\/aquasound.eu\/de\/produkt\/wma70\/"]}]},{"@type":"ImageObject","inLanguage":"de","@id":"https:\/\/aquasound.eu\/de\/produkt\/wma70\/#primaryimage","url":"https:\/\/aquasound.eu\/wp-content\/uploads\/WMA50.webp","contentUrl":"https:\/\/aquasound.eu\/wp-content\/uploads\/WMA50.webp"},{"@type":"BreadcrumbList","@id":"https:\/\/aquasound.eu\/de\/produkt\/wma70\/#breadcrumb","itemListElement":[{"@type":"ListItem","position":1,"name":"Home","item":"https:\/\/aquasound.eu\/de\/"},{"@type":"ListItem","position":2,"name":"WooCommerce","item":"https:\/\/aquasound.eu\/nl\/woocommerce\/"},{"@type":"ListItem","position":3,"name":"&lt;b&gt;WMA70&lt;\/b&gt; &lt;br&gt;WLAN-Audio-Verst\u00e4rker 70 Watt"}]},{"@type":"WebSite","@id":"https:\/\/aquasound.eu\/nl\/#website","url":"https:\/\/aquasound.eu\/nl\/","name":"AquaSound","description":"","potentialAction":[{"@type":"SearchAction","target":{"@type":"EntryPoint","urlTemplate":"https:\/\/aquasound.eu\/nl\/?s={search_term_string}"},"query-input":{"@type":"PropertyValueSpecification","valueRequired":true,"valueName":"search_term_string"}}],"inLanguage":"de"}]}},"_links":{"self":[{"href":"https:\/\/aquasound.eu\/de\/wp-json\/wp\/v2\/product\/25883","targetHints":{"allow":["GET"]}}],"collection":[{"href":"https:\/\/aquasound.eu\/de\/wp-json\/wp\/v2\/product"}],"about":[{"href":"https:\/\/aquasound.eu\/de\/wp-json\/wp\/v2\/types\/product"}],"wp:featuredmedia":[{"embeddable":true,"href":"https:\/\/aquasound.eu\/de\/wp-json\/wp\/v2\/media\/24457"}],"wp:attachment":[{"href":"https:\/\/aquasound.eu\/de\/wp-json\/wp\/v2\/media?parent=25883"}],"wp:term":[{"taxonomy":"product_brand","embeddable":true,"href":"https:\/\/aquasound.eu\/de\/wp-json\/wp\/v2\/product_brand?post=25883"},{"taxonomy":"product_cat","embeddable":true,"href":"https:\/\/aquasound.eu\/de\/wp-json\/wp\/v2\/product_cat?post=25883"},{"taxonomy":"product_tag","embeddable":true,"href":"https:\/\/aquasound.eu\/de\/wp-json\/wp\/v2\/product_tag?post=25883"}],"curies":[{"name":"wp","href":"https:\/\/api.w.org\/{rel}","templated":true}]}}