{"id":25863,"date":"2022-05-18T12:41:25","date_gmt":"2022-05-18T10:41:25","guid":{"rendered":"http:\/\/timple.nl\/product\/spkzumba-wzumba-lautsprecher-set-100-watt\/"},"modified":"2025-08-28T13:40:38","modified_gmt":"2025-08-28T11:40:38","slug":"spkzumba-w","status":"publish","type":"product","link":"https:\/\/aquasound.eu\/de\/produkt\/spkzumba-w\/","title":{"rendered":"<b>SPKZUMBA-W<\/b> <br>Zumba Lautsprecherset 100 Watt"},"content":{"rendered":"<p>Die Zumba-Lautsprecher bieten - einmal installiert - das ultimative Klangerlebnis im Badezimmer. Es handelt sich um das gr\u00f6\u00dfte Lautsprecherset der AquaSound-Reihe, welches ein breites Klangspektrum und einen kristallklaren Klang bietet. Hinweis: Dies sind separate Lautsprecher. Sie m\u00fcssen diese Lautsprecher trotzdem an einen Verst\u00e4rker anschlie\u00dfen.<\/p>\n<h4>Technische Daten<\/h4>\n<ul>\n<li>Pro Set mit 2 St\u00fcck<\/li>\n<li>100 Watt MAX<\/li>\n<li>226 x 89 mm (T x H)<\/li>\n<li>206 mm (Gr\u00f6\u00dfe der Bohrung)<\/li>\n<li>IPX4 Zertifizierung<\/li>\n<li>Verschiedene Farboptionen<\/li>\n<\/ul>\n","protected":false},"excerpt":{"rendered":"<p>Die Zumba-Lautsprecher bieten - einmal installiert - das ultimative Klangerlebnis im Badezimmer. Es handelt sich um das gr\u00f6\u00dfte Lautsprecherset der AquaSound-Reihe, welches ein breites Klangspektrum und einen kristallklaren Klang bietet. Hinweis: Dies sind separate Lautsprecher. Sie m\u00fcssen diese Lautsprecher trotzdem an einen Verst\u00e4rker anschlie\u00dfen. Technische Daten Pro Set mit 2 St\u00fcck 100 Watt MAX 226 [&hellip;]<\/p>\n","protected":false},"featured_media":24488,"template":"","meta":[],"product_brand":[],"product_cat":[67],"product_tag":[],"class_list":{"0":"post-25863","1":"product","2":"type-product","3":"status-publish","4":"has-post-thumbnail","6":"product_cat-badezimmer-lautsprecher","8":"first","9":"instock","10":"taxable","11":"shipping-taxable","12":"purchasable","13":"product-type-variable","14":"has-default-attributes"},"yoast_head":"<!-- This site is optimized with the Yoast SEO plugin v27.3 - https:\/\/yoast.com\/product\/yoast-seo-wordpress\/ -->\n<title>SPKZUMBA-W Zumba Lautsprecherset 100 Watt<\/title>\n<meta name=\"robots\" content=\"index, follow, max-snippet:-1, max-image-preview:large, max-video-preview:-1\" \/>\n<link rel=\"canonical\" href=\"https:\/\/aquasound.eu\/de\/produkt\/spkzumba-w\/\" \/>\n<meta property=\"og:locale\" content=\"de_DE\" \/>\n<meta property=\"og:type\" content=\"article\" \/>\n<meta property=\"og:title\" content=\"SPKZUMBA-W Zumba Lautsprecherset 100 Watt\" \/>\n<meta property=\"og:description\" content=\"Die Zumba-Lautsprecher bieten - einmal installiert - das ultimative Klangerlebnis im Badezimmer. Es handelt sich um das gr\u00f6\u00dfte Lautsprecherset der AquaSound-Reihe, welches ein breites Klangspektrum und einen kristallklaren Klang bietet. Hinweis: Dies sind separate Lautsprecher. Sie m\u00fcssen diese Lautsprecher trotzdem an einen Verst\u00e4rker anschlie\u00dfen. Technische Daten Pro Set mit 2 St\u00fcck 100 Watt MAX 226 [&hellip;]\" \/>\n<meta property=\"og:url\" content=\"https:\/\/aquasound.eu\/de\/produkt\/spkzumba-w\/\" \/>\n<meta property=\"og:site_name\" content=\"AquaSound\" \/>\n<meta property=\"article:modified_time\" content=\"2025-08-28T11:40:38+00:00\" \/>\n<meta property=\"og:image\" content=\"https:\/\/aquasound.eu\/wp-content\/uploads\/SPKZumba-W-1.webp\" \/>\n\t<meta property=\"og:image:width\" content=\"1000\" \/>\n\t<meta property=\"og:image:height\" content=\"1000\" \/>\n\t<meta property=\"og:image:type\" content=\"image\/webp\" \/>\n<meta name=\"twitter:card\" content=\"summary_large_image\" \/>\n<meta name=\"twitter:label1\" content=\"Gesch\u00e4tzte Lesezeit\" \/>\n\t<meta name=\"twitter:data1\" content=\"1\u00a0Minute\" \/>\n<script type=\"application\/ld+json\" class=\"yoast-schema-graph\">{\"@context\":\"https:\\\/\\\/schema.org\",\"@graph\":[{\"@type\":\"WebPage\",\"@id\":\"https:\\\/\\\/aquasound.eu\\\/de\\\/produkt\\\/spkzumba-w\\\/\",\"url\":\"https:\\\/\\\/aquasound.eu\\\/de\\\/produkt\\\/spkzumba-w\\\/\",\"name\":\"SPKZUMBA-W Zumba Lautsprecherset 100 Watt\",\"isPartOf\":{\"@id\":\"https:\\\/\\\/aquasound.eu\\\/nl\\\/#website\"},\"primaryImageOfPage\":{\"@id\":\"https:\\\/\\\/aquasound.eu\\\/de\\\/produkt\\\/spkzumba-w\\\/#primaryimage\"},\"image\":{\"@id\":\"https:\\\/\\\/aquasound.eu\\\/de\\\/produkt\\\/spkzumba-w\\\/#primaryimage\"},\"thumbnailUrl\":\"https:\\\/\\\/aquasound.eu\\\/wp-content\\\/uploads\\\/SPKZumba-W-1.webp\",\"datePublished\":\"2022-05-18T10:41:25+00:00\",\"dateModified\":\"2025-08-28T11:40:38+00:00\",\"breadcrumb\":{\"@id\":\"https:\\\/\\\/aquasound.eu\\\/de\\\/produkt\\\/spkzumba-w\\\/#breadcrumb\"},\"inLanguage\":\"de\",\"potentialAction\":[{\"@type\":\"ReadAction\",\"target\":[\"https:\\\/\\\/aquasound.eu\\\/de\\\/produkt\\\/spkzumba-w\\\/\"]}]},{\"@type\":\"ImageObject\",\"inLanguage\":\"de\",\"@id\":\"https:\\\/\\\/aquasound.eu\\\/de\\\/produkt\\\/spkzumba-w\\\/#primaryimage\",\"url\":\"https:\\\/\\\/aquasound.eu\\\/wp-content\\\/uploads\\\/SPKZumba-W-1.webp\",\"contentUrl\":\"https:\\\/\\\/aquasound.eu\\\/wp-content\\\/uploads\\\/SPKZumba-W-1.webp\",\"width\":1000,\"height\":1000},{\"@type\":\"BreadcrumbList\",\"@id\":\"https:\\\/\\\/aquasound.eu\\\/de\\\/produkt\\\/spkzumba-w\\\/#breadcrumb\",\"itemListElement\":[{\"@type\":\"ListItem\",\"position\":1,\"name\":\"Home\",\"item\":\"https:\\\/\\\/aquasound.eu\\\/de\\\/\"},{\"@type\":\"ListItem\",\"position\":2,\"name\":\"WooCommerce\",\"item\":\"https:\\\/\\\/aquasound.eu\\\/nl\\\/woocommerce\\\/\"},{\"@type\":\"ListItem\",\"position\":3,\"name\":\"SPKZUMBA-W Zumba Lautsprecherset 100 Watt\"}]},{\"@type\":\"WebSite\",\"@id\":\"https:\\\/\\\/aquasound.eu\\\/nl\\\/#website\",\"url\":\"https:\\\/\\\/aquasound.eu\\\/nl\\\/\",\"name\":\"AquaSound\",\"description\":\"\",\"potentialAction\":[{\"@type\":\"SearchAction\",\"target\":{\"@type\":\"EntryPoint\",\"urlTemplate\":\"https:\\\/\\\/aquasound.eu\\\/nl\\\/?s={search_term_string}\"},\"query-input\":{\"@type\":\"PropertyValueSpecification\",\"valueRequired\":true,\"valueName\":\"search_term_string\"}}],\"inLanguage\":\"de\"}]}<\/script>\n<!-- \/ Yoast SEO plugin. -->","yoast_head_json":{"title":"SPKZUMBA-W Zumba Lautsprecherset 100 Watt","robots":{"index":"index","follow":"follow","max-snippet":"max-snippet:-1","max-image-preview":"max-image-preview:large","max-video-preview":"max-video-preview:-1"},"canonical":"https:\/\/aquasound.eu\/de\/produkt\/spkzumba-w\/","og_locale":"de_DE","og_type":"article","og_title":"SPKZUMBA-W Zumba Lautsprecherset 100 Watt","og_description":"Die Zumba-Lautsprecher bieten - einmal installiert - das ultimative Klangerlebnis im Badezimmer. Es handelt sich um das gr\u00f6\u00dfte Lautsprecherset der AquaSound-Reihe, welches ein breites Klangspektrum und einen kristallklaren Klang bietet. Hinweis: Dies sind separate Lautsprecher. Sie m\u00fcssen diese Lautsprecher trotzdem an einen Verst\u00e4rker anschlie\u00dfen. Technische Daten Pro Set mit 2 St\u00fcck 100 Watt MAX 226 [&hellip;]","og_url":"https:\/\/aquasound.eu\/de\/produkt\/spkzumba-w\/","og_site_name":"AquaSound","article_modified_time":"2025-08-28T11:40:38+00:00","og_image":[{"width":1000,"height":1000,"url":"https:\/\/aquasound.eu\/wp-content\/uploads\/SPKZumba-W-1.webp","type":"image\/webp"}],"twitter_card":"summary_large_image","twitter_misc":{"Gesch\u00e4tzte Lesezeit":"1\u00a0Minute"},"schema":{"@context":"https:\/\/schema.org","@graph":[{"@type":"WebPage","@id":"https:\/\/aquasound.eu\/de\/produkt\/spkzumba-w\/","url":"https:\/\/aquasound.eu\/de\/produkt\/spkzumba-w\/","name":"SPKZUMBA-W Zumba Lautsprecherset 100 Watt","isPartOf":{"@id":"https:\/\/aquasound.eu\/nl\/#website"},"primaryImageOfPage":{"@id":"https:\/\/aquasound.eu\/de\/produkt\/spkzumba-w\/#primaryimage"},"image":{"@id":"https:\/\/aquasound.eu\/de\/produkt\/spkzumba-w\/#primaryimage"},"thumbnailUrl":"https:\/\/aquasound.eu\/wp-content\/uploads\/SPKZumba-W-1.webp","datePublished":"2022-05-18T10:41:25+00:00","dateModified":"2025-08-28T11:40:38+00:00","breadcrumb":{"@id":"https:\/\/aquasound.eu\/de\/produkt\/spkzumba-w\/#breadcrumb"},"inLanguage":"de","potentialAction":[{"@type":"ReadAction","target":["https:\/\/aquasound.eu\/de\/produkt\/spkzumba-w\/"]}]},{"@type":"ImageObject","inLanguage":"de","@id":"https:\/\/aquasound.eu\/de\/produkt\/spkzumba-w\/#primaryimage","url":"https:\/\/aquasound.eu\/wp-content\/uploads\/SPKZumba-W-1.webp","contentUrl":"https:\/\/aquasound.eu\/wp-content\/uploads\/SPKZumba-W-1.webp","width":1000,"height":1000},{"@type":"BreadcrumbList","@id":"https:\/\/aquasound.eu\/de\/produkt\/spkzumba-w\/#breadcrumb","itemListElement":[{"@type":"ListItem","position":1,"name":"Home","item":"https:\/\/aquasound.eu\/de\/"},{"@type":"ListItem","position":2,"name":"WooCommerce","item":"https:\/\/aquasound.eu\/nl\/woocommerce\/"},{"@type":"ListItem","position":3,"name":"SPKZUMBA-W Zumba Lautsprecherset 100 Watt"}]},{"@type":"WebSite","@id":"https:\/\/aquasound.eu\/nl\/#website","url":"https:\/\/aquasound.eu\/nl\/","name":"AquaSound","description":"","potentialAction":[{"@type":"SearchAction","target":{"@type":"EntryPoint","urlTemplate":"https:\/\/aquasound.eu\/nl\/?s={search_term_string}"},"query-input":{"@type":"PropertyValueSpecification","valueRequired":true,"valueName":"search_term_string"}}],"inLanguage":"de"}]}},"_links":{"self":[{"href":"https:\/\/aquasound.eu\/de\/wp-json\/wp\/v2\/product\/25863","targetHints":{"allow":["GET"]}}],"collection":[{"href":"https:\/\/aquasound.eu\/de\/wp-json\/wp\/v2\/product"}],"about":[{"href":"https:\/\/aquasound.eu\/de\/wp-json\/wp\/v2\/types\/product"}],"wp:featuredmedia":[{"embeddable":true,"href":"https:\/\/aquasound.eu\/de\/wp-json\/wp\/v2\/media\/24488"}],"wp:attachment":[{"href":"https:\/\/aquasound.eu\/de\/wp-json\/wp\/v2\/media?parent=25863"}],"wp:term":[{"taxonomy":"product_brand","embeddable":true,"href":"https:\/\/aquasound.eu\/de\/wp-json\/wp\/v2\/product_brand?post=25863"},{"taxonomy":"product_cat","embeddable":true,"href":"https:\/\/aquasound.eu\/de\/wp-json\/wp\/v2\/product_cat?post=25863"},{"taxonomy":"product_tag","embeddable":true,"href":"https:\/\/aquasound.eu\/de\/wp-json\/wp\/v2\/product_tag?post=25863"}],"curies":[{"name":"wp","href":"https:\/\/api.w.org\/{rel}","templated":true}]}}