{"id":25858,"date":"2022-05-18T12:45:17","date_gmt":"2022-05-18T10:45:17","guid":{"rendered":"http:\/\/timple.nl\/product\/spktwist135-wtwist-lautsprecher-set-45-watt\/"},"modified":"2025-08-28T13:40:34","modified_gmt":"2025-08-28T11:40:34","slug":"spktwist135-w","status":"publish","type":"product","link":"https:\/\/aquasound.eu\/de\/produkt\/spktwist135-w\/","title":{"rendered":"<b>SPKTWIST135-W<\/b> <br>Twist Lautsprecherset 45 Watt"},"content":{"rendered":"<p>Die Twist-Lautsprecherserie ist der ideale Lautsprecher f\u00fcr jedes Badezimmer. Klein und wasserfest, aber trotzdem mit einem tollen Sound. Dieser wasserfeste Lautsprecher hat eine maximale Ausgangsleistung von 45 Watt. Dieses Modell ben\u00f6tigt nur 43 mm Einbautiefe. Sein Au\u00dfendurchmesser betr\u00e4gt 135 mm. Erh\u00e4ltlich in Wei\u00df, Mattschwarz oder Mattchrom.<\/p>\n<h4>Technische Daten<\/h4>\n<ul>\n<li>Satz mit 2 St\u00fcck<\/li>\n<li>45 Watt MAX<\/li>\n<li>135 x 43 mm (T x H)<\/li>\n<li>110 mm (Gr\u00f6\u00dfe der Bohrung)<\/li>\n<li>IPX4 Zertifizierung<\/li>\n<li>Wei\u00df, Schwarz, Mattchrom<\/li>\n<\/ul>\n<p>&nbsp;<\/p>\n","protected":false},"excerpt":{"rendered":"<p>Die Twist-Lautsprecherserie ist der ideale Lautsprecher f\u00fcr jedes Badezimmer. Klein und wasserfest, aber trotzdem mit einem tollen Sound. Dieser wasserfeste Lautsprecher hat eine maximale Ausgangsleistung von 45 Watt. Dieses Modell ben\u00f6tigt nur 43 mm Einbautiefe. Sein Au\u00dfendurchmesser betr\u00e4gt 135 mm. Erh\u00e4ltlich in Wei\u00df, Mattschwarz oder Mattchrom. Technische Daten Satz mit 2 St\u00fcck 45 Watt MAX [&hellip;]<\/p>\n","protected":false},"featured_media":24501,"template":"","meta":[],"product_brand":[],"product_cat":[67],"product_tag":[],"class_list":{"0":"post-25858","1":"product","2":"type-product","3":"status-publish","4":"has-post-thumbnail","6":"product_cat-badezimmer-lautsprecher","8":"first","9":"instock","10":"taxable","11":"shipping-taxable","12":"purchasable","13":"product-type-variable","14":"has-default-attributes"},"yoast_head":"<!-- This site is optimized with the Yoast SEO plugin v27.4 - https:\/\/yoast.com\/product\/yoast-seo-wordpress\/ -->\n<title>SPKTWIST135-W Twist Lautsprecherset 45 Watt<\/title>\n<meta name=\"robots\" content=\"index, follow, max-snippet:-1, max-image-preview:large, max-video-preview:-1\" \/>\n<link rel=\"canonical\" href=\"https:\/\/aquasound.eu\/de\/produkt\/spktwist135-w\/\" \/>\n<meta property=\"og:locale\" content=\"de_DE\" \/>\n<meta property=\"og:type\" content=\"article\" \/>\n<meta property=\"og:title\" content=\"SPKTWIST135-W Twist Lautsprecherset 45 Watt\" \/>\n<meta property=\"og:description\" content=\"Die Twist-Lautsprecherserie ist der ideale Lautsprecher f\u00fcr jedes Badezimmer. Klein und wasserfest, aber trotzdem mit einem tollen Sound. Dieser wasserfeste Lautsprecher hat eine maximale Ausgangsleistung von 45 Watt. Dieses Modell ben\u00f6tigt nur 43 mm Einbautiefe. Sein Au\u00dfendurchmesser betr\u00e4gt 135 mm. Erh\u00e4ltlich in Wei\u00df, Mattschwarz oder Mattchrom. Technische Daten Satz mit 2 St\u00fcck 45 Watt MAX [&hellip;]\" \/>\n<meta property=\"og:url\" content=\"https:\/\/aquasound.eu\/de\/produkt\/spktwist135-w\/\" \/>\n<meta property=\"og:site_name\" content=\"AquaSound\" \/>\n<meta property=\"article:modified_time\" content=\"2025-08-28T11:40:34+00:00\" \/>\n<meta property=\"og:image\" content=\"https:\/\/aquasound.eu\/wp-content\/uploads\/SPKTWIST135-W-1.webp\" \/>\n\t<meta property=\"og:image:width\" content=\"1\" \/>\n\t<meta property=\"og:image:height\" content=\"1\" \/>\n\t<meta property=\"og:image:type\" content=\"image\/webp\" \/>\n<meta name=\"twitter:card\" content=\"summary_large_image\" \/>\n<meta name=\"twitter:label1\" content=\"Gesch\u00e4tzte Lesezeit\" \/>\n\t<meta name=\"twitter:data1\" content=\"1\u00a0Minute\" \/>\n<script type=\"application\/ld+json\" class=\"yoast-schema-graph\">{\"@context\":\"https:\\\/\\\/schema.org\",\"@graph\":[{\"@type\":\"WebPage\",\"@id\":\"https:\\\/\\\/aquasound.eu\\\/de\\\/produkt\\\/spktwist135-w\\\/\",\"url\":\"https:\\\/\\\/aquasound.eu\\\/de\\\/produkt\\\/spktwist135-w\\\/\",\"name\":\"SPKTWIST135-W Twist Lautsprecherset 45 Watt\",\"isPartOf\":{\"@id\":\"https:\\\/\\\/aquasound.eu\\\/nl\\\/#website\"},\"primaryImageOfPage\":{\"@id\":\"https:\\\/\\\/aquasound.eu\\\/de\\\/produkt\\\/spktwist135-w\\\/#primaryimage\"},\"image\":{\"@id\":\"https:\\\/\\\/aquasound.eu\\\/de\\\/produkt\\\/spktwist135-w\\\/#primaryimage\"},\"thumbnailUrl\":\"https:\\\/\\\/aquasound.eu\\\/wp-content\\\/uploads\\\/SPKTWIST135-W-1.webp\",\"datePublished\":\"2022-05-18T10:45:17+00:00\",\"dateModified\":\"2025-08-28T11:40:34+00:00\",\"breadcrumb\":{\"@id\":\"https:\\\/\\\/aquasound.eu\\\/de\\\/produkt\\\/spktwist135-w\\\/#breadcrumb\"},\"inLanguage\":\"de\",\"potentialAction\":[{\"@type\":\"ReadAction\",\"target\":[\"https:\\\/\\\/aquasound.eu\\\/de\\\/produkt\\\/spktwist135-w\\\/\"]}]},{\"@type\":\"ImageObject\",\"inLanguage\":\"de\",\"@id\":\"https:\\\/\\\/aquasound.eu\\\/de\\\/produkt\\\/spktwist135-w\\\/#primaryimage\",\"url\":\"https:\\\/\\\/aquasound.eu\\\/wp-content\\\/uploads\\\/SPKTWIST135-W-1.webp\",\"contentUrl\":\"https:\\\/\\\/aquasound.eu\\\/wp-content\\\/uploads\\\/SPKTWIST135-W-1.webp\"},{\"@type\":\"BreadcrumbList\",\"@id\":\"https:\\\/\\\/aquasound.eu\\\/de\\\/produkt\\\/spktwist135-w\\\/#breadcrumb\",\"itemListElement\":[{\"@type\":\"ListItem\",\"position\":1,\"name\":\"Home\",\"item\":\"https:\\\/\\\/aquasound.eu\\\/de\\\/\"},{\"@type\":\"ListItem\",\"position\":2,\"name\":\"WooCommerce\",\"item\":\"https:\\\/\\\/aquasound.eu\\\/nl\\\/woocommerce\\\/\"},{\"@type\":\"ListItem\",\"position\":3,\"name\":\"SPKTWIST135-W Twist Lautsprecherset 45 Watt\"}]},{\"@type\":\"WebSite\",\"@id\":\"https:\\\/\\\/aquasound.eu\\\/nl\\\/#website\",\"url\":\"https:\\\/\\\/aquasound.eu\\\/nl\\\/\",\"name\":\"AquaSound\",\"description\":\"\",\"potentialAction\":[{\"@type\":\"SearchAction\",\"target\":{\"@type\":\"EntryPoint\",\"urlTemplate\":\"https:\\\/\\\/aquasound.eu\\\/nl\\\/?s={search_term_string}\"},\"query-input\":{\"@type\":\"PropertyValueSpecification\",\"valueRequired\":true,\"valueName\":\"search_term_string\"}}],\"inLanguage\":\"de\"}]}<\/script>\n<!-- \/ Yoast SEO plugin. -->","yoast_head_json":{"title":"SPKTWIST135-W Twist Lautsprecherset 45 Watt","robots":{"index":"index","follow":"follow","max-snippet":"max-snippet:-1","max-image-preview":"max-image-preview:large","max-video-preview":"max-video-preview:-1"},"canonical":"https:\/\/aquasound.eu\/de\/produkt\/spktwist135-w\/","og_locale":"de_DE","og_type":"article","og_title":"SPKTWIST135-W Twist Lautsprecherset 45 Watt","og_description":"Die Twist-Lautsprecherserie ist der ideale Lautsprecher f\u00fcr jedes Badezimmer. Klein und wasserfest, aber trotzdem mit einem tollen Sound. Dieser wasserfeste Lautsprecher hat eine maximale Ausgangsleistung von 45 Watt. Dieses Modell ben\u00f6tigt nur 43 mm Einbautiefe. Sein Au\u00dfendurchmesser betr\u00e4gt 135 mm. Erh\u00e4ltlich in Wei\u00df, Mattschwarz oder Mattchrom. Technische Daten Satz mit 2 St\u00fcck 45 Watt MAX [&hellip;]","og_url":"https:\/\/aquasound.eu\/de\/produkt\/spktwist135-w\/","og_site_name":"AquaSound","article_modified_time":"2025-08-28T11:40:34+00:00","og_image":[{"url":"https:\/\/aquasound.eu\/wp-content\/uploads\/SPKTWIST135-W-1.webp","width":1,"height":1,"type":"image\/webp"}],"twitter_card":"summary_large_image","twitter_misc":{"Gesch\u00e4tzte Lesezeit":"1\u00a0Minute"},"schema":{"@context":"https:\/\/schema.org","@graph":[{"@type":"WebPage","@id":"https:\/\/aquasound.eu\/de\/produkt\/spktwist135-w\/","url":"https:\/\/aquasound.eu\/de\/produkt\/spktwist135-w\/","name":"SPKTWIST135-W Twist Lautsprecherset 45 Watt","isPartOf":{"@id":"https:\/\/aquasound.eu\/nl\/#website"},"primaryImageOfPage":{"@id":"https:\/\/aquasound.eu\/de\/produkt\/spktwist135-w\/#primaryimage"},"image":{"@id":"https:\/\/aquasound.eu\/de\/produkt\/spktwist135-w\/#primaryimage"},"thumbnailUrl":"https:\/\/aquasound.eu\/wp-content\/uploads\/SPKTWIST135-W-1.webp","datePublished":"2022-05-18T10:45:17+00:00","dateModified":"2025-08-28T11:40:34+00:00","breadcrumb":{"@id":"https:\/\/aquasound.eu\/de\/produkt\/spktwist135-w\/#breadcrumb"},"inLanguage":"de","potentialAction":[{"@type":"ReadAction","target":["https:\/\/aquasound.eu\/de\/produkt\/spktwist135-w\/"]}]},{"@type":"ImageObject","inLanguage":"de","@id":"https:\/\/aquasound.eu\/de\/produkt\/spktwist135-w\/#primaryimage","url":"https:\/\/aquasound.eu\/wp-content\/uploads\/SPKTWIST135-W-1.webp","contentUrl":"https:\/\/aquasound.eu\/wp-content\/uploads\/SPKTWIST135-W-1.webp"},{"@type":"BreadcrumbList","@id":"https:\/\/aquasound.eu\/de\/produkt\/spktwist135-w\/#breadcrumb","itemListElement":[{"@type":"ListItem","position":1,"name":"Home","item":"https:\/\/aquasound.eu\/de\/"},{"@type":"ListItem","position":2,"name":"WooCommerce","item":"https:\/\/aquasound.eu\/nl\/woocommerce\/"},{"@type":"ListItem","position":3,"name":"SPKTWIST135-W Twist Lautsprecherset 45 Watt"}]},{"@type":"WebSite","@id":"https:\/\/aquasound.eu\/nl\/#website","url":"https:\/\/aquasound.eu\/nl\/","name":"AquaSound","description":"","potentialAction":[{"@type":"SearchAction","target":{"@type":"EntryPoint","urlTemplate":"https:\/\/aquasound.eu\/nl\/?s={search_term_string}"},"query-input":{"@type":"PropertyValueSpecification","valueRequired":true,"valueName":"search_term_string"}}],"inLanguage":"de"}]}},"_links":{"self":[{"href":"https:\/\/aquasound.eu\/de\/wp-json\/wp\/v2\/product\/25858","targetHints":{"allow":["GET"]}}],"collection":[{"href":"https:\/\/aquasound.eu\/de\/wp-json\/wp\/v2\/product"}],"about":[{"href":"https:\/\/aquasound.eu\/de\/wp-json\/wp\/v2\/types\/product"}],"wp:featuredmedia":[{"embeddable":true,"href":"https:\/\/aquasound.eu\/de\/wp-json\/wp\/v2\/media\/24501"}],"wp:attachment":[{"href":"https:\/\/aquasound.eu\/de\/wp-json\/wp\/v2\/media?parent=25858"}],"wp:term":[{"taxonomy":"product_brand","embeddable":true,"href":"https:\/\/aquasound.eu\/de\/wp-json\/wp\/v2\/product_brand?post=25858"},{"taxonomy":"product_cat","embeddable":true,"href":"https:\/\/aquasound.eu\/de\/wp-json\/wp\/v2\/product_cat?post=25858"},{"taxonomy":"product_tag","embeddable":true,"href":"https:\/\/aquasound.eu\/de\/wp-json\/wp\/v2\/product_tag?post=25858"}],"curies":[{"name":"wp","href":"https:\/\/api.w.org\/{rel}","templated":true}]}}