{"id":25852,"date":"2022-05-18T12:54:41","date_gmt":"2022-05-18T10:54:41","guid":{"rendered":"http:\/\/timple.nl\/product\/spksambadt-w-samba-dt-einzeln-stereo\/"},"modified":"2025-08-28T13:59:41","modified_gmt":"2025-08-28T11:59:41","slug":"spksambadt-w","status":"publish","type":"product","link":"https:\/\/aquasound.eu\/de\/produkt\/spksambadt-w\/","title":{"rendered":"<b>SPKSAMBADT-W<\/b> <br>Samba DT, Einzeln Stereo Lautsprecher"},"content":{"rendered":"<p>Ein Einbaulautsprecher und trotzdem Stereoklang - das ist das Kennzeichen der Samba DT. Mit einer maximalen Leistung von 80 Watt f\u00fcllt dieser Lautsprecher problemlos jeden Raum mit Klang. Der Lautsprecher hat sowohl einen Anschluss f\u00fcr den linken als auch f\u00fcr den rechten Kanal. Die Samba DT ist ein ger\u00e4umiger Lautsprecher mit einem Au\u00dfendurchmesser von 230 Millimetern.<\/p>\n<h4>Technische Daten<\/h4>\n<ul>\n<li>Pro St\u00fcck<\/li>\n<li>80 Watt MAX<\/li>\n<li>230 x 79 mm (T x H)<\/li>\n<li>205 mm (Gr\u00f6\u00dfe der Bohrung)<\/li>\n<li>IPX4 Zertifizierung<\/li>\n<li>Wei\u00df, Schwarz, Mattchrom<\/li>\n<\/ul>\n<p>&nbsp;<\/p>\n","protected":false},"excerpt":{"rendered":"<p>Ein Einbaulautsprecher und trotzdem Stereoklang - das ist das Kennzeichen der Samba DT. Mit einer maximalen Leistung von 80 Watt f\u00fcllt dieser Lautsprecher problemlos jeden Raum mit Klang. Der Lautsprecher hat sowohl einen Anschluss f\u00fcr den linken als auch f\u00fcr den rechten Kanal. Die Samba DT ist ein ger\u00e4umiger Lautsprecher mit einem Au\u00dfendurchmesser von 230 [&hellip;]<\/p>\n","protected":false},"featured_media":24527,"template":"","meta":[],"product_brand":[],"product_cat":[67],"product_tag":[],"class_list":{"0":"post-25852","1":"product","2":"type-product","3":"status-publish","4":"has-post-thumbnail","6":"product_cat-badezimmer-lautsprecher","8":"first","9":"instock","10":"taxable","11":"shipping-taxable","12":"purchasable","13":"product-type-variable","14":"has-default-attributes"},"yoast_head":"<!-- This site is optimized with the Yoast SEO plugin v27.3 - https:\/\/yoast.com\/product\/yoast-seo-wordpress\/ -->\n<title>SPKSAMBADT-W Samba DT, Einzeln Stereo Lautsprecher<\/title>\n<meta name=\"robots\" content=\"index, follow, max-snippet:-1, max-image-preview:large, max-video-preview:-1\" \/>\n<link rel=\"canonical\" href=\"https:\/\/aquasound.eu\/de\/produkt\/spksambadt-w\/\" \/>\n<meta property=\"og:locale\" content=\"de_DE\" \/>\n<meta property=\"og:type\" content=\"article\" \/>\n<meta property=\"og:title\" content=\"SPKSAMBADT-W Samba DT, Einzeln Stereo Lautsprecher\" \/>\n<meta property=\"og:description\" content=\"Ein Einbaulautsprecher und trotzdem Stereoklang - das ist das Kennzeichen der Samba DT. Mit einer maximalen Leistung von 80 Watt f\u00fcllt dieser Lautsprecher problemlos jeden Raum mit Klang. Der Lautsprecher hat sowohl einen Anschluss f\u00fcr den linken als auch f\u00fcr den rechten Kanal. Die Samba DT ist ein ger\u00e4umiger Lautsprecher mit einem Au\u00dfendurchmesser von 230 [&hellip;]\" \/>\n<meta property=\"og:url\" content=\"https:\/\/aquasound.eu\/de\/produkt\/spksambadt-w\/\" \/>\n<meta property=\"og:site_name\" content=\"AquaSound\" \/>\n<meta property=\"article:modified_time\" content=\"2025-08-28T11:59:41+00:00\" \/>\n<meta property=\"og:image\" content=\"https:\/\/aquasound.eu\/wp-content\/uploads\/SPKSAMBADT-1.webp\" \/>\n\t<meta property=\"og:image:width\" content=\"1\" \/>\n\t<meta property=\"og:image:height\" content=\"1\" \/>\n\t<meta property=\"og:image:type\" content=\"image\/webp\" \/>\n<meta name=\"twitter:card\" content=\"summary_large_image\" \/>\n<meta name=\"twitter:label1\" content=\"Gesch\u00e4tzte Lesezeit\" \/>\n\t<meta name=\"twitter:data1\" content=\"1\u00a0Minute\" \/>\n<script type=\"application\/ld+json\" class=\"yoast-schema-graph\">{\"@context\":\"https:\\\/\\\/schema.org\",\"@graph\":[{\"@type\":\"WebPage\",\"@id\":\"https:\\\/\\\/aquasound.eu\\\/de\\\/produkt\\\/spksambadt-w\\\/\",\"url\":\"https:\\\/\\\/aquasound.eu\\\/de\\\/produkt\\\/spksambadt-w\\\/\",\"name\":\"SPKSAMBADT-W Samba DT, Einzeln Stereo Lautsprecher\",\"isPartOf\":{\"@id\":\"https:\\\/\\\/aquasound.eu\\\/nl\\\/#website\"},\"primaryImageOfPage\":{\"@id\":\"https:\\\/\\\/aquasound.eu\\\/de\\\/produkt\\\/spksambadt-w\\\/#primaryimage\"},\"image\":{\"@id\":\"https:\\\/\\\/aquasound.eu\\\/de\\\/produkt\\\/spksambadt-w\\\/#primaryimage\"},\"thumbnailUrl\":\"https:\\\/\\\/aquasound.eu\\\/wp-content\\\/uploads\\\/SPKSAMBADT-1.webp\",\"datePublished\":\"2022-05-18T10:54:41+00:00\",\"dateModified\":\"2025-08-28T11:59:41+00:00\",\"breadcrumb\":{\"@id\":\"https:\\\/\\\/aquasound.eu\\\/de\\\/produkt\\\/spksambadt-w\\\/#breadcrumb\"},\"inLanguage\":\"de\",\"potentialAction\":[{\"@type\":\"ReadAction\",\"target\":[\"https:\\\/\\\/aquasound.eu\\\/de\\\/produkt\\\/spksambadt-w\\\/\"]}]},{\"@type\":\"ImageObject\",\"inLanguage\":\"de\",\"@id\":\"https:\\\/\\\/aquasound.eu\\\/de\\\/produkt\\\/spksambadt-w\\\/#primaryimage\",\"url\":\"https:\\\/\\\/aquasound.eu\\\/wp-content\\\/uploads\\\/SPKSAMBADT-1.webp\",\"contentUrl\":\"https:\\\/\\\/aquasound.eu\\\/wp-content\\\/uploads\\\/SPKSAMBADT-1.webp\"},{\"@type\":\"BreadcrumbList\",\"@id\":\"https:\\\/\\\/aquasound.eu\\\/de\\\/produkt\\\/spksambadt-w\\\/#breadcrumb\",\"itemListElement\":[{\"@type\":\"ListItem\",\"position\":1,\"name\":\"Home\",\"item\":\"https:\\\/\\\/aquasound.eu\\\/de\\\/\"},{\"@type\":\"ListItem\",\"position\":2,\"name\":\"WooCommerce\",\"item\":\"https:\\\/\\\/aquasound.eu\\\/nl\\\/woocommerce\\\/\"},{\"@type\":\"ListItem\",\"position\":3,\"name\":\"SPKSAMBADT-W Samba DT, Einzeln Stereo Lautsprecher\"}]},{\"@type\":\"WebSite\",\"@id\":\"https:\\\/\\\/aquasound.eu\\\/nl\\\/#website\",\"url\":\"https:\\\/\\\/aquasound.eu\\\/nl\\\/\",\"name\":\"AquaSound\",\"description\":\"\",\"potentialAction\":[{\"@type\":\"SearchAction\",\"target\":{\"@type\":\"EntryPoint\",\"urlTemplate\":\"https:\\\/\\\/aquasound.eu\\\/nl\\\/?s={search_term_string}\"},\"query-input\":{\"@type\":\"PropertyValueSpecification\",\"valueRequired\":true,\"valueName\":\"search_term_string\"}}],\"inLanguage\":\"de\"}]}<\/script>\n<!-- \/ Yoast SEO plugin. -->","yoast_head_json":{"title":"SPKSAMBADT-W Samba DT, Einzeln Stereo Lautsprecher","robots":{"index":"index","follow":"follow","max-snippet":"max-snippet:-1","max-image-preview":"max-image-preview:large","max-video-preview":"max-video-preview:-1"},"canonical":"https:\/\/aquasound.eu\/de\/produkt\/spksambadt-w\/","og_locale":"de_DE","og_type":"article","og_title":"SPKSAMBADT-W Samba DT, Einzeln Stereo Lautsprecher","og_description":"Ein Einbaulautsprecher und trotzdem Stereoklang - das ist das Kennzeichen der Samba DT. Mit einer maximalen Leistung von 80 Watt f\u00fcllt dieser Lautsprecher problemlos jeden Raum mit Klang. Der Lautsprecher hat sowohl einen Anschluss f\u00fcr den linken als auch f\u00fcr den rechten Kanal. Die Samba DT ist ein ger\u00e4umiger Lautsprecher mit einem Au\u00dfendurchmesser von 230 [&hellip;]","og_url":"https:\/\/aquasound.eu\/de\/produkt\/spksambadt-w\/","og_site_name":"AquaSound","article_modified_time":"2025-08-28T11:59:41+00:00","og_image":[{"url":"https:\/\/aquasound.eu\/wp-content\/uploads\/SPKSAMBADT-1.webp","width":1,"height":1,"type":"image\/webp"}],"twitter_card":"summary_large_image","twitter_misc":{"Gesch\u00e4tzte Lesezeit":"1\u00a0Minute"},"schema":{"@context":"https:\/\/schema.org","@graph":[{"@type":"WebPage","@id":"https:\/\/aquasound.eu\/de\/produkt\/spksambadt-w\/","url":"https:\/\/aquasound.eu\/de\/produkt\/spksambadt-w\/","name":"SPKSAMBADT-W Samba DT, Einzeln Stereo Lautsprecher","isPartOf":{"@id":"https:\/\/aquasound.eu\/nl\/#website"},"primaryImageOfPage":{"@id":"https:\/\/aquasound.eu\/de\/produkt\/spksambadt-w\/#primaryimage"},"image":{"@id":"https:\/\/aquasound.eu\/de\/produkt\/spksambadt-w\/#primaryimage"},"thumbnailUrl":"https:\/\/aquasound.eu\/wp-content\/uploads\/SPKSAMBADT-1.webp","datePublished":"2022-05-18T10:54:41+00:00","dateModified":"2025-08-28T11:59:41+00:00","breadcrumb":{"@id":"https:\/\/aquasound.eu\/de\/produkt\/spksambadt-w\/#breadcrumb"},"inLanguage":"de","potentialAction":[{"@type":"ReadAction","target":["https:\/\/aquasound.eu\/de\/produkt\/spksambadt-w\/"]}]},{"@type":"ImageObject","inLanguage":"de","@id":"https:\/\/aquasound.eu\/de\/produkt\/spksambadt-w\/#primaryimage","url":"https:\/\/aquasound.eu\/wp-content\/uploads\/SPKSAMBADT-1.webp","contentUrl":"https:\/\/aquasound.eu\/wp-content\/uploads\/SPKSAMBADT-1.webp"},{"@type":"BreadcrumbList","@id":"https:\/\/aquasound.eu\/de\/produkt\/spksambadt-w\/#breadcrumb","itemListElement":[{"@type":"ListItem","position":1,"name":"Home","item":"https:\/\/aquasound.eu\/de\/"},{"@type":"ListItem","position":2,"name":"WooCommerce","item":"https:\/\/aquasound.eu\/nl\/woocommerce\/"},{"@type":"ListItem","position":3,"name":"SPKSAMBADT-W Samba DT, Einzeln Stereo Lautsprecher"}]},{"@type":"WebSite","@id":"https:\/\/aquasound.eu\/nl\/#website","url":"https:\/\/aquasound.eu\/nl\/","name":"AquaSound","description":"","potentialAction":[{"@type":"SearchAction","target":{"@type":"EntryPoint","urlTemplate":"https:\/\/aquasound.eu\/nl\/?s={search_term_string}"},"query-input":{"@type":"PropertyValueSpecification","valueRequired":true,"valueName":"search_term_string"}}],"inLanguage":"de"}]}},"_links":{"self":[{"href":"https:\/\/aquasound.eu\/de\/wp-json\/wp\/v2\/product\/25852","targetHints":{"allow":["GET"]}}],"collection":[{"href":"https:\/\/aquasound.eu\/de\/wp-json\/wp\/v2\/product"}],"about":[{"href":"https:\/\/aquasound.eu\/de\/wp-json\/wp\/v2\/types\/product"}],"wp:featuredmedia":[{"embeddable":true,"href":"https:\/\/aquasound.eu\/de\/wp-json\/wp\/v2\/media\/24527"}],"wp:attachment":[{"href":"https:\/\/aquasound.eu\/de\/wp-json\/wp\/v2\/media?parent=25852"}],"wp:term":[{"taxonomy":"product_brand","embeddable":true,"href":"https:\/\/aquasound.eu\/de\/wp-json\/wp\/v2\/product_brand?post=25852"},{"taxonomy":"product_cat","embeddable":true,"href":"https:\/\/aquasound.eu\/de\/wp-json\/wp\/v2\/product_cat?post=25852"},{"taxonomy":"product_tag","embeddable":true,"href":"https:\/\/aquasound.eu\/de\/wp-json\/wp\/v2\/product_tag?post=25852"}],"curies":[{"name":"wp","href":"https:\/\/api.w.org\/{rel}","templated":true}]}}