{"id":25839,"date":"2022-05-18T12:57:00","date_gmt":"2022-05-18T10:57:00","guid":{"rendered":"http:\/\/timple.nl\/product\/spksamba4065-w-samba-lautsprecherset-65-watt\/"},"modified":"2025-02-19T14:52:54","modified_gmt":"2025-02-19T13:52:54","slug":"spksamba4065-w","status":"publish","type":"product","link":"https:\/\/aquasound.eu\/de\/produkt\/spksamba4065-w\/","title":{"rendered":"<b>SPKSAMBA4065-W<\/b> <br>Samba Lautsprecherset 65 Watt"},"content":{"rendered":"<p>F\u00fcr einen gro\u00dfz\u00fcgigen Klang w\u00e4hlen Sie das Lautsprecherset Samba. Die Membran besteht aus Kevlar und ist daher sehr gut f\u00fcr den Einsatz in Feuchtr\u00e4umen geeignet. Mit einem Durchmesser von 205 mm hat dieses Lautsprecherset eine gro\u00dfz\u00fcgige Basswiedergabe, um einen Raum mit hochwertigem Klang zu versorgen. Diese Samba-Lautsprecher lassen sich hervorragend mit einem der AquaSound-Verst\u00e4rker kombinieren.<\/p>\n<p>Hinweis: Dies sind separate Lautsprecher. Sie m\u00fcssen diese Lautsprecher trotzdem an einen Verst\u00e4rker anschlie\u00dfen.<\/p>\n<h4>Technische Daten<\/h4>\n<ul>\n<li>Pro Set mit 2 St\u00fcck<\/li>\n<li>65 Watt MAX<\/li>\n<li>195 x 81 mm (T x H)<\/li>\n<li>175 mm (Gr\u00f6\u00dfe der Bohrung)<\/li>\n<li>IPX4 Zertifizierung<\/li>\n<li>Verschiedene Farboptionen<\/li>\n<\/ul>\n","protected":false},"excerpt":{"rendered":"<p>F\u00fcr einen gro\u00dfz\u00fcgigen Klang w\u00e4hlen Sie das Lautsprecherset Samba. Die Membran besteht aus Kevlar und ist daher sehr gut f\u00fcr den Einsatz in Feuchtr\u00e4umen geeignet. Mit einem Durchmesser von 205 mm hat dieses Lautsprecherset eine gro\u00dfz\u00fcgige Basswiedergabe, um einen Raum mit hochwertigem Klang zu versorgen. Diese Samba-Lautsprecher lassen sich hervorragend mit einem der AquaSound-Verst\u00e4rker kombinieren. [&hellip;]<\/p>\n","protected":false},"featured_media":24508,"template":"","meta":[],"product_brand":[],"product_cat":[67],"product_tag":[],"class_list":{"0":"post-25839","1":"product","2":"type-product","3":"status-publish","4":"has-post-thumbnail","6":"product_cat-badezimmer-lautsprecher","8":"first","9":"instock","10":"taxable","11":"shipping-taxable","12":"purchasable","13":"product-type-variable","14":"has-default-attributes"},"yoast_head":"<!-- This site is optimized with the Yoast SEO plugin v27.4 - https:\/\/yoast.com\/product\/yoast-seo-wordpress\/ -->\n<title>SPKSAMBA4065-W Samba Lautsprecherset 65 Watt<\/title>\n<meta name=\"robots\" content=\"index, follow, max-snippet:-1, max-image-preview:large, max-video-preview:-1\" \/>\n<link rel=\"canonical\" href=\"https:\/\/aquasound.eu\/de\/produkt\/spksamba4065-w\/\" \/>\n<meta property=\"og:locale\" content=\"de_DE\" \/>\n<meta property=\"og:type\" content=\"article\" \/>\n<meta property=\"og:title\" content=\"SPKSAMBA4065-W Samba Lautsprecherset 65 Watt\" \/>\n<meta property=\"og:description\" content=\"F\u00fcr einen gro\u00dfz\u00fcgigen Klang w\u00e4hlen Sie das Lautsprecherset Samba. Die Membran besteht aus Kevlar und ist daher sehr gut f\u00fcr den Einsatz in Feuchtr\u00e4umen geeignet. Mit einem Durchmesser von 205 mm hat dieses Lautsprecherset eine gro\u00dfz\u00fcgige Basswiedergabe, um einen Raum mit hochwertigem Klang zu versorgen. Diese Samba-Lautsprecher lassen sich hervorragend mit einem der AquaSound-Verst\u00e4rker kombinieren. [&hellip;]\" \/>\n<meta property=\"og:url\" content=\"https:\/\/aquasound.eu\/de\/produkt\/spksamba4065-w\/\" \/>\n<meta property=\"og:site_name\" content=\"AquaSound\" \/>\n<meta property=\"article:modified_time\" content=\"2025-02-19T13:52:54+00:00\" \/>\n<meta property=\"og:image\" content=\"https:\/\/aquasound.eu\/wp-content\/uploads\/SpkSamba4065-W-1.webp\" \/>\n\t<meta property=\"og:image:width\" content=\"1\" \/>\n\t<meta property=\"og:image:height\" content=\"1\" \/>\n\t<meta property=\"og:image:type\" content=\"image\/webp\" \/>\n<meta name=\"twitter:card\" content=\"summary_large_image\" \/>\n<meta name=\"twitter:label1\" content=\"Gesch\u00e4tzte Lesezeit\" \/>\n\t<meta name=\"twitter:data1\" content=\"1\u00a0Minute\" \/>\n<script type=\"application\/ld+json\" class=\"yoast-schema-graph\">{\"@context\":\"https:\\\/\\\/schema.org\",\"@graph\":[{\"@type\":\"WebPage\",\"@id\":\"https:\\\/\\\/aquasound.eu\\\/de\\\/produkt\\\/spksamba4065-w\\\/\",\"url\":\"https:\\\/\\\/aquasound.eu\\\/de\\\/produkt\\\/spksamba4065-w\\\/\",\"name\":\"SPKSAMBA4065-W Samba Lautsprecherset 65 Watt\",\"isPartOf\":{\"@id\":\"https:\\\/\\\/aquasound.eu\\\/nl\\\/#website\"},\"primaryImageOfPage\":{\"@id\":\"https:\\\/\\\/aquasound.eu\\\/de\\\/produkt\\\/spksamba4065-w\\\/#primaryimage\"},\"image\":{\"@id\":\"https:\\\/\\\/aquasound.eu\\\/de\\\/produkt\\\/spksamba4065-w\\\/#primaryimage\"},\"thumbnailUrl\":\"https:\\\/\\\/aquasound.eu\\\/wp-content\\\/uploads\\\/SpkSamba4065-W-1.webp\",\"datePublished\":\"2022-05-18T10:57:00+00:00\",\"dateModified\":\"2025-02-19T13:52:54+00:00\",\"breadcrumb\":{\"@id\":\"https:\\\/\\\/aquasound.eu\\\/de\\\/produkt\\\/spksamba4065-w\\\/#breadcrumb\"},\"inLanguage\":\"de\",\"potentialAction\":[{\"@type\":\"ReadAction\",\"target\":[\"https:\\\/\\\/aquasound.eu\\\/de\\\/produkt\\\/spksamba4065-w\\\/\"]}]},{\"@type\":\"ImageObject\",\"inLanguage\":\"de\",\"@id\":\"https:\\\/\\\/aquasound.eu\\\/de\\\/produkt\\\/spksamba4065-w\\\/#primaryimage\",\"url\":\"https:\\\/\\\/aquasound.eu\\\/wp-content\\\/uploads\\\/SpkSamba4065-W-1.webp\",\"contentUrl\":\"https:\\\/\\\/aquasound.eu\\\/wp-content\\\/uploads\\\/SpkSamba4065-W-1.webp\"},{\"@type\":\"BreadcrumbList\",\"@id\":\"https:\\\/\\\/aquasound.eu\\\/de\\\/produkt\\\/spksamba4065-w\\\/#breadcrumb\",\"itemListElement\":[{\"@type\":\"ListItem\",\"position\":1,\"name\":\"Home\",\"item\":\"https:\\\/\\\/aquasound.eu\\\/de\\\/\"},{\"@type\":\"ListItem\",\"position\":2,\"name\":\"WooCommerce\",\"item\":\"https:\\\/\\\/aquasound.eu\\\/nl\\\/woocommerce\\\/\"},{\"@type\":\"ListItem\",\"position\":3,\"name\":\"SPKSAMBA4065-W Samba Lautsprecherset 65 Watt\"}]},{\"@type\":\"WebSite\",\"@id\":\"https:\\\/\\\/aquasound.eu\\\/nl\\\/#website\",\"url\":\"https:\\\/\\\/aquasound.eu\\\/nl\\\/\",\"name\":\"AquaSound\",\"description\":\"\",\"potentialAction\":[{\"@type\":\"SearchAction\",\"target\":{\"@type\":\"EntryPoint\",\"urlTemplate\":\"https:\\\/\\\/aquasound.eu\\\/nl\\\/?s={search_term_string}\"},\"query-input\":{\"@type\":\"PropertyValueSpecification\",\"valueRequired\":true,\"valueName\":\"search_term_string\"}}],\"inLanguage\":\"de\"}]}<\/script>\n<!-- \/ Yoast SEO plugin. -->","yoast_head_json":{"title":"SPKSAMBA4065-W Samba Lautsprecherset 65 Watt","robots":{"index":"index","follow":"follow","max-snippet":"max-snippet:-1","max-image-preview":"max-image-preview:large","max-video-preview":"max-video-preview:-1"},"canonical":"https:\/\/aquasound.eu\/de\/produkt\/spksamba4065-w\/","og_locale":"de_DE","og_type":"article","og_title":"SPKSAMBA4065-W Samba Lautsprecherset 65 Watt","og_description":"F\u00fcr einen gro\u00dfz\u00fcgigen Klang w\u00e4hlen Sie das Lautsprecherset Samba. Die Membran besteht aus Kevlar und ist daher sehr gut f\u00fcr den Einsatz in Feuchtr\u00e4umen geeignet. Mit einem Durchmesser von 205 mm hat dieses Lautsprecherset eine gro\u00dfz\u00fcgige Basswiedergabe, um einen Raum mit hochwertigem Klang zu versorgen. Diese Samba-Lautsprecher lassen sich hervorragend mit einem der AquaSound-Verst\u00e4rker kombinieren. [&hellip;]","og_url":"https:\/\/aquasound.eu\/de\/produkt\/spksamba4065-w\/","og_site_name":"AquaSound","article_modified_time":"2025-02-19T13:52:54+00:00","og_image":[{"url":"https:\/\/aquasound.eu\/wp-content\/uploads\/SpkSamba4065-W-1.webp","width":1,"height":1,"type":"image\/webp"}],"twitter_card":"summary_large_image","twitter_misc":{"Gesch\u00e4tzte Lesezeit":"1\u00a0Minute"},"schema":{"@context":"https:\/\/schema.org","@graph":[{"@type":"WebPage","@id":"https:\/\/aquasound.eu\/de\/produkt\/spksamba4065-w\/","url":"https:\/\/aquasound.eu\/de\/produkt\/spksamba4065-w\/","name":"SPKSAMBA4065-W Samba Lautsprecherset 65 Watt","isPartOf":{"@id":"https:\/\/aquasound.eu\/nl\/#website"},"primaryImageOfPage":{"@id":"https:\/\/aquasound.eu\/de\/produkt\/spksamba4065-w\/#primaryimage"},"image":{"@id":"https:\/\/aquasound.eu\/de\/produkt\/spksamba4065-w\/#primaryimage"},"thumbnailUrl":"https:\/\/aquasound.eu\/wp-content\/uploads\/SpkSamba4065-W-1.webp","datePublished":"2022-05-18T10:57:00+00:00","dateModified":"2025-02-19T13:52:54+00:00","breadcrumb":{"@id":"https:\/\/aquasound.eu\/de\/produkt\/spksamba4065-w\/#breadcrumb"},"inLanguage":"de","potentialAction":[{"@type":"ReadAction","target":["https:\/\/aquasound.eu\/de\/produkt\/spksamba4065-w\/"]}]},{"@type":"ImageObject","inLanguage":"de","@id":"https:\/\/aquasound.eu\/de\/produkt\/spksamba4065-w\/#primaryimage","url":"https:\/\/aquasound.eu\/wp-content\/uploads\/SpkSamba4065-W-1.webp","contentUrl":"https:\/\/aquasound.eu\/wp-content\/uploads\/SpkSamba4065-W-1.webp"},{"@type":"BreadcrumbList","@id":"https:\/\/aquasound.eu\/de\/produkt\/spksamba4065-w\/#breadcrumb","itemListElement":[{"@type":"ListItem","position":1,"name":"Home","item":"https:\/\/aquasound.eu\/de\/"},{"@type":"ListItem","position":2,"name":"WooCommerce","item":"https:\/\/aquasound.eu\/nl\/woocommerce\/"},{"@type":"ListItem","position":3,"name":"SPKSAMBA4065-W Samba Lautsprecherset 65 Watt"}]},{"@type":"WebSite","@id":"https:\/\/aquasound.eu\/nl\/#website","url":"https:\/\/aquasound.eu\/nl\/","name":"AquaSound","description":"","potentialAction":[{"@type":"SearchAction","target":{"@type":"EntryPoint","urlTemplate":"https:\/\/aquasound.eu\/nl\/?s={search_term_string}"},"query-input":{"@type":"PropertyValueSpecification","valueRequired":true,"valueName":"search_term_string"}}],"inLanguage":"de"}]}},"_links":{"self":[{"href":"https:\/\/aquasound.eu\/de\/wp-json\/wp\/v2\/product\/25839","targetHints":{"allow":["GET"]}}],"collection":[{"href":"https:\/\/aquasound.eu\/de\/wp-json\/wp\/v2\/product"}],"about":[{"href":"https:\/\/aquasound.eu\/de\/wp-json\/wp\/v2\/types\/product"}],"wp:featuredmedia":[{"embeddable":true,"href":"https:\/\/aquasound.eu\/de\/wp-json\/wp\/v2\/media\/24508"}],"wp:attachment":[{"href":"https:\/\/aquasound.eu\/de\/wp-json\/wp\/v2\/media?parent=25839"}],"wp:term":[{"taxonomy":"product_brand","embeddable":true,"href":"https:\/\/aquasound.eu\/de\/wp-json\/wp\/v2\/product_brand?post=25839"},{"taxonomy":"product_cat","embeddable":true,"href":"https:\/\/aquasound.eu\/de\/wp-json\/wp\/v2\/product_cat?post=25839"},{"taxonomy":"product_tag","embeddable":true,"href":"https:\/\/aquasound.eu\/de\/wp-json\/wp\/v2\/product_tag?post=25839"}],"curies":[{"name":"wp","href":"https:\/\/api.w.org\/{rel}","templated":true}]}}