{"id":25831,"date":"2022-05-18T12:59:49","date_gmt":"2022-05-18T10:59:49","guid":{"rendered":"http:\/\/timple.nl\/product\/spkrumba-w-rumba-lautsprecherset-45-watt\/"},"modified":"2024-10-30T11:15:44","modified_gmt":"2024-10-30T10:15:44","slug":"spkrumba-w","status":"publish","type":"product","link":"https:\/\/aquasound.eu\/de\/produkt\/spkrumba-w\/","title":{"rendered":"<b>SPKRUMBA-W<\/b> <br>Rumba Lautsprecherset 45 Watt"},"content":{"rendered":"<p>Die Rumba-Lautsprecher sind zwar klein, aber sie werden Sie mit ihrer Leistung \u00fcberraschen. Wenn sie richtig aufgestellt sind, erzeugen sie einen \u00fcberraschend breiten Klang. Ein perfektes Set, wenn Budget und Aufstellfl\u00e4che begrenzt sind.   Hinweis: Dies sind separate Lautsprecher. Sie m\u00fcssen diese Lautsprecher trotzdem an einen Verst\u00e4rker anschlie\u00dfen.  <\/p>\n<h4>Technische Daten<\/h4>\n<ul>\n<li>Pro Set mit 2 St\u00fcck<\/li>\n<li>45 Watt MAX<\/li>\n<li>116 x 52 mm (T x H)<\/li>\n<li>100 mm (Gr\u00f6\u00dfe der Bohrung)<\/li>\n<li>IPX4 Zertifizierung<\/li>\n<li>Verschiedene Farboptionen<\/li>\n<\/ul>\n","protected":false},"excerpt":{"rendered":"<p>Die Rumba-Lautsprecher sind zwar klein, aber sie werden Sie mit ihrer Leistung \u00fcberraschen. Wenn sie richtig aufgestellt sind, erzeugen sie einen \u00fcberraschend breiten Klang. Ein perfektes Set, wenn Budget und Aufstellfl\u00e4che begrenzt sind. Hinweis: Dies sind separate Lautsprecher. Sie m\u00fcssen diese Lautsprecher trotzdem an einen Verst\u00e4rker anschlie\u00dfen. Technische Daten Pro Set mit 2 St\u00fcck 45 [&hellip;]<\/p>\n","protected":false},"featured_media":24533,"template":"","meta":[],"product_brand":[],"product_cat":[67],"product_tag":[],"class_list":{"0":"post-25831","1":"product","2":"type-product","3":"status-publish","4":"has-post-thumbnail","6":"product_cat-badezimmer-lautsprecher","8":"first","9":"instock","10":"taxable","11":"shipping-taxable","12":"purchasable","13":"product-type-variable","14":"has-default-attributes"},"yoast_head":"<!-- This site is optimized with the Yoast SEO plugin v27.4 - https:\/\/yoast.com\/product\/yoast-seo-wordpress\/ -->\n<title>SPKRUMBA-W Rumba Lautsprecherset 45 Watt<\/title>\n<meta name=\"robots\" content=\"index, follow, max-snippet:-1, max-image-preview:large, max-video-preview:-1\" \/>\n<link rel=\"canonical\" href=\"https:\/\/aquasound.eu\/de\/produkt\/spkrumba-w\/\" \/>\n<meta property=\"og:locale\" content=\"de_DE\" \/>\n<meta property=\"og:type\" content=\"article\" \/>\n<meta property=\"og:title\" content=\"SPKRUMBA-W Rumba Lautsprecherset 45 Watt\" \/>\n<meta property=\"og:description\" content=\"Die Rumba-Lautsprecher sind zwar klein, aber sie werden Sie mit ihrer Leistung \u00fcberraschen. Wenn sie richtig aufgestellt sind, erzeugen sie einen \u00fcberraschend breiten Klang. Ein perfektes Set, wenn Budget und Aufstellfl\u00e4che begrenzt sind. Hinweis: Dies sind separate Lautsprecher. Sie m\u00fcssen diese Lautsprecher trotzdem an einen Verst\u00e4rker anschlie\u00dfen. Technische Daten Pro Set mit 2 St\u00fcck 45 [&hellip;]\" \/>\n<meta property=\"og:url\" content=\"https:\/\/aquasound.eu\/de\/produkt\/spkrumba-w\/\" \/>\n<meta property=\"og:site_name\" content=\"AquaSound\" \/>\n<meta property=\"article:modified_time\" content=\"2024-10-30T10:15:44+00:00\" \/>\n<meta property=\"og:image\" content=\"https:\/\/aquasound.eu\/wp-content\/uploads\/SPKRumba-W-1.webp\" \/>\n\t<meta property=\"og:image:width\" content=\"1000\" \/>\n\t<meta property=\"og:image:height\" content=\"1000\" \/>\n\t<meta property=\"og:image:type\" content=\"image\/webp\" \/>\n<meta name=\"twitter:card\" content=\"summary_large_image\" \/>\n<meta name=\"twitter:label1\" content=\"Gesch\u00e4tzte Lesezeit\" \/>\n\t<meta name=\"twitter:data1\" content=\"1\u00a0Minute\" \/>\n<script type=\"application\/ld+json\" class=\"yoast-schema-graph\">{\"@context\":\"https:\\\/\\\/schema.org\",\"@graph\":[{\"@type\":\"WebPage\",\"@id\":\"https:\\\/\\\/aquasound.eu\\\/de\\\/produkt\\\/spkrumba-w\\\/\",\"url\":\"https:\\\/\\\/aquasound.eu\\\/de\\\/produkt\\\/spkrumba-w\\\/\",\"name\":\"SPKRUMBA-W Rumba Lautsprecherset 45 Watt\",\"isPartOf\":{\"@id\":\"https:\\\/\\\/aquasound.eu\\\/nl\\\/#website\"},\"primaryImageOfPage\":{\"@id\":\"https:\\\/\\\/aquasound.eu\\\/de\\\/produkt\\\/spkrumba-w\\\/#primaryimage\"},\"image\":{\"@id\":\"https:\\\/\\\/aquasound.eu\\\/de\\\/produkt\\\/spkrumba-w\\\/#primaryimage\"},\"thumbnailUrl\":\"https:\\\/\\\/aquasound.eu\\\/wp-content\\\/uploads\\\/SPKRumba-W-1.webp\",\"datePublished\":\"2022-05-18T10:59:49+00:00\",\"dateModified\":\"2024-10-30T10:15:44+00:00\",\"breadcrumb\":{\"@id\":\"https:\\\/\\\/aquasound.eu\\\/de\\\/produkt\\\/spkrumba-w\\\/#breadcrumb\"},\"inLanguage\":\"de\",\"potentialAction\":[{\"@type\":\"ReadAction\",\"target\":[\"https:\\\/\\\/aquasound.eu\\\/de\\\/produkt\\\/spkrumba-w\\\/\"]}]},{\"@type\":\"ImageObject\",\"inLanguage\":\"de\",\"@id\":\"https:\\\/\\\/aquasound.eu\\\/de\\\/produkt\\\/spkrumba-w\\\/#primaryimage\",\"url\":\"https:\\\/\\\/aquasound.eu\\\/wp-content\\\/uploads\\\/SPKRumba-W-1.webp\",\"contentUrl\":\"https:\\\/\\\/aquasound.eu\\\/wp-content\\\/uploads\\\/SPKRumba-W-1.webp\",\"width\":1000,\"height\":1000,\"caption\":\"badkamer speakers\"},{\"@type\":\"BreadcrumbList\",\"@id\":\"https:\\\/\\\/aquasound.eu\\\/de\\\/produkt\\\/spkrumba-w\\\/#breadcrumb\",\"itemListElement\":[{\"@type\":\"ListItem\",\"position\":1,\"name\":\"Home\",\"item\":\"https:\\\/\\\/aquasound.eu\\\/de\\\/\"},{\"@type\":\"ListItem\",\"position\":2,\"name\":\"WooCommerce\",\"item\":\"https:\\\/\\\/aquasound.eu\\\/nl\\\/woocommerce\\\/\"},{\"@type\":\"ListItem\",\"position\":3,\"name\":\"SPKRUMBA-W Rumba Lautsprecherset 45 Watt\"}]},{\"@type\":\"WebSite\",\"@id\":\"https:\\\/\\\/aquasound.eu\\\/nl\\\/#website\",\"url\":\"https:\\\/\\\/aquasound.eu\\\/nl\\\/\",\"name\":\"AquaSound\",\"description\":\"\",\"potentialAction\":[{\"@type\":\"SearchAction\",\"target\":{\"@type\":\"EntryPoint\",\"urlTemplate\":\"https:\\\/\\\/aquasound.eu\\\/nl\\\/?s={search_term_string}\"},\"query-input\":{\"@type\":\"PropertyValueSpecification\",\"valueRequired\":true,\"valueName\":\"search_term_string\"}}],\"inLanguage\":\"de\"}]}<\/script>\n<!-- \/ Yoast SEO plugin. -->","yoast_head_json":{"title":"SPKRUMBA-W Rumba Lautsprecherset 45 Watt","robots":{"index":"index","follow":"follow","max-snippet":"max-snippet:-1","max-image-preview":"max-image-preview:large","max-video-preview":"max-video-preview:-1"},"canonical":"https:\/\/aquasound.eu\/de\/produkt\/spkrumba-w\/","og_locale":"de_DE","og_type":"article","og_title":"SPKRUMBA-W Rumba Lautsprecherset 45 Watt","og_description":"Die Rumba-Lautsprecher sind zwar klein, aber sie werden Sie mit ihrer Leistung \u00fcberraschen. Wenn sie richtig aufgestellt sind, erzeugen sie einen \u00fcberraschend breiten Klang. Ein perfektes Set, wenn Budget und Aufstellfl\u00e4che begrenzt sind. Hinweis: Dies sind separate Lautsprecher. Sie m\u00fcssen diese Lautsprecher trotzdem an einen Verst\u00e4rker anschlie\u00dfen. Technische Daten Pro Set mit 2 St\u00fcck 45 [&hellip;]","og_url":"https:\/\/aquasound.eu\/de\/produkt\/spkrumba-w\/","og_site_name":"AquaSound","article_modified_time":"2024-10-30T10:15:44+00:00","og_image":[{"width":1000,"height":1000,"url":"https:\/\/aquasound.eu\/wp-content\/uploads\/SPKRumba-W-1.webp","type":"image\/webp"}],"twitter_card":"summary_large_image","twitter_misc":{"Gesch\u00e4tzte Lesezeit":"1\u00a0Minute"},"schema":{"@context":"https:\/\/schema.org","@graph":[{"@type":"WebPage","@id":"https:\/\/aquasound.eu\/de\/produkt\/spkrumba-w\/","url":"https:\/\/aquasound.eu\/de\/produkt\/spkrumba-w\/","name":"SPKRUMBA-W Rumba Lautsprecherset 45 Watt","isPartOf":{"@id":"https:\/\/aquasound.eu\/nl\/#website"},"primaryImageOfPage":{"@id":"https:\/\/aquasound.eu\/de\/produkt\/spkrumba-w\/#primaryimage"},"image":{"@id":"https:\/\/aquasound.eu\/de\/produkt\/spkrumba-w\/#primaryimage"},"thumbnailUrl":"https:\/\/aquasound.eu\/wp-content\/uploads\/SPKRumba-W-1.webp","datePublished":"2022-05-18T10:59:49+00:00","dateModified":"2024-10-30T10:15:44+00:00","breadcrumb":{"@id":"https:\/\/aquasound.eu\/de\/produkt\/spkrumba-w\/#breadcrumb"},"inLanguage":"de","potentialAction":[{"@type":"ReadAction","target":["https:\/\/aquasound.eu\/de\/produkt\/spkrumba-w\/"]}]},{"@type":"ImageObject","inLanguage":"de","@id":"https:\/\/aquasound.eu\/de\/produkt\/spkrumba-w\/#primaryimage","url":"https:\/\/aquasound.eu\/wp-content\/uploads\/SPKRumba-W-1.webp","contentUrl":"https:\/\/aquasound.eu\/wp-content\/uploads\/SPKRumba-W-1.webp","width":1000,"height":1000,"caption":"badkamer speakers"},{"@type":"BreadcrumbList","@id":"https:\/\/aquasound.eu\/de\/produkt\/spkrumba-w\/#breadcrumb","itemListElement":[{"@type":"ListItem","position":1,"name":"Home","item":"https:\/\/aquasound.eu\/de\/"},{"@type":"ListItem","position":2,"name":"WooCommerce","item":"https:\/\/aquasound.eu\/nl\/woocommerce\/"},{"@type":"ListItem","position":3,"name":"SPKRUMBA-W Rumba Lautsprecherset 45 Watt"}]},{"@type":"WebSite","@id":"https:\/\/aquasound.eu\/nl\/#website","url":"https:\/\/aquasound.eu\/nl\/","name":"AquaSound","description":"","potentialAction":[{"@type":"SearchAction","target":{"@type":"EntryPoint","urlTemplate":"https:\/\/aquasound.eu\/nl\/?s={search_term_string}"},"query-input":{"@type":"PropertyValueSpecification","valueRequired":true,"valueName":"search_term_string"}}],"inLanguage":"de"}]}},"_links":{"self":[{"href":"https:\/\/aquasound.eu\/de\/wp-json\/wp\/v2\/product\/25831","targetHints":{"allow":["GET"]}}],"collection":[{"href":"https:\/\/aquasound.eu\/de\/wp-json\/wp\/v2\/product"}],"about":[{"href":"https:\/\/aquasound.eu\/de\/wp-json\/wp\/v2\/types\/product"}],"wp:featuredmedia":[{"embeddable":true,"href":"https:\/\/aquasound.eu\/de\/wp-json\/wp\/v2\/media\/24533"}],"wp:attachment":[{"href":"https:\/\/aquasound.eu\/de\/wp-json\/wp\/v2\/media?parent=25831"}],"wp:term":[{"taxonomy":"product_brand","embeddable":true,"href":"https:\/\/aquasound.eu\/de\/wp-json\/wp\/v2\/product_brand?post=25831"},{"taxonomy":"product_cat","embeddable":true,"href":"https:\/\/aquasound.eu\/de\/wp-json\/wp\/v2\/product_cat?post=25831"},{"taxonomy":"product_tag","embeddable":true,"href":"https:\/\/aquasound.eu\/de\/wp-json\/wp\/v2\/product_tag?post=25831"}],"curies":[{"name":"wp","href":"https:\/\/api.w.org\/{rel}","templated":true}]}}