{"id":25764,"date":"2022-05-18T13:02:21","date_gmt":"2022-05-18T11:02:21","guid":{"rendered":"http:\/\/timple.nl\/product\/spkjiveeco-w-jive-eco-speaker-set-fuer-schwimmbad-oder-dampfbad-bis-zu-60c\/"},"modified":"2025-02-13T13:30:24","modified_gmt":"2025-02-13T12:30:24","slug":"spkjiveeco-w","status":"publish","type":"product","link":"https:\/\/aquasound.eu\/de\/produkt\/spkjiveeco-w\/","title":{"rendered":"<b>SPKJIVEECO-W<\/b> <br>Jive Eco Speaker Set f\u00fcr Schwimmbad oder Dampfbad (bis zu 60\u00b0C)"},"content":{"rendered":"<p>Der Jive Eco ist durchaus in der Lage, an Orten Musik zu machen, an denen Feuchtigkeit und Wasserdampf vorherrschen. Aber auch Temperaturen bis zu 60 Grad Celsius sind kein Problem. Dieser wasserfeste Lautsprecher hat eine maximale Ausgangsleistung von 55 Watt. Dieses Modell ben\u00f6tigt nur 35 mm Einbautiefe. Sein Au\u00dfendurchmesser betr\u00e4gt 155 mm. Der Lautsprecher ist sehr gut f\u00fcr den Einsatz im Schwimmbad oder in der Dampfkabine geeignet. Erh\u00e4ltlich in der Farbe wei\u00df. Das Lautsprecherset kann auch mit dem AquaSound N-Joy Badradio, Bluetooth\/WiFi-Audioverst\u00e4rkern oder Bad-TV kombiniert werden.       <\/p>\n<p>Hinweis: Dies sind separate Lautsprecher. Sie m\u00fcssen diese Lautsprecher trotzdem an einen Verst\u00e4rker anschlie\u00dfen. <\/p>\n<h4>Technische Daten<\/h4>\n<ul>\n<li>Pro Set mit 2 St\u00fcck<\/li>\n<li>55 Watt MAX<\/li>\n<li>155 x 35 mm (T x H)<\/li>\n<li>128 mm (Gr\u00f6\u00dfe der Bohrung)<\/li>\n<li>IPX6 Zertifizierung<\/li>\n<li>Bis zu 60 Grad Celsius<\/li>\n<li>Wei\u00df, Schwarz<\/li>\n<\/ul>\n","protected":false},"excerpt":{"rendered":"<p>Der Jive Eco ist durchaus in der Lage, an Orten Musik zu machen, an denen Feuchtigkeit und Wasserdampf vorherrschen. Aber auch Temperaturen bis zu 60 Grad Celsius sind kein Problem. Dieser wasserfeste Lautsprecher hat eine maximale Ausgangsleistung von 55 Watt. Dieses Modell ben\u00f6tigt nur 35 mm Einbautiefe. Sein Au\u00dfendurchmesser betr\u00e4gt 155 mm. Der Lautsprecher ist [&hellip;]<\/p>\n","protected":false},"featured_media":24551,"template":"","meta":[],"product_brand":[],"product_cat":[67],"product_tag":[],"class_list":{"0":"post-25764","1":"product","2":"type-product","3":"status-publish","4":"has-post-thumbnail","6":"product_cat-badezimmer-lautsprecher","8":"first","9":"instock","10":"taxable","11":"shipping-taxable","12":"purchasable","13":"product-type-variable","14":"has-default-attributes"},"yoast_head":"<!-- This site is optimized with the Yoast SEO plugin v27.3 - https:\/\/yoast.com\/product\/yoast-seo-wordpress\/ -->\n<title>SPKJIVEECO-W Jive Eco Speaker Set f\u00fcr Schwimmbad oder Dampfbad (bis zu 60\u00b0C)<\/title>\n<meta name=\"robots\" content=\"index, follow, max-snippet:-1, max-image-preview:large, max-video-preview:-1\" \/>\n<link rel=\"canonical\" href=\"https:\/\/aquasound.eu\/de\/produkt\/spkjiveeco-w\/\" \/>\n<meta property=\"og:locale\" content=\"de_DE\" \/>\n<meta property=\"og:type\" content=\"article\" \/>\n<meta property=\"og:title\" content=\"SPKJIVEECO-W Jive Eco Speaker Set f\u00fcr Schwimmbad oder Dampfbad (bis zu 60\u00b0C)\" \/>\n<meta property=\"og:description\" content=\"Der Jive Eco ist durchaus in der Lage, an Orten Musik zu machen, an denen Feuchtigkeit und Wasserdampf vorherrschen. Aber auch Temperaturen bis zu 60 Grad Celsius sind kein Problem. Dieser wasserfeste Lautsprecher hat eine maximale Ausgangsleistung von 55 Watt. Dieses Modell ben\u00f6tigt nur 35 mm Einbautiefe. Sein Au\u00dfendurchmesser betr\u00e4gt 155 mm. Der Lautsprecher ist [&hellip;]\" \/>\n<meta property=\"og:url\" content=\"https:\/\/aquasound.eu\/de\/produkt\/spkjiveeco-w\/\" \/>\n<meta property=\"og:site_name\" content=\"AquaSound\" \/>\n<meta property=\"article:modified_time\" content=\"2025-02-13T12:30:24+00:00\" \/>\n<meta property=\"og:image\" content=\"https:\/\/aquasound.eu\/wp-content\/uploads\/SPKJIVEECO-1.webp\" \/>\n\t<meta property=\"og:image:width\" content=\"1\" \/>\n\t<meta property=\"og:image:height\" content=\"1\" \/>\n\t<meta property=\"og:image:type\" content=\"image\/webp\" \/>\n<meta name=\"twitter:card\" content=\"summary_large_image\" \/>\n<meta name=\"twitter:label1\" content=\"Gesch\u00e4tzte Lesezeit\" \/>\n\t<meta name=\"twitter:data1\" content=\"1\u00a0Minute\" \/>\n<script type=\"application\/ld+json\" class=\"yoast-schema-graph\">{\"@context\":\"https:\\\/\\\/schema.org\",\"@graph\":[{\"@type\":\"WebPage\",\"@id\":\"https:\\\/\\\/aquasound.eu\\\/de\\\/produkt\\\/spkjiveeco-w\\\/\",\"url\":\"https:\\\/\\\/aquasound.eu\\\/de\\\/produkt\\\/spkjiveeco-w\\\/\",\"name\":\"SPKJIVEECO-W Jive Eco Speaker Set f\u00fcr Schwimmbad oder Dampfbad (bis zu 60\u00b0C)\",\"isPartOf\":{\"@id\":\"https:\\\/\\\/aquasound.eu\\\/nl\\\/#website\"},\"primaryImageOfPage\":{\"@id\":\"https:\\\/\\\/aquasound.eu\\\/de\\\/produkt\\\/spkjiveeco-w\\\/#primaryimage\"},\"image\":{\"@id\":\"https:\\\/\\\/aquasound.eu\\\/de\\\/produkt\\\/spkjiveeco-w\\\/#primaryimage\"},\"thumbnailUrl\":\"https:\\\/\\\/aquasound.eu\\\/wp-content\\\/uploads\\\/SPKJIVEECO-1.webp\",\"datePublished\":\"2022-05-18T11:02:21+00:00\",\"dateModified\":\"2025-02-13T12:30:24+00:00\",\"breadcrumb\":{\"@id\":\"https:\\\/\\\/aquasound.eu\\\/de\\\/produkt\\\/spkjiveeco-w\\\/#breadcrumb\"},\"inLanguage\":\"de\",\"potentialAction\":[{\"@type\":\"ReadAction\",\"target\":[\"https:\\\/\\\/aquasound.eu\\\/de\\\/produkt\\\/spkjiveeco-w\\\/\"]}]},{\"@type\":\"ImageObject\",\"inLanguage\":\"de\",\"@id\":\"https:\\\/\\\/aquasound.eu\\\/de\\\/produkt\\\/spkjiveeco-w\\\/#primaryimage\",\"url\":\"https:\\\/\\\/aquasound.eu\\\/wp-content\\\/uploads\\\/SPKJIVEECO-1.webp\",\"contentUrl\":\"https:\\\/\\\/aquasound.eu\\\/wp-content\\\/uploads\\\/SPKJIVEECO-1.webp\"},{\"@type\":\"BreadcrumbList\",\"@id\":\"https:\\\/\\\/aquasound.eu\\\/de\\\/produkt\\\/spkjiveeco-w\\\/#breadcrumb\",\"itemListElement\":[{\"@type\":\"ListItem\",\"position\":1,\"name\":\"Home\",\"item\":\"https:\\\/\\\/aquasound.eu\\\/de\\\/\"},{\"@type\":\"ListItem\",\"position\":2,\"name\":\"WooCommerce\",\"item\":\"https:\\\/\\\/aquasound.eu\\\/nl\\\/woocommerce\\\/\"},{\"@type\":\"ListItem\",\"position\":3,\"name\":\"SPKJIVEECO-W Jive Eco Speaker Set f\u00fcr Schwimmbad oder Dampfbad (bis zu 60\u00b0C)\"}]},{\"@type\":\"WebSite\",\"@id\":\"https:\\\/\\\/aquasound.eu\\\/nl\\\/#website\",\"url\":\"https:\\\/\\\/aquasound.eu\\\/nl\\\/\",\"name\":\"AquaSound\",\"description\":\"\",\"potentialAction\":[{\"@type\":\"SearchAction\",\"target\":{\"@type\":\"EntryPoint\",\"urlTemplate\":\"https:\\\/\\\/aquasound.eu\\\/nl\\\/?s={search_term_string}\"},\"query-input\":{\"@type\":\"PropertyValueSpecification\",\"valueRequired\":true,\"valueName\":\"search_term_string\"}}],\"inLanguage\":\"de\"}]}<\/script>\n<!-- \/ Yoast SEO plugin. -->","yoast_head_json":{"title":"SPKJIVEECO-W Jive Eco Speaker Set f\u00fcr Schwimmbad oder Dampfbad (bis zu 60\u00b0C)","robots":{"index":"index","follow":"follow","max-snippet":"max-snippet:-1","max-image-preview":"max-image-preview:large","max-video-preview":"max-video-preview:-1"},"canonical":"https:\/\/aquasound.eu\/de\/produkt\/spkjiveeco-w\/","og_locale":"de_DE","og_type":"article","og_title":"SPKJIVEECO-W Jive Eco Speaker Set f\u00fcr Schwimmbad oder Dampfbad (bis zu 60\u00b0C)","og_description":"Der Jive Eco ist durchaus in der Lage, an Orten Musik zu machen, an denen Feuchtigkeit und Wasserdampf vorherrschen. Aber auch Temperaturen bis zu 60 Grad Celsius sind kein Problem. Dieser wasserfeste Lautsprecher hat eine maximale Ausgangsleistung von 55 Watt. Dieses Modell ben\u00f6tigt nur 35 mm Einbautiefe. Sein Au\u00dfendurchmesser betr\u00e4gt 155 mm. Der Lautsprecher ist [&hellip;]","og_url":"https:\/\/aquasound.eu\/de\/produkt\/spkjiveeco-w\/","og_site_name":"AquaSound","article_modified_time":"2025-02-13T12:30:24+00:00","og_image":[{"url":"https:\/\/aquasound.eu\/wp-content\/uploads\/SPKJIVEECO-1.webp","width":1,"height":1,"type":"image\/webp"}],"twitter_card":"summary_large_image","twitter_misc":{"Gesch\u00e4tzte Lesezeit":"1\u00a0Minute"},"schema":{"@context":"https:\/\/schema.org","@graph":[{"@type":"WebPage","@id":"https:\/\/aquasound.eu\/de\/produkt\/spkjiveeco-w\/","url":"https:\/\/aquasound.eu\/de\/produkt\/spkjiveeco-w\/","name":"SPKJIVEECO-W Jive Eco Speaker Set f\u00fcr Schwimmbad oder Dampfbad (bis zu 60\u00b0C)","isPartOf":{"@id":"https:\/\/aquasound.eu\/nl\/#website"},"primaryImageOfPage":{"@id":"https:\/\/aquasound.eu\/de\/produkt\/spkjiveeco-w\/#primaryimage"},"image":{"@id":"https:\/\/aquasound.eu\/de\/produkt\/spkjiveeco-w\/#primaryimage"},"thumbnailUrl":"https:\/\/aquasound.eu\/wp-content\/uploads\/SPKJIVEECO-1.webp","datePublished":"2022-05-18T11:02:21+00:00","dateModified":"2025-02-13T12:30:24+00:00","breadcrumb":{"@id":"https:\/\/aquasound.eu\/de\/produkt\/spkjiveeco-w\/#breadcrumb"},"inLanguage":"de","potentialAction":[{"@type":"ReadAction","target":["https:\/\/aquasound.eu\/de\/produkt\/spkjiveeco-w\/"]}]},{"@type":"ImageObject","inLanguage":"de","@id":"https:\/\/aquasound.eu\/de\/produkt\/spkjiveeco-w\/#primaryimage","url":"https:\/\/aquasound.eu\/wp-content\/uploads\/SPKJIVEECO-1.webp","contentUrl":"https:\/\/aquasound.eu\/wp-content\/uploads\/SPKJIVEECO-1.webp"},{"@type":"BreadcrumbList","@id":"https:\/\/aquasound.eu\/de\/produkt\/spkjiveeco-w\/#breadcrumb","itemListElement":[{"@type":"ListItem","position":1,"name":"Home","item":"https:\/\/aquasound.eu\/de\/"},{"@type":"ListItem","position":2,"name":"WooCommerce","item":"https:\/\/aquasound.eu\/nl\/woocommerce\/"},{"@type":"ListItem","position":3,"name":"SPKJIVEECO-W Jive Eco Speaker Set f\u00fcr Schwimmbad oder Dampfbad (bis zu 60\u00b0C)"}]},{"@type":"WebSite","@id":"https:\/\/aquasound.eu\/nl\/#website","url":"https:\/\/aquasound.eu\/nl\/","name":"AquaSound","description":"","potentialAction":[{"@type":"SearchAction","target":{"@type":"EntryPoint","urlTemplate":"https:\/\/aquasound.eu\/nl\/?s={search_term_string}"},"query-input":{"@type":"PropertyValueSpecification","valueRequired":true,"valueName":"search_term_string"}}],"inLanguage":"de"}]}},"_links":{"self":[{"href":"https:\/\/aquasound.eu\/de\/wp-json\/wp\/v2\/product\/25764","targetHints":{"allow":["GET"]}}],"collection":[{"href":"https:\/\/aquasound.eu\/de\/wp-json\/wp\/v2\/product"}],"about":[{"href":"https:\/\/aquasound.eu\/de\/wp-json\/wp\/v2\/types\/product"}],"wp:featuredmedia":[{"embeddable":true,"href":"https:\/\/aquasound.eu\/de\/wp-json\/wp\/v2\/media\/24551"}],"wp:attachment":[{"href":"https:\/\/aquasound.eu\/de\/wp-json\/wp\/v2\/media?parent=25764"}],"wp:term":[{"taxonomy":"product_brand","embeddable":true,"href":"https:\/\/aquasound.eu\/de\/wp-json\/wp\/v2\/product_brand?post=25764"},{"taxonomy":"product_cat","embeddable":true,"href":"https:\/\/aquasound.eu\/de\/wp-json\/wp\/v2\/product_cat?post=25764"},{"taxonomy":"product_tag","embeddable":true,"href":"https:\/\/aquasound.eu\/de\/wp-json\/wp\/v2\/product_tag?post=25764"}],"curies":[{"name":"wp","href":"https:\/\/api.w.org\/{rel}","templated":true}]}}