{"id":25761,"date":"2022-05-18T13:10:53","date_gmt":"2022-05-18T11:10:53","guid":{"rendered":"http:\/\/timple.nl\/product\/spkjazz2175-w-jazz-sauna-lautsprecher-wetter-und-temperaturbestaendig\/"},"modified":"2026-04-29T13:55:49","modified_gmt":"2026-04-29T11:55:49","slug":"spkjazz2175-w","status":"publish","type":"product","link":"https:\/\/aquasound.eu\/de\/produkt\/spkjazz2175-w\/","title":{"rendered":"<b>SPKJAZZ2175-W<\/b> <br>Jazz Sauna Lautsprecher, Wetter- und Temperaturbest\u00e4ndig"},"content":{"rendered":"<p>The Jazz extreme is a speaker set that lives up to its name. Temperatures of up to 100 \u00b0C (e.g. in a sauna) pose no danger to the Jazz. Even at low temperatures, the Jazz does not disappoint because it is designed so that it still works even at 25 degrees of frost. Of course, the Jazz speaker is not afraid of water either. The white aluminum grille gives the speaker a modern look that will be well received anywhere. The jazz speakers can be ordered individually or as a set.     Die Jazz-Lautsprecher k\u00f6nnen einzeln oder als Set bestellt werden.<\/p>\n<p>Hinweis: Dies sind separate Lautsprecher. Sie m\u00fcssen diese Lautsprecher trotzdem an einen Verst\u00e4rker anschlie\u00dfen. <\/p>\n<h4>Technische Daten<\/h4>\n<ul>\n<li>Einzeln oder als Set erh\u00e4ltlich<\/li>\n<li>70 Watt MAX<\/li>\n<li>175 x 60 mm (T x H)<\/li>\n<li>120 mm (Gr\u00f6\u00dfe der Bohrung)<\/li>\n<li>IPX6 Zertifizierung<\/li>\n<li>Verschiedene Farboptionen<\/li>\n<\/ul>\n","protected":false},"excerpt":{"rendered":"<p>The Jazz extreme is a speaker set that lives up to its name. Temperatures of up to 100 \u00b0C (e.g. in a sauna) pose no danger to the Jazz. Even at low temperatures, the Jazz does not disappoint because it is designed so that it still works even at 25 degrees of frost. Of course, [&hellip;]<\/p>\n","protected":false},"featured_media":24557,"template":"","meta":[],"product_brand":[],"product_cat":[67],"product_tag":[],"class_list":{"0":"post-25761","1":"product","2":"type-product","3":"status-publish","4":"has-post-thumbnail","6":"product_cat-badezimmer-lautsprecher","8":"first","9":"instock","10":"taxable","11":"shipping-taxable","12":"purchasable","13":"product-type-variable","14":"has-default-attributes"},"yoast_head":"<!-- This site is optimized with the Yoast SEO plugin v27.4 - https:\/\/yoast.com\/product\/yoast-seo-wordpress\/ -->\n<title>SPKJAZZ2175-W Jazz Sauna Lautsprecher, Wetter- und Temperaturbest\u00e4ndig<\/title>\n<meta name=\"robots\" content=\"index, follow, max-snippet:-1, max-image-preview:large, max-video-preview:-1\" \/>\n<link rel=\"canonical\" href=\"https:\/\/aquasound.eu\/de\/produkt\/spkjazz2175-w\/\" \/>\n<meta property=\"og:locale\" content=\"de_DE\" \/>\n<meta property=\"og:type\" content=\"article\" \/>\n<meta property=\"og:title\" content=\"SPKJAZZ2175-W Jazz Sauna Lautsprecher, Wetter- und Temperaturbest\u00e4ndig\" \/>\n<meta property=\"og:description\" content=\"false\" \/>\n<meta property=\"og:url\" content=\"https:\/\/aquasound.eu\/de\/produkt\/spkjazz2175-w\/\" \/>\n<meta property=\"og:site_name\" content=\"AquaSound\" \/>\n<meta property=\"article:modified_time\" content=\"2026-04-29T11:55:49+00:00\" \/>\n<meta property=\"og:image\" content=\"http:\/\/1\" \/>\n<meta name=\"twitter:card\" content=\"summary_large_image\" \/>\n<meta name=\"twitter:label1\" content=\"Gesch\u00e4tzte Lesezeit\" \/>\n\t<meta name=\"twitter:data1\" content=\"1\u00a0Minute\" \/>\n<script type=\"application\/ld+json\" class=\"yoast-schema-graph\">{\"@context\":\"https:\\\/\\\/schema.org\",\"@graph\":[{\"@type\":\"WebPage\",\"@id\":\"https:\\\/\\\/aquasound.eu\\\/de\\\/produkt\\\/spkjazz2175-w\\\/\",\"url\":\"https:\\\/\\\/aquasound.eu\\\/de\\\/produkt\\\/spkjazz2175-w\\\/\",\"name\":\"SPKJAZZ2175-W Jazz Sauna Lautsprecher, Wetter- und Temperaturbest\u00e4ndig\",\"isPartOf\":{\"@id\":\"https:\\\/\\\/aquasound.eu\\\/nl\\\/#website\"},\"primaryImageOfPage\":{\"@id\":\"https:\\\/\\\/aquasound.eu\\\/de\\\/produkt\\\/spkjazz2175-w\\\/#primaryimage\"},\"image\":{\"@id\":\"https:\\\/\\\/aquasound.eu\\\/de\\\/produkt\\\/spkjazz2175-w\\\/#primaryimage\"},\"thumbnailUrl\":\"https:\\\/\\\/aquasound.eu\\\/wp-content\\\/uploads\\\/SPKJAZZ-1.webp\",\"datePublished\":\"2022-05-18T11:10:53+00:00\",\"dateModified\":\"2026-04-29T11:55:49+00:00\",\"breadcrumb\":{\"@id\":\"https:\\\/\\\/aquasound.eu\\\/de\\\/produkt\\\/spkjazz2175-w\\\/#breadcrumb\"},\"inLanguage\":\"de\",\"potentialAction\":[{\"@type\":\"ReadAction\",\"target\":[\"https:\\\/\\\/aquasound.eu\\\/de\\\/produkt\\\/spkjazz2175-w\\\/\"]}]},{\"@type\":\"ImageObject\",\"inLanguage\":\"de\",\"@id\":\"https:\\\/\\\/aquasound.eu\\\/de\\\/produkt\\\/spkjazz2175-w\\\/#primaryimage\",\"url\":\"https:\\\/\\\/aquasound.eu\\\/wp-content\\\/uploads\\\/SPKJAZZ-1.webp\",\"contentUrl\":\"https:\\\/\\\/aquasound.eu\\\/wp-content\\\/uploads\\\/SPKJAZZ-1.webp\",\"width\":1000,\"height\":1000},{\"@type\":\"BreadcrumbList\",\"@id\":\"https:\\\/\\\/aquasound.eu\\\/de\\\/produkt\\\/spkjazz2175-w\\\/#breadcrumb\",\"itemListElement\":[{\"@type\":\"ListItem\",\"position\":1,\"name\":\"Home\",\"item\":\"https:\\\/\\\/aquasound.eu\\\/de\\\/\"},{\"@type\":\"ListItem\",\"position\":2,\"name\":\"WooCommerce\",\"item\":\"https:\\\/\\\/aquasound.eu\\\/nl\\\/woocommerce\\\/\"},{\"@type\":\"ListItem\",\"position\":3,\"name\":\"SPKJAZZ2175-W Jazz Sauna Lautsprecher, Wetter- und Temperaturbest\u00e4ndig\"}]},{\"@type\":\"WebSite\",\"@id\":\"https:\\\/\\\/aquasound.eu\\\/nl\\\/#website\",\"url\":\"https:\\\/\\\/aquasound.eu\\\/nl\\\/\",\"name\":\"AquaSound\",\"description\":\"\",\"potentialAction\":[{\"@type\":\"SearchAction\",\"target\":{\"@type\":\"EntryPoint\",\"urlTemplate\":\"https:\\\/\\\/aquasound.eu\\\/nl\\\/?s={search_term_string}\"},\"query-input\":{\"@type\":\"PropertyValueSpecification\",\"valueRequired\":true,\"valueName\":\"search_term_string\"}}],\"inLanguage\":\"de\"}]}<\/script>\n<!-- \/ Yoast SEO plugin. -->","yoast_head_json":{"title":"SPKJAZZ2175-W Jazz Sauna Lautsprecher, Wetter- und Temperaturbest\u00e4ndig","robots":{"index":"index","follow":"follow","max-snippet":"max-snippet:-1","max-image-preview":"max-image-preview:large","max-video-preview":"max-video-preview:-1"},"canonical":"https:\/\/aquasound.eu\/de\/produkt\/spkjazz2175-w\/","og_locale":"de_DE","og_type":"article","og_title":"SPKJAZZ2175-W Jazz Sauna Lautsprecher, Wetter- und Temperaturbest\u00e4ndig","og_description":"false","og_url":"https:\/\/aquasound.eu\/de\/produkt\/spkjazz2175-w\/","og_site_name":"AquaSound","article_modified_time":"2026-04-29T11:55:49+00:00","og_image":[{"url":"1","type":"","width":"","height":""}],"twitter_card":"summary_large_image","twitter_misc":{"Gesch\u00e4tzte Lesezeit":"1\u00a0Minute"},"schema":{"@context":"https:\/\/schema.org","@graph":[{"@type":"WebPage","@id":"https:\/\/aquasound.eu\/de\/produkt\/spkjazz2175-w\/","url":"https:\/\/aquasound.eu\/de\/produkt\/spkjazz2175-w\/","name":"SPKJAZZ2175-W Jazz Sauna Lautsprecher, Wetter- und Temperaturbest\u00e4ndig","isPartOf":{"@id":"https:\/\/aquasound.eu\/nl\/#website"},"primaryImageOfPage":{"@id":"https:\/\/aquasound.eu\/de\/produkt\/spkjazz2175-w\/#primaryimage"},"image":{"@id":"https:\/\/aquasound.eu\/de\/produkt\/spkjazz2175-w\/#primaryimage"},"thumbnailUrl":"https:\/\/aquasound.eu\/wp-content\/uploads\/SPKJAZZ-1.webp","datePublished":"2022-05-18T11:10:53+00:00","dateModified":"2026-04-29T11:55:49+00:00","breadcrumb":{"@id":"https:\/\/aquasound.eu\/de\/produkt\/spkjazz2175-w\/#breadcrumb"},"inLanguage":"de","potentialAction":[{"@type":"ReadAction","target":["https:\/\/aquasound.eu\/de\/produkt\/spkjazz2175-w\/"]}]},{"@type":"ImageObject","inLanguage":"de","@id":"https:\/\/aquasound.eu\/de\/produkt\/spkjazz2175-w\/#primaryimage","url":"https:\/\/aquasound.eu\/wp-content\/uploads\/SPKJAZZ-1.webp","contentUrl":"https:\/\/aquasound.eu\/wp-content\/uploads\/SPKJAZZ-1.webp","width":1000,"height":1000},{"@type":"BreadcrumbList","@id":"https:\/\/aquasound.eu\/de\/produkt\/spkjazz2175-w\/#breadcrumb","itemListElement":[{"@type":"ListItem","position":1,"name":"Home","item":"https:\/\/aquasound.eu\/de\/"},{"@type":"ListItem","position":2,"name":"WooCommerce","item":"https:\/\/aquasound.eu\/nl\/woocommerce\/"},{"@type":"ListItem","position":3,"name":"SPKJAZZ2175-W Jazz Sauna Lautsprecher, Wetter- und Temperaturbest\u00e4ndig"}]},{"@type":"WebSite","@id":"https:\/\/aquasound.eu\/nl\/#website","url":"https:\/\/aquasound.eu\/nl\/","name":"AquaSound","description":"","potentialAction":[{"@type":"SearchAction","target":{"@type":"EntryPoint","urlTemplate":"https:\/\/aquasound.eu\/nl\/?s={search_term_string}"},"query-input":{"@type":"PropertyValueSpecification","valueRequired":true,"valueName":"search_term_string"}}],"inLanguage":"de"}]}},"_links":{"self":[{"href":"https:\/\/aquasound.eu\/de\/wp-json\/wp\/v2\/product\/25761","targetHints":{"allow":["GET"]}}],"collection":[{"href":"https:\/\/aquasound.eu\/de\/wp-json\/wp\/v2\/product"}],"about":[{"href":"https:\/\/aquasound.eu\/de\/wp-json\/wp\/v2\/types\/product"}],"wp:featuredmedia":[{"embeddable":true,"href":"https:\/\/aquasound.eu\/de\/wp-json\/wp\/v2\/media\/24557"}],"wp:attachment":[{"href":"https:\/\/aquasound.eu\/de\/wp-json\/wp\/v2\/media?parent=25761"}],"wp:term":[{"taxonomy":"product_brand","embeddable":true,"href":"https:\/\/aquasound.eu\/de\/wp-json\/wp\/v2\/product_brand?post=25761"},{"taxonomy":"product_cat","embeddable":true,"href":"https:\/\/aquasound.eu\/de\/wp-json\/wp\/v2\/product_cat?post=25761"},{"taxonomy":"product_tag","embeddable":true,"href":"https:\/\/aquasound.eu\/de\/wp-json\/wp\/v2\/product_tag?post=25761"}],"curies":[{"name":"wp","href":"https:\/\/api.w.org\/{rel}","templated":true}]}}