{"id":25753,"date":"2022-05-18T13:53:47","date_gmt":"2022-05-18T11:53:47","guid":{"rendered":"http:\/\/timple.nl\/product\/emn50x-swn-joy-badezimmer-radio-50-watt-mit-samba-lautsprechern\/"},"modified":"2025-04-24T13:38:12","modified_gmt":"2025-04-24T11:38:12","slug":"emn50-sw","status":"publish","type":"product","link":"https:\/\/aquasound.eu\/de\/produkt\/emn50-sw\/","title":{"rendered":"<b>EMN50-SW<\/b> <br>N-Joy Badezimmer-Radio 50 Watt mit Samba-Lautsprechern"},"content":{"rendered":"<p>Dieses <a href=\"https:\/\/aquasound.eu\/de\/badezimmer-radio\/\">N-Joy Badezimmerradio <\/a>findet seinen Platz in jedem Badezimmer.<br \/>\nAuf dem Controller k\u00f6nnen verschiedene Streaming-Dienste installiert werden (Tune-In Radio \/ Spotify \/ Apple Music \/ Deezer \/ Amazon Music \/ Tidal). Der N-Joy Controller wird mit einer Wandhalterung\/Ladeger\u00e4t geliefert. So ist der Controller immer einsatzbereit.<br \/>\nDer Bluetooth-Audioverst\u00e4rker hat eine Ausgangsleistung von 50 Watt. Der Mini-Verst\u00e4rker kann mit <a href=\"https:\/\/aquasound.eu\/nl\/product-category\/badkamer-speakers\/\">jedem Lautsprecher <\/a>aus dem AquaSound-Sortiment kombiniert werden. Die Gr\u00f6\u00dfe des Verst\u00e4rkers ist etwas gr\u00f6\u00dfer als die seiner kleineren Schwester, wodurch der Verst\u00e4rker mehr Leistung liefern kann. Die externe Antenne verleiht dem Verst\u00e4rker eine gr\u00f6\u00dfere Reichweite.<\/p>\n<h4>N-Joy Controller<\/h4>\n<ul>\n<li>140 x 100 mm (Controller)<\/li>\n<li>80 x 60 mm (Wandhalterung)<\/li>\n<li>300 cm Ladekabel<\/li>\n<li>5-Zoll-Touchscreen<\/li>\n<li>12 GB interner Speicher (+\/- 3000 MP3-Songs)<\/li>\n<li>IPX7 Zertifizierung<\/li>\n<\/ul>\n<p>&nbsp;<\/p>\n<h4>Verst\u00e4rker<\/h4>\n<ul>\n<li>Bluetooth 4.0<\/li>\n<li>2x 50 Watt MAX<\/li>\n<li>120 x 88 x 43 mm<\/li>\n<li>Aux-In, Auto aux<\/li>\n<li>Adapter: 230 V \/ 12 V (3.0 A)<\/li>\n<li><a href=\"\/de\/produkt\/sks150-bw\/\">Subwoofer-Kit<\/a> Ready<\/li>\n<\/ul>\n<p>&nbsp;<\/p>\n<h4>Lautsprecher-Set<\/h4>\n<ul>\n<li>Samba<\/li>\n<li>65 Watt MAX<\/li>\n<li>195 x 81 mm (T x H)<\/li>\n<li>175 mm (Gr\u00f6\u00dfe der Bohrung)<\/li>\n<li>IPX4 Zertifizierung<\/li>\n<li>Verschiedene Farboptionen<\/li>\n<\/ul>\n<p>&nbsp;<\/p>\n","protected":false},"excerpt":{"rendered":"<p>Dieses N-Joy Badezimmerradio findet seinen Platz in jedem Badezimmer. Auf dem Controller k\u00f6nnen verschiedene Streaming-Dienste installiert werden (Tune-In Radio \/ Spotify \/ Apple Music \/ Deezer \/ Amazon Music \/ Tidal). Der N-Joy Controller wird mit einer Wandhalterung\/Ladeger\u00e4t geliefert. So ist der Controller immer einsatzbereit. Der Bluetooth-Audioverst\u00e4rker hat eine Ausgangsleistung von 50 Watt. Der Mini-Verst\u00e4rker [&hellip;]<\/p>\n","protected":false},"featured_media":25989,"template":"","meta":[],"product_brand":[],"product_cat":[69],"product_tag":[],"class_list":{"0":"post-25753","1":"product","2":"type-product","3":"status-publish","4":"has-post-thumbnail","6":"product_cat-n-joy-audiosysteme","8":"first","9":"instock","10":"taxable","11":"shipping-taxable","12":"purchasable","13":"product-type-variable","14":"has-default-attributes"},"yoast_head":"<!-- This site is optimized with the Yoast SEO plugin v27.4 - https:\/\/yoast.com\/product\/yoast-seo-wordpress\/ -->\n<title>EMN50-SW N-Joy Badezimmer-Radio 50 Watt mit Samba-Lautsprechern<\/title>\n<meta name=\"robots\" content=\"index, follow, max-snippet:-1, max-image-preview:large, max-video-preview:-1\" \/>\n<link rel=\"canonical\" href=\"https:\/\/aquasound.eu\/de\/produkt\/emn50-sw\/\" \/>\n<meta property=\"og:locale\" content=\"de_DE\" \/>\n<meta property=\"og:type\" content=\"article\" \/>\n<meta property=\"og:title\" content=\"EMN50-SW N-Joy Badezimmer-Radio 50 Watt mit Samba-Lautsprechern\" \/>\n<meta property=\"og:description\" content=\"Dieses N-Joy Badezimmerradio findet seinen Platz in jedem Badezimmer. Auf dem Controller k\u00f6nnen verschiedene Streaming-Dienste installiert werden (Tune-In Radio \/ Spotify \/ Apple Music \/ Deezer \/ Amazon Music \/ Tidal). Der N-Joy Controller wird mit einer Wandhalterung\/Ladeger\u00e4t geliefert. So ist der Controller immer einsatzbereit. Der Bluetooth-Audioverst\u00e4rker hat eine Ausgangsleistung von 50 Watt. Der Mini-Verst\u00e4rker [&hellip;]\" \/>\n<meta property=\"og:url\" content=\"https:\/\/aquasound.eu\/de\/produkt\/emn50-sw\/\" \/>\n<meta property=\"og:site_name\" content=\"AquaSound\" \/>\n<meta property=\"article:modified_time\" content=\"2025-04-24T11:38:12+00:00\" \/>\n<meta property=\"og:image\" content=\"https:\/\/aquasound.eu\/wp-content\/uploads\/EMN50-SW.webp\" \/>\n\t<meta property=\"og:image:width\" content=\"1000\" \/>\n\t<meta property=\"og:image:height\" content=\"1000\" \/>\n\t<meta property=\"og:image:type\" content=\"image\/webp\" \/>\n<meta name=\"twitter:card\" content=\"summary_large_image\" \/>\n<meta name=\"twitter:label1\" content=\"Gesch\u00e4tzte Lesezeit\" \/>\n\t<meta name=\"twitter:data1\" content=\"1\u00a0Minute\" \/>\n<script type=\"application\/ld+json\" class=\"yoast-schema-graph\">{\"@context\":\"https:\\\/\\\/schema.org\",\"@graph\":[{\"@type\":\"WebPage\",\"@id\":\"https:\\\/\\\/aquasound.eu\\\/de\\\/produkt\\\/emn50-sw\\\/\",\"url\":\"https:\\\/\\\/aquasound.eu\\\/de\\\/produkt\\\/emn50-sw\\\/\",\"name\":\"EMN50-SW N-Joy Badezimmer-Radio 50 Watt mit Samba-Lautsprechern\",\"isPartOf\":{\"@id\":\"https:\\\/\\\/aquasound.eu\\\/nl\\\/#website\"},\"primaryImageOfPage\":{\"@id\":\"https:\\\/\\\/aquasound.eu\\\/de\\\/produkt\\\/emn50-sw\\\/#primaryimage\"},\"image\":{\"@id\":\"https:\\\/\\\/aquasound.eu\\\/de\\\/produkt\\\/emn50-sw\\\/#primaryimage\"},\"thumbnailUrl\":\"https:\\\/\\\/aquasound.eu\\\/wp-content\\\/uploads\\\/EMN50-SW.webp\",\"datePublished\":\"2022-05-18T11:53:47+00:00\",\"dateModified\":\"2025-04-24T11:38:12+00:00\",\"breadcrumb\":{\"@id\":\"https:\\\/\\\/aquasound.eu\\\/de\\\/produkt\\\/emn50-sw\\\/#breadcrumb\"},\"inLanguage\":\"de\",\"potentialAction\":[{\"@type\":\"ReadAction\",\"target\":[\"https:\\\/\\\/aquasound.eu\\\/de\\\/produkt\\\/emn50-sw\\\/\"]}]},{\"@type\":\"ImageObject\",\"inLanguage\":\"de\",\"@id\":\"https:\\\/\\\/aquasound.eu\\\/de\\\/produkt\\\/emn50-sw\\\/#primaryimage\",\"url\":\"https:\\\/\\\/aquasound.eu\\\/wp-content\\\/uploads\\\/EMN50-SW.webp\",\"contentUrl\":\"https:\\\/\\\/aquasound.eu\\\/wp-content\\\/uploads\\\/EMN50-SW.webp\",\"width\":1000,\"height\":1000,\"caption\":\"badkamer radio waterdicht\"},{\"@type\":\"BreadcrumbList\",\"@id\":\"https:\\\/\\\/aquasound.eu\\\/de\\\/produkt\\\/emn50-sw\\\/#breadcrumb\",\"itemListElement\":[{\"@type\":\"ListItem\",\"position\":1,\"name\":\"Home\",\"item\":\"https:\\\/\\\/aquasound.eu\\\/de\\\/\"},{\"@type\":\"ListItem\",\"position\":2,\"name\":\"WooCommerce\",\"item\":\"https:\\\/\\\/aquasound.eu\\\/nl\\\/woocommerce\\\/\"},{\"@type\":\"ListItem\",\"position\":3,\"name\":\"EMN50-SW N-Joy Badezimmer-Radio 50 Watt mit Samba-Lautsprechern\"}]},{\"@type\":\"WebSite\",\"@id\":\"https:\\\/\\\/aquasound.eu\\\/nl\\\/#website\",\"url\":\"https:\\\/\\\/aquasound.eu\\\/nl\\\/\",\"name\":\"AquaSound\",\"description\":\"\",\"potentialAction\":[{\"@type\":\"SearchAction\",\"target\":{\"@type\":\"EntryPoint\",\"urlTemplate\":\"https:\\\/\\\/aquasound.eu\\\/nl\\\/?s={search_term_string}\"},\"query-input\":{\"@type\":\"PropertyValueSpecification\",\"valueRequired\":true,\"valueName\":\"search_term_string\"}}],\"inLanguage\":\"de\"}]}<\/script>\n<!-- \/ Yoast SEO plugin. -->","yoast_head_json":{"title":"EMN50-SW N-Joy Badezimmer-Radio 50 Watt mit Samba-Lautsprechern","robots":{"index":"index","follow":"follow","max-snippet":"max-snippet:-1","max-image-preview":"max-image-preview:large","max-video-preview":"max-video-preview:-1"},"canonical":"https:\/\/aquasound.eu\/de\/produkt\/emn50-sw\/","og_locale":"de_DE","og_type":"article","og_title":"EMN50-SW N-Joy Badezimmer-Radio 50 Watt mit Samba-Lautsprechern","og_description":"Dieses N-Joy Badezimmerradio findet seinen Platz in jedem Badezimmer. Auf dem Controller k\u00f6nnen verschiedene Streaming-Dienste installiert werden (Tune-In Radio \/ Spotify \/ Apple Music \/ Deezer \/ Amazon Music \/ Tidal). Der N-Joy Controller wird mit einer Wandhalterung\/Ladeger\u00e4t geliefert. So ist der Controller immer einsatzbereit. Der Bluetooth-Audioverst\u00e4rker hat eine Ausgangsleistung von 50 Watt. Der Mini-Verst\u00e4rker [&hellip;]","og_url":"https:\/\/aquasound.eu\/de\/produkt\/emn50-sw\/","og_site_name":"AquaSound","article_modified_time":"2025-04-24T11:38:12+00:00","og_image":[{"width":1000,"height":1000,"url":"https:\/\/aquasound.eu\/wp-content\/uploads\/EMN50-SW.webp","type":"image\/webp"}],"twitter_card":"summary_large_image","twitter_misc":{"Gesch\u00e4tzte Lesezeit":"1\u00a0Minute"},"schema":{"@context":"https:\/\/schema.org","@graph":[{"@type":"WebPage","@id":"https:\/\/aquasound.eu\/de\/produkt\/emn50-sw\/","url":"https:\/\/aquasound.eu\/de\/produkt\/emn50-sw\/","name":"EMN50-SW N-Joy Badezimmer-Radio 50 Watt mit Samba-Lautsprechern","isPartOf":{"@id":"https:\/\/aquasound.eu\/nl\/#website"},"primaryImageOfPage":{"@id":"https:\/\/aquasound.eu\/de\/produkt\/emn50-sw\/#primaryimage"},"image":{"@id":"https:\/\/aquasound.eu\/de\/produkt\/emn50-sw\/#primaryimage"},"thumbnailUrl":"https:\/\/aquasound.eu\/wp-content\/uploads\/EMN50-SW.webp","datePublished":"2022-05-18T11:53:47+00:00","dateModified":"2025-04-24T11:38:12+00:00","breadcrumb":{"@id":"https:\/\/aquasound.eu\/de\/produkt\/emn50-sw\/#breadcrumb"},"inLanguage":"de","potentialAction":[{"@type":"ReadAction","target":["https:\/\/aquasound.eu\/de\/produkt\/emn50-sw\/"]}]},{"@type":"ImageObject","inLanguage":"de","@id":"https:\/\/aquasound.eu\/de\/produkt\/emn50-sw\/#primaryimage","url":"https:\/\/aquasound.eu\/wp-content\/uploads\/EMN50-SW.webp","contentUrl":"https:\/\/aquasound.eu\/wp-content\/uploads\/EMN50-SW.webp","width":1000,"height":1000,"caption":"badkamer radio waterdicht"},{"@type":"BreadcrumbList","@id":"https:\/\/aquasound.eu\/de\/produkt\/emn50-sw\/#breadcrumb","itemListElement":[{"@type":"ListItem","position":1,"name":"Home","item":"https:\/\/aquasound.eu\/de\/"},{"@type":"ListItem","position":2,"name":"WooCommerce","item":"https:\/\/aquasound.eu\/nl\/woocommerce\/"},{"@type":"ListItem","position":3,"name":"EMN50-SW N-Joy Badezimmer-Radio 50 Watt mit Samba-Lautsprechern"}]},{"@type":"WebSite","@id":"https:\/\/aquasound.eu\/nl\/#website","url":"https:\/\/aquasound.eu\/nl\/","name":"AquaSound","description":"","potentialAction":[{"@type":"SearchAction","target":{"@type":"EntryPoint","urlTemplate":"https:\/\/aquasound.eu\/nl\/?s={search_term_string}"},"query-input":{"@type":"PropertyValueSpecification","valueRequired":true,"valueName":"search_term_string"}}],"inLanguage":"de"}]}},"_links":{"self":[{"href":"https:\/\/aquasound.eu\/de\/wp-json\/wp\/v2\/product\/25753","targetHints":{"allow":["GET"]}}],"collection":[{"href":"https:\/\/aquasound.eu\/de\/wp-json\/wp\/v2\/product"}],"about":[{"href":"https:\/\/aquasound.eu\/de\/wp-json\/wp\/v2\/types\/product"}],"wp:featuredmedia":[{"embeddable":true,"href":"https:\/\/aquasound.eu\/de\/wp-json\/wp\/v2\/media\/25989"}],"wp:attachment":[{"href":"https:\/\/aquasound.eu\/de\/wp-json\/wp\/v2\/media?parent=25753"}],"wp:term":[{"taxonomy":"product_brand","embeddable":true,"href":"https:\/\/aquasound.eu\/de\/wp-json\/wp\/v2\/product_brand?post=25753"},{"taxonomy":"product_cat","embeddable":true,"href":"https:\/\/aquasound.eu\/de\/wp-json\/wp\/v2\/product_cat?post=25753"},{"taxonomy":"product_tag","embeddable":true,"href":"https:\/\/aquasound.eu\/de\/wp-json\/wp\/v2\/product_tag?post=25753"}],"curies":[{"name":"wp","href":"https:\/\/api.w.org\/{rel}","templated":true}]}}