{"id":25745,"date":"2022-05-18T13:57:17","date_gmt":"2022-05-18T11:57:17","guid":{"rendered":"http:\/\/timple.nl\/product\/emn30x-rw-n-joy-badezimmer-radio-30-watt-mit-rumba-lautsprechern\/"},"modified":"2025-04-24T13:38:10","modified_gmt":"2025-04-24T11:38:10","slug":"emn30-rw","status":"publish","type":"product","link":"https:\/\/aquasound.eu\/de\/produkt\/emn30-rw\/","title":{"rendered":"<b>EMN30-RW<\/b> <br>N-Joy Badezimmer-Radio 30 Watt mit Rumba-Lautsprechern"},"content":{"rendered":"<p>Dieses <a href=\"https:\/\/aquasound.eu\/de\/badezimmer-radio\/\">N-Joy Badezimmerradio <\/a>findet seinen Platz in jedem Badezimmer.<br \/>\nAuf dem Controller k\u00f6nnen verschiedene Streaming-Dienste installiert werden (Tune-In Radio \/ Spotify \/ Apple Music \/ Deezer \/ Amazon Music \/ Tidal). Der N-Joy Controller wird mit einer Wandhalterung\/Ladeger\u00e4t geliefert. So ist der Controller immer einsatzbereit.<br \/>\nDer Bluetooth-Audioverst\u00e4rker hat eine Ausgangsleistung von 30 Watt. Der Mini-Verst\u00e4rker kann mit <a href=\"https:\/\/aquasound.eu\/nl\/product-category\/badkamer-speakers\/\">jedem Lautsprecher <\/a>aus dem AquaSound-Sortiment kombiniert werden. Die Gr\u00f6\u00dfe des Verst\u00e4rkers ist sehr gering, so dass er sogar problemlos durch die Installations\u00f6ffnung unserer kleinsten Lautsprecher passt. Au\u00dferdem verf\u00fcgt der Verst\u00e4rker \u00fcber eine eingebaute Antenne, die die Gr\u00f6\u00dfe des Verst\u00e4rkers kompakt h\u00e4lt.<\/p>\n<h4>N-Joy Controller<\/h4>\n<ul>\n<li>140 x 100 mm (Controller)<\/li>\n<li>80 x 60 mm (Wandhalterung)<\/li>\n<li>300 cm Ladekabel<\/li>\n<li>5-Zoll-Touchscreen<\/li>\n<li>12 GB interner Speicher (+\/- 3000 MP3-Songs)<\/li>\n<li>IPX7 Zertifizierung<\/li>\n<\/ul>\n<p>&nbsp;<\/p>\n<h4>Verst\u00e4rker<\/h4>\n<ul>\n<li>Bluetooth 4.0<\/li>\n<li>2x 30 Watt MAX<\/li>\n<li>120 x 88 x 43 mm<\/li>\n<li>Aux-In, Auto aux<\/li>\n<li>Adapter: 230 V \/ 12 V (3.0 A)<\/li>\n<li><a href=\"\/de\/produkt\/sks150-bw\/\">Subwoofer-Kit<\/a> Ready<\/li>\n<\/ul>\n<p>&nbsp;<\/p>\n<h4>Lautsprecher-Set<\/h4>\n<ul>\n<li>Rumba<\/li>\n<li>45 Watt MAX<\/li>\n<li>116 x 52 mm (T x H)<\/li>\n<li>100 mm (Gr\u00f6\u00dfe der Bohrung)<\/li>\n<li>IPX4 Zertifizierung<\/li>\n<li>Verschiedene Farboptionen<\/li>\n<\/ul>\n","protected":false},"excerpt":{"rendered":"<p>Dieses N-Joy Badezimmerradio findet seinen Platz in jedem Badezimmer. Auf dem Controller k\u00f6nnen verschiedene Streaming-Dienste installiert werden (Tune-In Radio \/ Spotify \/ Apple Music \/ Deezer \/ Amazon Music \/ Tidal). Der N-Joy Controller wird mit einer Wandhalterung\/Ladeger\u00e4t geliefert. So ist der Controller immer einsatzbereit. Der Bluetooth-Audioverst\u00e4rker hat eine Ausgangsleistung von 30 Watt. Der Mini-Verst\u00e4rker [&hellip;]<\/p>\n","protected":false},"featured_media":25965,"template":"","meta":[],"product_brand":[],"product_cat":[69],"product_tag":[],"class_list":{"0":"post-25745","1":"product","2":"type-product","3":"status-publish","4":"has-post-thumbnail","6":"product_cat-n-joy-audiosysteme","8":"first","9":"instock","10":"taxable","11":"shipping-taxable","12":"purchasable","13":"product-type-variable","14":"has-default-attributes"},"yoast_head":"<!-- This site is optimized with the Yoast SEO plugin v27.3 - https:\/\/yoast.com\/product\/yoast-seo-wordpress\/ -->\n<title>EMN30-RW N-Joy Badezimmer-Radio 30 Watt mit Rumba-Lautsprechern<\/title>\n<meta name=\"robots\" content=\"index, follow, max-snippet:-1, max-image-preview:large, max-video-preview:-1\" \/>\n<link rel=\"canonical\" href=\"https:\/\/aquasound.eu\/de\/produkt\/emn30-rw\/\" \/>\n<meta property=\"og:locale\" content=\"de_DE\" \/>\n<meta property=\"og:type\" content=\"article\" \/>\n<meta property=\"og:title\" content=\"EMN30-RW N-Joy Badezimmer-Radio 30 Watt mit Rumba-Lautsprechern\" \/>\n<meta property=\"og:description\" content=\"Dieses N-Joy Badezimmerradio findet seinen Platz in jedem Badezimmer. Auf dem Controller k\u00f6nnen verschiedene Streaming-Dienste installiert werden (Tune-In Radio \/ Spotify \/ Apple Music \/ Deezer \/ Amazon Music \/ Tidal). Der N-Joy Controller wird mit einer Wandhalterung\/Ladeger\u00e4t geliefert. So ist der Controller immer einsatzbereit. Der Bluetooth-Audioverst\u00e4rker hat eine Ausgangsleistung von 30 Watt. Der Mini-Verst\u00e4rker [&hellip;]\" \/>\n<meta property=\"og:url\" content=\"https:\/\/aquasound.eu\/de\/produkt\/emn30-rw\/\" \/>\n<meta property=\"og:site_name\" content=\"AquaSound\" \/>\n<meta property=\"article:modified_time\" content=\"2025-04-24T11:38:10+00:00\" \/>\n<meta property=\"og:image\" content=\"https:\/\/aquasound.eu\/wp-content\/uploads\/EMN30-RW.webp\" \/>\n\t<meta property=\"og:image:width\" content=\"1\" \/>\n\t<meta property=\"og:image:height\" content=\"1\" \/>\n\t<meta property=\"og:image:type\" content=\"image\/webp\" \/>\n<meta name=\"twitter:card\" content=\"summary_large_image\" \/>\n<meta name=\"twitter:label1\" content=\"Gesch\u00e4tzte Lesezeit\" \/>\n\t<meta name=\"twitter:data1\" content=\"1\u00a0Minute\" \/>\n<script type=\"application\/ld+json\" class=\"yoast-schema-graph\">{\"@context\":\"https:\\\/\\\/schema.org\",\"@graph\":[{\"@type\":\"WebPage\",\"@id\":\"https:\\\/\\\/aquasound.eu\\\/de\\\/produkt\\\/emn30-rw\\\/\",\"url\":\"https:\\\/\\\/aquasound.eu\\\/de\\\/produkt\\\/emn30-rw\\\/\",\"name\":\"EMN30-RW N-Joy Badezimmer-Radio 30 Watt mit Rumba-Lautsprechern\",\"isPartOf\":{\"@id\":\"https:\\\/\\\/aquasound.eu\\\/nl\\\/#website\"},\"primaryImageOfPage\":{\"@id\":\"https:\\\/\\\/aquasound.eu\\\/de\\\/produkt\\\/emn30-rw\\\/#primaryimage\"},\"image\":{\"@id\":\"https:\\\/\\\/aquasound.eu\\\/de\\\/produkt\\\/emn30-rw\\\/#primaryimage\"},\"thumbnailUrl\":\"https:\\\/\\\/aquasound.eu\\\/wp-content\\\/uploads\\\/EMN30-RW.webp\",\"datePublished\":\"2022-05-18T11:57:17+00:00\",\"dateModified\":\"2025-04-24T11:38:10+00:00\",\"breadcrumb\":{\"@id\":\"https:\\\/\\\/aquasound.eu\\\/de\\\/produkt\\\/emn30-rw\\\/#breadcrumb\"},\"inLanguage\":\"de\",\"potentialAction\":[{\"@type\":\"ReadAction\",\"target\":[\"https:\\\/\\\/aquasound.eu\\\/de\\\/produkt\\\/emn30-rw\\\/\"]}]},{\"@type\":\"ImageObject\",\"inLanguage\":\"de\",\"@id\":\"https:\\\/\\\/aquasound.eu\\\/de\\\/produkt\\\/emn30-rw\\\/#primaryimage\",\"url\":\"https:\\\/\\\/aquasound.eu\\\/wp-content\\\/uploads\\\/EMN30-RW.webp\",\"contentUrl\":\"https:\\\/\\\/aquasound.eu\\\/wp-content\\\/uploads\\\/EMN30-RW.webp\",\"width\":1000,\"height\":1000},{\"@type\":\"BreadcrumbList\",\"@id\":\"https:\\\/\\\/aquasound.eu\\\/de\\\/produkt\\\/emn30-rw\\\/#breadcrumb\",\"itemListElement\":[{\"@type\":\"ListItem\",\"position\":1,\"name\":\"Home\",\"item\":\"https:\\\/\\\/aquasound.eu\\\/de\\\/\"},{\"@type\":\"ListItem\",\"position\":2,\"name\":\"WooCommerce\",\"item\":\"https:\\\/\\\/aquasound.eu\\\/nl\\\/woocommerce\\\/\"},{\"@type\":\"ListItem\",\"position\":3,\"name\":\"EMN30-RW N-Joy Badezimmer-Radio 30 Watt mit Rumba-Lautsprechern\"}]},{\"@type\":\"WebSite\",\"@id\":\"https:\\\/\\\/aquasound.eu\\\/nl\\\/#website\",\"url\":\"https:\\\/\\\/aquasound.eu\\\/nl\\\/\",\"name\":\"AquaSound\",\"description\":\"\",\"potentialAction\":[{\"@type\":\"SearchAction\",\"target\":{\"@type\":\"EntryPoint\",\"urlTemplate\":\"https:\\\/\\\/aquasound.eu\\\/nl\\\/?s={search_term_string}\"},\"query-input\":{\"@type\":\"PropertyValueSpecification\",\"valueRequired\":true,\"valueName\":\"search_term_string\"}}],\"inLanguage\":\"de\"}]}<\/script>\n<!-- \/ Yoast SEO plugin. -->","yoast_head_json":{"title":"EMN30-RW N-Joy Badezimmer-Radio 30 Watt mit Rumba-Lautsprechern","robots":{"index":"index","follow":"follow","max-snippet":"max-snippet:-1","max-image-preview":"max-image-preview:large","max-video-preview":"max-video-preview:-1"},"canonical":"https:\/\/aquasound.eu\/de\/produkt\/emn30-rw\/","og_locale":"de_DE","og_type":"article","og_title":"EMN30-RW N-Joy Badezimmer-Radio 30 Watt mit Rumba-Lautsprechern","og_description":"Dieses N-Joy Badezimmerradio findet seinen Platz in jedem Badezimmer. Auf dem Controller k\u00f6nnen verschiedene Streaming-Dienste installiert werden (Tune-In Radio \/ Spotify \/ Apple Music \/ Deezer \/ Amazon Music \/ Tidal). Der N-Joy Controller wird mit einer Wandhalterung\/Ladeger\u00e4t geliefert. So ist der Controller immer einsatzbereit. Der Bluetooth-Audioverst\u00e4rker hat eine Ausgangsleistung von 30 Watt. Der Mini-Verst\u00e4rker [&hellip;]","og_url":"https:\/\/aquasound.eu\/de\/produkt\/emn30-rw\/","og_site_name":"AquaSound","article_modified_time":"2025-04-24T11:38:10+00:00","og_image":[{"url":"https:\/\/aquasound.eu\/wp-content\/uploads\/EMN30-RW.webp","width":1,"height":1,"type":"image\/webp"}],"twitter_card":"summary_large_image","twitter_misc":{"Gesch\u00e4tzte Lesezeit":"1\u00a0Minute"},"schema":{"@context":"https:\/\/schema.org","@graph":[{"@type":"WebPage","@id":"https:\/\/aquasound.eu\/de\/produkt\/emn30-rw\/","url":"https:\/\/aquasound.eu\/de\/produkt\/emn30-rw\/","name":"EMN30-RW N-Joy Badezimmer-Radio 30 Watt mit Rumba-Lautsprechern","isPartOf":{"@id":"https:\/\/aquasound.eu\/nl\/#website"},"primaryImageOfPage":{"@id":"https:\/\/aquasound.eu\/de\/produkt\/emn30-rw\/#primaryimage"},"image":{"@id":"https:\/\/aquasound.eu\/de\/produkt\/emn30-rw\/#primaryimage"},"thumbnailUrl":"https:\/\/aquasound.eu\/wp-content\/uploads\/EMN30-RW.webp","datePublished":"2022-05-18T11:57:17+00:00","dateModified":"2025-04-24T11:38:10+00:00","breadcrumb":{"@id":"https:\/\/aquasound.eu\/de\/produkt\/emn30-rw\/#breadcrumb"},"inLanguage":"de","potentialAction":[{"@type":"ReadAction","target":["https:\/\/aquasound.eu\/de\/produkt\/emn30-rw\/"]}]},{"@type":"ImageObject","inLanguage":"de","@id":"https:\/\/aquasound.eu\/de\/produkt\/emn30-rw\/#primaryimage","url":"https:\/\/aquasound.eu\/wp-content\/uploads\/EMN30-RW.webp","contentUrl":"https:\/\/aquasound.eu\/wp-content\/uploads\/EMN30-RW.webp","width":1000,"height":1000},{"@type":"BreadcrumbList","@id":"https:\/\/aquasound.eu\/de\/produkt\/emn30-rw\/#breadcrumb","itemListElement":[{"@type":"ListItem","position":1,"name":"Home","item":"https:\/\/aquasound.eu\/de\/"},{"@type":"ListItem","position":2,"name":"WooCommerce","item":"https:\/\/aquasound.eu\/nl\/woocommerce\/"},{"@type":"ListItem","position":3,"name":"EMN30-RW N-Joy Badezimmer-Radio 30 Watt mit Rumba-Lautsprechern"}]},{"@type":"WebSite","@id":"https:\/\/aquasound.eu\/nl\/#website","url":"https:\/\/aquasound.eu\/nl\/","name":"AquaSound","description":"","potentialAction":[{"@type":"SearchAction","target":{"@type":"EntryPoint","urlTemplate":"https:\/\/aquasound.eu\/nl\/?s={search_term_string}"},"query-input":{"@type":"PropertyValueSpecification","valueRequired":true,"valueName":"search_term_string"}}],"inLanguage":"de"}]}},"_links":{"self":[{"href":"https:\/\/aquasound.eu\/de\/wp-json\/wp\/v2\/product\/25745","targetHints":{"allow":["GET"]}}],"collection":[{"href":"https:\/\/aquasound.eu\/de\/wp-json\/wp\/v2\/product"}],"about":[{"href":"https:\/\/aquasound.eu\/de\/wp-json\/wp\/v2\/types\/product"}],"wp:featuredmedia":[{"embeddable":true,"href":"https:\/\/aquasound.eu\/de\/wp-json\/wp\/v2\/media\/25965"}],"wp:attachment":[{"href":"https:\/\/aquasound.eu\/de\/wp-json\/wp\/v2\/media?parent=25745"}],"wp:term":[{"taxonomy":"product_brand","embeddable":true,"href":"https:\/\/aquasound.eu\/de\/wp-json\/wp\/v2\/product_brand?post=25745"},{"taxonomy":"product_cat","embeddable":true,"href":"https:\/\/aquasound.eu\/de\/wp-json\/wp\/v2\/product_cat?post=25745"},{"taxonomy":"product_tag","embeddable":true,"href":"https:\/\/aquasound.eu\/de\/wp-json\/wp\/v2\/product_tag?post=25745"}],"curies":[{"name":"wp","href":"https:\/\/api.w.org\/{rel}","templated":true}]}}