{"id":25739,"date":"2022-05-18T13:59:54","date_gmt":"2022-05-18T11:59:54","guid":{"rendered":"http:\/\/timple.nl\/product\/emn50x-n-joy-badezimmer-radio-50-watt\/"},"modified":"2024-05-29T14:32:48","modified_gmt":"2024-05-29T12:32:48","slug":"emn50","status":"publish","type":"product","link":"https:\/\/aquasound.eu\/de\/produkt\/emn50\/","title":{"rendered":"<b>EMN50<\/b> <br>N-Joy Badezimmer-Radio 50 Watt"},"content":{"rendered":"<p>Dieses <a href=\"https:\/\/aquasound.eu\/de\/badezimmer-radio\/\">N-Joy Badezimmerradio<\/a> findet seinen Platz in jedem Badezimmer.<\/p>\n<p>Auf dem Controller k\u00f6nnen verschiedene Streaming-Dienste installiert werden (Tune-In Radio \/ Spotify \/ Apple Music \/ Deezer \/ Amazon Music \/ Tidal). Der N-Joy Controller wird mit einer Wandhalterung\/Ladeger\u00e4t geliefert. So ist der Controller immer einsatzbereit.<\/p>\n<p>Der Bluetooth-Audioverst\u00e4rker hat eine Ausgangsleistung von 50 Watt. Der Mini-Verst\u00e4rker kann mit <a href=\"https:\/\/aquasound.eu\/de\/produkt-kategorie\/badezimmer-lautsprecher\/\">jedem Lautsprecher<\/a> aus dem AquaSound-Sortiment kombiniert werden. Die Gr\u00f6\u00dfe des Verst\u00e4rkers ist etwas gr\u00f6\u00dfer als die seiner kleineren Schwester, wodurch der Verst\u00e4rker mehr Leistung liefern kann. Die externe Antenne verleiht dem Verst\u00e4rker eine gr\u00f6\u00dfere Reichweite.<\/p>\n<h4>N-Joy Controller<\/h4>\n<ul>\n<li>140 x 100 mm (Controller)<\/li>\n<li>80 x 60 mm (Wandhalterung)<\/li>\n<li>300 cm Ladekabel<\/li>\n<li>5-Zoll-Touchscreen<\/li>\n<li>12 GB interner Speicher (+\/- 3000 MP3-Songs)<\/li>\n<li>IPX7 Zertifizierung<\/li>\n<\/ul>\n<p>&nbsp;<\/p>\n<h4>Verst\u00e4rker<\/h4>\n<ul>\n<li>Bluetooth 4.0<\/li>\n<li>2x 50 Watt MAX<\/li>\n<li>120 x 88 x 43 mm<\/li>\n<li>Aux-In, Auto aux<\/li>\n<li>Adapter: 230 V \/ 12 V (3.0 A)<\/li>\n<\/ul>\n","protected":false},"excerpt":{"rendered":"<p>Dieses N-Joy Badezimmerradio findet seinen Platz in jedem Badezimmer. Auf dem Controller k\u00f6nnen verschiedene Streaming-Dienste installiert werden (Tune-In Radio \/ Spotify \/ Apple Music \/ Deezer \/ Amazon Music \/ Tidal). Der N-Joy Controller wird mit einer Wandhalterung\/Ladeger\u00e4t geliefert. So ist der Controller immer einsatzbereit. Der Bluetooth-Audioverst\u00e4rker hat eine Ausgangsleistung von 50 Watt. Der Mini-Verst\u00e4rker [&hellip;]<\/p>\n","protected":false},"featured_media":25953,"template":"","meta":[],"product_brand":[],"product_cat":[69],"product_tag":[],"class_list":{"0":"post-25739","1":"product","2":"type-product","3":"status-publish","4":"has-post-thumbnail","6":"product_cat-n-joy-audiosysteme","8":"first","9":"instock","10":"taxable","11":"shipping-taxable","12":"purchasable","13":"product-type-simple"},"yoast_head":"<!-- This site is optimized with the Yoast SEO plugin v27.3 - https:\/\/yoast.com\/product\/yoast-seo-wordpress\/ -->\n<title>EMN50 N-Joy Badezimmer-Radio 50 Watt<\/title>\n<meta name=\"robots\" content=\"index, follow, max-snippet:-1, max-image-preview:large, max-video-preview:-1\" \/>\n<link rel=\"canonical\" href=\"https:\/\/aquasound.eu\/de\/produkt\/emn50\/\" \/>\n<meta property=\"og:locale\" content=\"de_DE\" \/>\n<meta property=\"og:type\" content=\"article\" \/>\n<meta property=\"og:title\" content=\"EMN50 N-Joy Badezimmer-Radio 50 Watt\" \/>\n<meta property=\"og:description\" content=\"Dieses N-Joy Badezimmerradio findet seinen Platz in jedem Badezimmer. Auf dem Controller k\u00f6nnen verschiedene Streaming-Dienste installiert werden (Tune-In Radio \/ Spotify \/ Apple Music \/ Deezer \/ Amazon Music \/ Tidal). Der N-Joy Controller wird mit einer Wandhalterung\/Ladeger\u00e4t geliefert. So ist der Controller immer einsatzbereit. Der Bluetooth-Audioverst\u00e4rker hat eine Ausgangsleistung von 50 Watt. Der Mini-Verst\u00e4rker [&hellip;]\" \/>\n<meta property=\"og:url\" content=\"https:\/\/aquasound.eu\/de\/produkt\/emn50\/\" \/>\n<meta property=\"og:site_name\" content=\"AquaSound\" \/>\n<meta property=\"article:modified_time\" content=\"2024-05-29T12:32:48+00:00\" \/>\n<meta property=\"og:image\" content=\"https:\/\/aquasound.eu\/wp-content\/uploads\/EMN30.webp\" \/>\n\t<meta property=\"og:image:width\" content=\"1\" \/>\n\t<meta property=\"og:image:height\" content=\"1\" \/>\n\t<meta property=\"og:image:type\" content=\"image\/webp\" \/>\n<meta name=\"twitter:card\" content=\"summary_large_image\" \/>\n<meta name=\"twitter:label1\" content=\"Gesch\u00e4tzte Lesezeit\" \/>\n\t<meta name=\"twitter:data1\" content=\"1\u00a0Minute\" \/>\n<script type=\"application\/ld+json\" class=\"yoast-schema-graph\">{\"@context\":\"https:\\\/\\\/schema.org\",\"@graph\":[{\"@type\":\"WebPage\",\"@id\":\"https:\\\/\\\/aquasound.eu\\\/de\\\/produkt\\\/emn50\\\/\",\"url\":\"https:\\\/\\\/aquasound.eu\\\/de\\\/produkt\\\/emn50\\\/\",\"name\":\"EMN50 N-Joy Badezimmer-Radio 50 Watt\",\"isPartOf\":{\"@id\":\"https:\\\/\\\/aquasound.eu\\\/nl\\\/#website\"},\"primaryImageOfPage\":{\"@id\":\"https:\\\/\\\/aquasound.eu\\\/de\\\/produkt\\\/emn50\\\/#primaryimage\"},\"image\":{\"@id\":\"https:\\\/\\\/aquasound.eu\\\/de\\\/produkt\\\/emn50\\\/#primaryimage\"},\"thumbnailUrl\":\"https:\\\/\\\/aquasound.eu\\\/wp-content\\\/uploads\\\/EMN30.webp\",\"datePublished\":\"2022-05-18T11:59:54+00:00\",\"dateModified\":\"2024-05-29T12:32:48+00:00\",\"breadcrumb\":{\"@id\":\"https:\\\/\\\/aquasound.eu\\\/de\\\/produkt\\\/emn50\\\/#breadcrumb\"},\"inLanguage\":\"de\",\"potentialAction\":[{\"@type\":\"ReadAction\",\"target\":[\"https:\\\/\\\/aquasound.eu\\\/de\\\/produkt\\\/emn50\\\/\"]}]},{\"@type\":\"ImageObject\",\"inLanguage\":\"de\",\"@id\":\"https:\\\/\\\/aquasound.eu\\\/de\\\/produkt\\\/emn50\\\/#primaryimage\",\"url\":\"https:\\\/\\\/aquasound.eu\\\/wp-content\\\/uploads\\\/EMN30.webp\",\"contentUrl\":\"https:\\\/\\\/aquasound.eu\\\/wp-content\\\/uploads\\\/EMN30.webp\"},{\"@type\":\"BreadcrumbList\",\"@id\":\"https:\\\/\\\/aquasound.eu\\\/de\\\/produkt\\\/emn50\\\/#breadcrumb\",\"itemListElement\":[{\"@type\":\"ListItem\",\"position\":1,\"name\":\"Home\",\"item\":\"https:\\\/\\\/aquasound.eu\\\/de\\\/\"},{\"@type\":\"ListItem\",\"position\":2,\"name\":\"WooCommerce\",\"item\":\"https:\\\/\\\/aquasound.eu\\\/nl\\\/woocommerce\\\/\"},{\"@type\":\"ListItem\",\"position\":3,\"name\":\"&lt;b&gt;EMN50&lt;\\\/b&gt; &lt;br&gt;N-Joy Badezimmer-Radio 50 Watt\"}]},{\"@type\":\"WebSite\",\"@id\":\"https:\\\/\\\/aquasound.eu\\\/nl\\\/#website\",\"url\":\"https:\\\/\\\/aquasound.eu\\\/nl\\\/\",\"name\":\"AquaSound\",\"description\":\"\",\"potentialAction\":[{\"@type\":\"SearchAction\",\"target\":{\"@type\":\"EntryPoint\",\"urlTemplate\":\"https:\\\/\\\/aquasound.eu\\\/nl\\\/?s={search_term_string}\"},\"query-input\":{\"@type\":\"PropertyValueSpecification\",\"valueRequired\":true,\"valueName\":\"search_term_string\"}}],\"inLanguage\":\"de\"}]}<\/script>\n<!-- \/ Yoast SEO plugin. -->","yoast_head_json":{"title":"EMN50 N-Joy Badezimmer-Radio 50 Watt","robots":{"index":"index","follow":"follow","max-snippet":"max-snippet:-1","max-image-preview":"max-image-preview:large","max-video-preview":"max-video-preview:-1"},"canonical":"https:\/\/aquasound.eu\/de\/produkt\/emn50\/","og_locale":"de_DE","og_type":"article","og_title":"EMN50 N-Joy Badezimmer-Radio 50 Watt","og_description":"Dieses N-Joy Badezimmerradio findet seinen Platz in jedem Badezimmer. Auf dem Controller k\u00f6nnen verschiedene Streaming-Dienste installiert werden (Tune-In Radio \/ Spotify \/ Apple Music \/ Deezer \/ Amazon Music \/ Tidal). Der N-Joy Controller wird mit einer Wandhalterung\/Ladeger\u00e4t geliefert. So ist der Controller immer einsatzbereit. Der Bluetooth-Audioverst\u00e4rker hat eine Ausgangsleistung von 50 Watt. Der Mini-Verst\u00e4rker [&hellip;]","og_url":"https:\/\/aquasound.eu\/de\/produkt\/emn50\/","og_site_name":"AquaSound","article_modified_time":"2024-05-29T12:32:48+00:00","og_image":[{"url":"https:\/\/aquasound.eu\/wp-content\/uploads\/EMN30.webp","width":1,"height":1,"type":"image\/webp"}],"twitter_card":"summary_large_image","twitter_misc":{"Gesch\u00e4tzte Lesezeit":"1\u00a0Minute"},"schema":{"@context":"https:\/\/schema.org","@graph":[{"@type":"WebPage","@id":"https:\/\/aquasound.eu\/de\/produkt\/emn50\/","url":"https:\/\/aquasound.eu\/de\/produkt\/emn50\/","name":"EMN50 N-Joy Badezimmer-Radio 50 Watt","isPartOf":{"@id":"https:\/\/aquasound.eu\/nl\/#website"},"primaryImageOfPage":{"@id":"https:\/\/aquasound.eu\/de\/produkt\/emn50\/#primaryimage"},"image":{"@id":"https:\/\/aquasound.eu\/de\/produkt\/emn50\/#primaryimage"},"thumbnailUrl":"https:\/\/aquasound.eu\/wp-content\/uploads\/EMN30.webp","datePublished":"2022-05-18T11:59:54+00:00","dateModified":"2024-05-29T12:32:48+00:00","breadcrumb":{"@id":"https:\/\/aquasound.eu\/de\/produkt\/emn50\/#breadcrumb"},"inLanguage":"de","potentialAction":[{"@type":"ReadAction","target":["https:\/\/aquasound.eu\/de\/produkt\/emn50\/"]}]},{"@type":"ImageObject","inLanguage":"de","@id":"https:\/\/aquasound.eu\/de\/produkt\/emn50\/#primaryimage","url":"https:\/\/aquasound.eu\/wp-content\/uploads\/EMN30.webp","contentUrl":"https:\/\/aquasound.eu\/wp-content\/uploads\/EMN30.webp"},{"@type":"BreadcrumbList","@id":"https:\/\/aquasound.eu\/de\/produkt\/emn50\/#breadcrumb","itemListElement":[{"@type":"ListItem","position":1,"name":"Home","item":"https:\/\/aquasound.eu\/de\/"},{"@type":"ListItem","position":2,"name":"WooCommerce","item":"https:\/\/aquasound.eu\/nl\/woocommerce\/"},{"@type":"ListItem","position":3,"name":"&lt;b&gt;EMN50&lt;\/b&gt; &lt;br&gt;N-Joy Badezimmer-Radio 50 Watt"}]},{"@type":"WebSite","@id":"https:\/\/aquasound.eu\/nl\/#website","url":"https:\/\/aquasound.eu\/nl\/","name":"AquaSound","description":"","potentialAction":[{"@type":"SearchAction","target":{"@type":"EntryPoint","urlTemplate":"https:\/\/aquasound.eu\/nl\/?s={search_term_string}"},"query-input":{"@type":"PropertyValueSpecification","valueRequired":true,"valueName":"search_term_string"}}],"inLanguage":"de"}]}},"_links":{"self":[{"href":"https:\/\/aquasound.eu\/de\/wp-json\/wp\/v2\/product\/25739","targetHints":{"allow":["GET"]}}],"collection":[{"href":"https:\/\/aquasound.eu\/de\/wp-json\/wp\/v2\/product"}],"about":[{"href":"https:\/\/aquasound.eu\/de\/wp-json\/wp\/v2\/types\/product"}],"wp:featuredmedia":[{"embeddable":true,"href":"https:\/\/aquasound.eu\/de\/wp-json\/wp\/v2\/media\/25953"}],"wp:attachment":[{"href":"https:\/\/aquasound.eu\/de\/wp-json\/wp\/v2\/media?parent=25739"}],"wp:term":[{"taxonomy":"product_brand","embeddable":true,"href":"https:\/\/aquasound.eu\/de\/wp-json\/wp\/v2\/product_brand?post=25739"},{"taxonomy":"product_cat","embeddable":true,"href":"https:\/\/aquasound.eu\/de\/wp-json\/wp\/v2\/product_cat?post=25739"},{"taxonomy":"product_tag","embeddable":true,"href":"https:\/\/aquasound.eu\/de\/wp-json\/wp\/v2\/product_tag?post=25739"}],"curies":[{"name":"wp","href":"https:\/\/api.w.org\/{rel}","templated":true}]}}