{"id":25618,"date":"2022-05-18T14:28:56","date_gmt":"2022-05-18T12:28:56","guid":{"rendered":"http:\/\/timple.nl\/product\/asv2770ixseinbau-27-badezimmer-tv\/"},"modified":"2025-04-24T15:47:51","modified_gmt":"2025-04-24T13:47:51","slug":"asv2770ixs","status":"publish","type":"product","link":"https:\/\/aquasound.eu\/de\/produkt\/asv2770ixs\/","title":{"rendered":"<b>ASV2770IXS<\/b> <br>Einbau 27\" Badezimmer TV"},"content":{"rendered":"<p>Dieser 27\u2033 Badezimmer-Fernseher kann mit der mitgelieferten Back-Box vollst\u00e4ndig in die Wand integriert werden. Dieser Fernseher ist wasserdicht und daher f\u00fcr die Verwendung in Ihrem Badezimmer geeignet. Das spritzende Wasser aus der Badewanne oder der Strahl Ihrer Dusche haben keinen Einfluss auf die Lebensdauer dieses <a href=\"https:\/\/aquasound.eu\/de\/produkt\/asv2770ixs\/\">wasserdichten Fernsehers<\/a>. Neben einem DVB-C- und DVB-T2-Tuner verf\u00fcgt der Fernseher auch \u00fcber Smart-Funktionen. \u00dcber den Google Play Store k\u00f6nnen Sie jede gew\u00fcnschte App installieren (z. B. Netflix, Disney+ oder Amazon Prime). Der Bildschirm hat eine Aufl\u00f6sung von 1920 x 1080 Pixeln und ist damit ein Full-HD-Bildschirm. Der LG LED-Bildschirm ist modern und energieeffizient. Dieser Badezimmerfernseher ist mit einem VESA 200-Anschluss ausgestattet, so dass er auf jede VESA-Halterung passt.<\/p>\n<h4>Technische Daten<\/h4>\n<ul>\n<li>Eingebauter Fernseher<\/li>\n<li>27\u2033 \/ 70 cm<\/li>\n<li>Anti-Kondensation (beheizter Bildschirm)<\/li>\n<li>IPX5 Zertifizierung<\/li>\n<li>Interne Lautsprecher (extern: optional)<\/li>\n<li>Fernbedienung: Ja (spritzwassergesch\u00fctzt)<\/li>\n<li>Android TV (Smart-Funktionalit\u00e4t)<\/li>\n<li>DVB-T2 Tuner (CI+ kompatibel)<\/li>\n<li>DVB-C-Tuner (CI+-kompatibel)<\/li>\n<li>DVB-S-Tuner<\/li>\n<li>Analoger Tuner<\/li>\n<li>715 x 496 x 25 mm (Fernseher)<\/li>\n<li>254 x 203 x 40 mm (Media-Box)<\/li>\n<li>150 cm (Medienkabel)<\/li>\n<li>665 x 447 x 76 mm (Back-Box)<\/li>\n<\/ul>\n<h4>Anschl\u00fcsse<\/h4>\n<ul>\n<li>HDMI (2x)<\/li>\n<li>Audio-Ausgang (1x)<\/li>\n<li>Koax (2x)<\/li>\n<li>CI+ (1x)<\/li>\n<li>LAN (1x)<\/li>\n<li>WiFi-Verbindung<\/li>\n<\/ul>\n","protected":false},"excerpt":{"rendered":"<p>Dieser 27\u2033 Badezimmer-Fernseher kann mit der mitgelieferten Back-Box vollst\u00e4ndig in die Wand integriert werden. Dieser Fernseher ist wasserdicht und daher f\u00fcr die Verwendung in Ihrem Badezimmer geeignet. Das spritzende Wasser aus der Badewanne oder der Strahl Ihrer Dusche haben keinen Einfluss auf die Lebensdauer dieses wasserdichten Fernsehers. Neben einem DVB-C- und DVB-T2-Tuner verf\u00fcgt der Fernseher [&hellip;]<\/p>\n","protected":false},"featured_media":24697,"template":"","meta":[],"product_brand":[],"product_cat":[66],"product_tag":[],"class_list":{"0":"post-25618","1":"product","2":"type-product","3":"status-publish","4":"has-post-thumbnail","6":"product_cat-zubehor","8":"first","9":"outofstock","10":"taxable","11":"shipping-taxable","12":"purchasable","13":"product-type-simple"},"yoast_head":"<!-- This site is optimized with the Yoast SEO plugin v27.4 - https:\/\/yoast.com\/product\/yoast-seo-wordpress\/ -->\n<title>ASV2770IXS Einbau 27&quot; Badezimmer TV<\/title>\n<meta name=\"robots\" content=\"index, follow, max-snippet:-1, max-image-preview:large, max-video-preview:-1\" \/>\n<link rel=\"canonical\" href=\"https:\/\/aquasound.eu\/de\/produkt\/asv2770ixs\/\" \/>\n<meta property=\"og:locale\" content=\"de_DE\" \/>\n<meta property=\"og:type\" content=\"article\" \/>\n<meta property=\"og:title\" content=\"ASV2770IXS Einbau 27&quot; Badezimmer TV\" \/>\n<meta property=\"og:description\" content=\"Dieser 27\u2033 Badezimmer-Fernseher kann mit der mitgelieferten Back-Box vollst\u00e4ndig in die Wand integriert werden. Dieser Fernseher ist wasserdicht und daher f\u00fcr die Verwendung in Ihrem Badezimmer geeignet. Das spritzende Wasser aus der Badewanne oder der Strahl Ihrer Dusche haben keinen Einfluss auf die Lebensdauer dieses wasserdichten Fernsehers. Neben einem DVB-C- und DVB-T2-Tuner verf\u00fcgt der Fernseher [&hellip;]\" \/>\n<meta property=\"og:url\" content=\"https:\/\/aquasound.eu\/de\/produkt\/asv2770ixs\/\" \/>\n<meta property=\"og:site_name\" content=\"AquaSound\" \/>\n<meta property=\"article:modified_time\" content=\"2025-04-24T13:47:51+00:00\" \/>\n<meta property=\"og:image\" content=\"https:\/\/aquasound.eu\/wp-content\/uploads\/WOOBadkamerTV_Backbox.webp\" \/>\n\t<meta property=\"og:image:width\" content=\"1000\" \/>\n\t<meta property=\"og:image:height\" content=\"1000\" \/>\n\t<meta property=\"og:image:type\" content=\"image\/webp\" \/>\n<meta name=\"twitter:card\" content=\"summary_large_image\" \/>\n<meta name=\"twitter:label1\" content=\"Gesch\u00e4tzte Lesezeit\" \/>\n\t<meta name=\"twitter:data1\" content=\"1\u00a0Minute\" \/>\n<script type=\"application\/ld+json\" class=\"yoast-schema-graph\">{\"@context\":\"https:\\\/\\\/schema.org\",\"@graph\":[{\"@type\":\"WebPage\",\"@id\":\"https:\\\/\\\/aquasound.eu\\\/de\\\/produkt\\\/asv2770ixs\\\/\",\"url\":\"https:\\\/\\\/aquasound.eu\\\/de\\\/produkt\\\/asv2770ixs\\\/\",\"name\":\"ASV2770IXS Einbau 27\\\" Badezimmer TV\",\"isPartOf\":{\"@id\":\"https:\\\/\\\/aquasound.eu\\\/nl\\\/#website\"},\"primaryImageOfPage\":{\"@id\":\"https:\\\/\\\/aquasound.eu\\\/de\\\/produkt\\\/asv2770ixs\\\/#primaryimage\"},\"image\":{\"@id\":\"https:\\\/\\\/aquasound.eu\\\/de\\\/produkt\\\/asv2770ixs\\\/#primaryimage\"},\"thumbnailUrl\":\"https:\\\/\\\/aquasound.eu\\\/wp-content\\\/uploads\\\/WOOBadkamerTV_Backbox.webp\",\"datePublished\":\"2022-05-18T12:28:56+00:00\",\"dateModified\":\"2025-04-24T13:47:51+00:00\",\"breadcrumb\":{\"@id\":\"https:\\\/\\\/aquasound.eu\\\/de\\\/produkt\\\/asv2770ixs\\\/#breadcrumb\"},\"inLanguage\":\"de\",\"potentialAction\":[{\"@type\":\"ReadAction\",\"target\":[\"https:\\\/\\\/aquasound.eu\\\/de\\\/produkt\\\/asv2770ixs\\\/\"]}]},{\"@type\":\"ImageObject\",\"inLanguage\":\"de\",\"@id\":\"https:\\\/\\\/aquasound.eu\\\/de\\\/produkt\\\/asv2770ixs\\\/#primaryimage\",\"url\":\"https:\\\/\\\/aquasound.eu\\\/wp-content\\\/uploads\\\/WOOBadkamerTV_Backbox.webp\",\"contentUrl\":\"https:\\\/\\\/aquasound.eu\\\/wp-content\\\/uploads\\\/WOOBadkamerTV_Backbox.webp\",\"width\":1000,\"height\":1000},{\"@type\":\"BreadcrumbList\",\"@id\":\"https:\\\/\\\/aquasound.eu\\\/de\\\/produkt\\\/asv2770ixs\\\/#breadcrumb\",\"itemListElement\":[{\"@type\":\"ListItem\",\"position\":1,\"name\":\"Home\",\"item\":\"https:\\\/\\\/aquasound.eu\\\/de\\\/\"},{\"@type\":\"ListItem\",\"position\":2,\"name\":\"WooCommerce\",\"item\":\"https:\\\/\\\/aquasound.eu\\\/nl\\\/woocommerce\\\/\"},{\"@type\":\"ListItem\",\"position\":3,\"name\":\"ASV2770IXS Einbau 27\\\" Badezimmer TV\"}]},{\"@type\":\"WebSite\",\"@id\":\"https:\\\/\\\/aquasound.eu\\\/nl\\\/#website\",\"url\":\"https:\\\/\\\/aquasound.eu\\\/nl\\\/\",\"name\":\"AquaSound\",\"description\":\"\",\"potentialAction\":[{\"@type\":\"SearchAction\",\"target\":{\"@type\":\"EntryPoint\",\"urlTemplate\":\"https:\\\/\\\/aquasound.eu\\\/nl\\\/?s={search_term_string}\"},\"query-input\":{\"@type\":\"PropertyValueSpecification\",\"valueRequired\":true,\"valueName\":\"search_term_string\"}}],\"inLanguage\":\"de\"}]}<\/script>\n<!-- \/ Yoast SEO plugin. -->","yoast_head_json":{"title":"ASV2770IXS Einbau 27\" Badezimmer TV","robots":{"index":"index","follow":"follow","max-snippet":"max-snippet:-1","max-image-preview":"max-image-preview:large","max-video-preview":"max-video-preview:-1"},"canonical":"https:\/\/aquasound.eu\/de\/produkt\/asv2770ixs\/","og_locale":"de_DE","og_type":"article","og_title":"ASV2770IXS Einbau 27\" Badezimmer TV","og_description":"Dieser 27\u2033 Badezimmer-Fernseher kann mit der mitgelieferten Back-Box vollst\u00e4ndig in die Wand integriert werden. Dieser Fernseher ist wasserdicht und daher f\u00fcr die Verwendung in Ihrem Badezimmer geeignet. Das spritzende Wasser aus der Badewanne oder der Strahl Ihrer Dusche haben keinen Einfluss auf die Lebensdauer dieses wasserdichten Fernsehers. Neben einem DVB-C- und DVB-T2-Tuner verf\u00fcgt der Fernseher [&hellip;]","og_url":"https:\/\/aquasound.eu\/de\/produkt\/asv2770ixs\/","og_site_name":"AquaSound","article_modified_time":"2025-04-24T13:47:51+00:00","og_image":[{"width":1000,"height":1000,"url":"https:\/\/aquasound.eu\/wp-content\/uploads\/WOOBadkamerTV_Backbox.webp","type":"image\/webp"}],"twitter_card":"summary_large_image","twitter_misc":{"Gesch\u00e4tzte Lesezeit":"1\u00a0Minute"},"schema":{"@context":"https:\/\/schema.org","@graph":[{"@type":"WebPage","@id":"https:\/\/aquasound.eu\/de\/produkt\/asv2770ixs\/","url":"https:\/\/aquasound.eu\/de\/produkt\/asv2770ixs\/","name":"ASV2770IXS Einbau 27\" Badezimmer TV","isPartOf":{"@id":"https:\/\/aquasound.eu\/nl\/#website"},"primaryImageOfPage":{"@id":"https:\/\/aquasound.eu\/de\/produkt\/asv2770ixs\/#primaryimage"},"image":{"@id":"https:\/\/aquasound.eu\/de\/produkt\/asv2770ixs\/#primaryimage"},"thumbnailUrl":"https:\/\/aquasound.eu\/wp-content\/uploads\/WOOBadkamerTV_Backbox.webp","datePublished":"2022-05-18T12:28:56+00:00","dateModified":"2025-04-24T13:47:51+00:00","breadcrumb":{"@id":"https:\/\/aquasound.eu\/de\/produkt\/asv2770ixs\/#breadcrumb"},"inLanguage":"de","potentialAction":[{"@type":"ReadAction","target":["https:\/\/aquasound.eu\/de\/produkt\/asv2770ixs\/"]}]},{"@type":"ImageObject","inLanguage":"de","@id":"https:\/\/aquasound.eu\/de\/produkt\/asv2770ixs\/#primaryimage","url":"https:\/\/aquasound.eu\/wp-content\/uploads\/WOOBadkamerTV_Backbox.webp","contentUrl":"https:\/\/aquasound.eu\/wp-content\/uploads\/WOOBadkamerTV_Backbox.webp","width":1000,"height":1000},{"@type":"BreadcrumbList","@id":"https:\/\/aquasound.eu\/de\/produkt\/asv2770ixs\/#breadcrumb","itemListElement":[{"@type":"ListItem","position":1,"name":"Home","item":"https:\/\/aquasound.eu\/de\/"},{"@type":"ListItem","position":2,"name":"WooCommerce","item":"https:\/\/aquasound.eu\/nl\/woocommerce\/"},{"@type":"ListItem","position":3,"name":"ASV2770IXS Einbau 27\" Badezimmer TV"}]},{"@type":"WebSite","@id":"https:\/\/aquasound.eu\/nl\/#website","url":"https:\/\/aquasound.eu\/nl\/","name":"AquaSound","description":"","potentialAction":[{"@type":"SearchAction","target":{"@type":"EntryPoint","urlTemplate":"https:\/\/aquasound.eu\/nl\/?s={search_term_string}"},"query-input":{"@type":"PropertyValueSpecification","valueRequired":true,"valueName":"search_term_string"}}],"inLanguage":"de"}]}},"_links":{"self":[{"href":"https:\/\/aquasound.eu\/de\/wp-json\/wp\/v2\/product\/25618","targetHints":{"allow":["GET"]}}],"collection":[{"href":"https:\/\/aquasound.eu\/de\/wp-json\/wp\/v2\/product"}],"about":[{"href":"https:\/\/aquasound.eu\/de\/wp-json\/wp\/v2\/types\/product"}],"wp:featuredmedia":[{"embeddable":true,"href":"https:\/\/aquasound.eu\/de\/wp-json\/wp\/v2\/media\/24697"}],"wp:attachment":[{"href":"https:\/\/aquasound.eu\/de\/wp-json\/wp\/v2\/media?parent=25618"}],"wp:term":[{"taxonomy":"product_brand","embeddable":true,"href":"https:\/\/aquasound.eu\/de\/wp-json\/wp\/v2\/product_brand?post=25618"},{"taxonomy":"product_cat","embeddable":true,"href":"https:\/\/aquasound.eu\/de\/wp-json\/wp\/v2\/product_cat?post=25618"},{"taxonomy":"product_tag","embeddable":true,"href":"https:\/\/aquasound.eu\/de\/wp-json\/wp\/v2\/product_tag?post=25618"}],"curies":[{"name":"wp","href":"https:\/\/api.w.org\/{rel}","templated":true}]}}