{"id":25587,"date":"2022-05-18T14:49:13","date_gmt":"2022-05-18T12:49:13","guid":{"rendered":"http:\/\/timple.nl\/product\/emchdrlwandhalterung-mit-ladefunktion-fuer-n-joy-controller\/"},"modified":"2022-09-29T11:55:07","modified_gmt":"2022-09-29T09:55:07","slug":"emchdrl","status":"publish","type":"product","link":"https:\/\/aquasound.eu\/de\/produkt\/emchdrl\/","title":{"rendered":"<b>EMCHDRL<\/b> <br>Wandhalterung mit Ladefunktion f\u00fcr N-Joy Controller"},"content":{"rendered":"<p>Mit dieser zus\u00e4tzlichen Wandhalterung k\u00f6nnen Sie Ihren N-Joy-Controller an verschiedenen Stellen in Ihrem (Bade-)Zimmer aufh\u00e4ngen. Die Wandhalterung ist magnetisch und h\u00e4lt den Controller daher fest an seinem Platz. Der Controller wird sofort aufgeladen und ist somit immer einsatzbereit. Die Wandhalterung wird mit 3M VHB-Klebeband fest an jeder Wand oder Fliese angebracht.<\/p>\n<h4>Technische Daten<\/h4>\n<ul>\n<li>Abmessungen 80 x 60 x 12 mm<\/li>\n<li>USB --&gt; Micro-USB-Kabel (125 cm)<\/li>\n<li>Adapter 230 V \/ 5 V<\/li>\n<li>3M VHB tape<\/li>\n<\/ul>\n<p>Dieses Set kann sicher in Zone 3 des Badezimmers platziert werden.<\/p>\n","protected":false},"excerpt":{"rendered":"<p>Mit dieser zus\u00e4tzlichen Wandhalterung k\u00f6nnen Sie Ihren N-Joy-Controller an verschiedenen Stellen in Ihrem (Bade-)Zimmer aufh\u00e4ngen. Die Wandhalterung ist magnetisch und h\u00e4lt den Controller daher fest an seinem Platz. Der Controller wird sofort aufgeladen und ist somit immer einsatzbereit. Die Wandhalterung wird mit 3M VHB-Klebeband fest an jeder Wand oder Fliese angebracht. Technische Daten Abmessungen 80 [&hellip;]<\/p>\n","protected":false},"featured_media":24812,"template":"","meta":[],"product_brand":[],"product_cat":[66],"product_tag":[],"class_list":{"0":"post-25587","1":"product","2":"type-product","3":"status-publish","4":"has-post-thumbnail","6":"product_cat-zubehor","8":"first","9":"instock","10":"taxable","11":"shipping-taxable","12":"purchasable","13":"product-type-simple"},"yoast_head":"<!-- This site is optimized with the Yoast SEO plugin v27.3 - https:\/\/yoast.com\/product\/yoast-seo-wordpress\/ -->\n<title>EMCHDRL Wandhalterung mit Ladefunktion f\u00fcr N-Joy Controller<\/title>\n<meta name=\"robots\" content=\"index, follow, max-snippet:-1, max-image-preview:large, max-video-preview:-1\" \/>\n<link rel=\"canonical\" href=\"https:\/\/aquasound.eu\/de\/produkt\/emchdrl\/\" \/>\n<meta property=\"og:locale\" content=\"de_DE\" \/>\n<meta property=\"og:type\" content=\"article\" \/>\n<meta property=\"og:title\" content=\"EMCHDRL Wandhalterung mit Ladefunktion f\u00fcr N-Joy Controller\" \/>\n<meta property=\"og:description\" content=\"Mit dieser zus\u00e4tzlichen Wandhalterung k\u00f6nnen Sie Ihren N-Joy-Controller an verschiedenen Stellen in Ihrem (Bade-)Zimmer aufh\u00e4ngen. Die Wandhalterung ist magnetisch und h\u00e4lt den Controller daher fest an seinem Platz. Der Controller wird sofort aufgeladen und ist somit immer einsatzbereit. Die Wandhalterung wird mit 3M VHB-Klebeband fest an jeder Wand oder Fliese angebracht. Technische Daten Abmessungen 80 [&hellip;]\" \/>\n<meta property=\"og:url\" content=\"https:\/\/aquasound.eu\/de\/produkt\/emchdrl\/\" \/>\n<meta property=\"og:site_name\" content=\"AquaSound\" \/>\n<meta property=\"article:modified_time\" content=\"2022-09-29T09:55:07+00:00\" \/>\n<meta property=\"og:image\" content=\"https:\/\/aquasound.eu\/wp-content\/uploads\/EMCHDRL.webp\" \/>\n\t<meta property=\"og:image:width\" content=\"1\" \/>\n\t<meta property=\"og:image:height\" content=\"1\" \/>\n\t<meta property=\"og:image:type\" content=\"image\/webp\" \/>\n<meta name=\"twitter:card\" content=\"summary_large_image\" \/>\n<meta name=\"twitter:label1\" content=\"Gesch\u00e4tzte Lesezeit\" \/>\n\t<meta name=\"twitter:data1\" content=\"1\u00a0Minute\" \/>\n<script type=\"application\/ld+json\" class=\"yoast-schema-graph\">{\"@context\":\"https:\\\/\\\/schema.org\",\"@graph\":[{\"@type\":\"WebPage\",\"@id\":\"https:\\\/\\\/aquasound.eu\\\/de\\\/produkt\\\/emchdrl\\\/\",\"url\":\"https:\\\/\\\/aquasound.eu\\\/de\\\/produkt\\\/emchdrl\\\/\",\"name\":\"EMCHDRL Wandhalterung mit Ladefunktion f\u00fcr N-Joy Controller\",\"isPartOf\":{\"@id\":\"https:\\\/\\\/aquasound.eu\\\/nl\\\/#website\"},\"primaryImageOfPage\":{\"@id\":\"https:\\\/\\\/aquasound.eu\\\/de\\\/produkt\\\/emchdrl\\\/#primaryimage\"},\"image\":{\"@id\":\"https:\\\/\\\/aquasound.eu\\\/de\\\/produkt\\\/emchdrl\\\/#primaryimage\"},\"thumbnailUrl\":\"https:\\\/\\\/aquasound.eu\\\/wp-content\\\/uploads\\\/EMCHDRL.webp\",\"datePublished\":\"2022-05-18T12:49:13+00:00\",\"dateModified\":\"2022-09-29T09:55:07+00:00\",\"breadcrumb\":{\"@id\":\"https:\\\/\\\/aquasound.eu\\\/de\\\/produkt\\\/emchdrl\\\/#breadcrumb\"},\"inLanguage\":\"de\",\"potentialAction\":[{\"@type\":\"ReadAction\",\"target\":[\"https:\\\/\\\/aquasound.eu\\\/de\\\/produkt\\\/emchdrl\\\/\"]}]},{\"@type\":\"ImageObject\",\"inLanguage\":\"de\",\"@id\":\"https:\\\/\\\/aquasound.eu\\\/de\\\/produkt\\\/emchdrl\\\/#primaryimage\",\"url\":\"https:\\\/\\\/aquasound.eu\\\/wp-content\\\/uploads\\\/EMCHDRL.webp\",\"contentUrl\":\"https:\\\/\\\/aquasound.eu\\\/wp-content\\\/uploads\\\/EMCHDRL.webp\"},{\"@type\":\"BreadcrumbList\",\"@id\":\"https:\\\/\\\/aquasound.eu\\\/de\\\/produkt\\\/emchdrl\\\/#breadcrumb\",\"itemListElement\":[{\"@type\":\"ListItem\",\"position\":1,\"name\":\"Home\",\"item\":\"https:\\\/\\\/aquasound.eu\\\/de\\\/\"},{\"@type\":\"ListItem\",\"position\":2,\"name\":\"WooCommerce\",\"item\":\"https:\\\/\\\/aquasound.eu\\\/nl\\\/woocommerce\\\/\"},{\"@type\":\"ListItem\",\"position\":3,\"name\":\"&lt;b&gt;EMCHDRL&lt;\\\/b&gt; &lt;br&gt;Wandhalterung mit Ladefunktion f\u00fcr N-Joy Controller\"}]},{\"@type\":\"WebSite\",\"@id\":\"https:\\\/\\\/aquasound.eu\\\/nl\\\/#website\",\"url\":\"https:\\\/\\\/aquasound.eu\\\/nl\\\/\",\"name\":\"AquaSound\",\"description\":\"\",\"potentialAction\":[{\"@type\":\"SearchAction\",\"target\":{\"@type\":\"EntryPoint\",\"urlTemplate\":\"https:\\\/\\\/aquasound.eu\\\/nl\\\/?s={search_term_string}\"},\"query-input\":{\"@type\":\"PropertyValueSpecification\",\"valueRequired\":true,\"valueName\":\"search_term_string\"}}],\"inLanguage\":\"de\"}]}<\/script>\n<!-- \/ Yoast SEO plugin. -->","yoast_head_json":{"title":"EMCHDRL Wandhalterung mit Ladefunktion f\u00fcr N-Joy Controller","robots":{"index":"index","follow":"follow","max-snippet":"max-snippet:-1","max-image-preview":"max-image-preview:large","max-video-preview":"max-video-preview:-1"},"canonical":"https:\/\/aquasound.eu\/de\/produkt\/emchdrl\/","og_locale":"de_DE","og_type":"article","og_title":"EMCHDRL Wandhalterung mit Ladefunktion f\u00fcr N-Joy Controller","og_description":"Mit dieser zus\u00e4tzlichen Wandhalterung k\u00f6nnen Sie Ihren N-Joy-Controller an verschiedenen Stellen in Ihrem (Bade-)Zimmer aufh\u00e4ngen. Die Wandhalterung ist magnetisch und h\u00e4lt den Controller daher fest an seinem Platz. Der Controller wird sofort aufgeladen und ist somit immer einsatzbereit. Die Wandhalterung wird mit 3M VHB-Klebeband fest an jeder Wand oder Fliese angebracht. Technische Daten Abmessungen 80 [&hellip;]","og_url":"https:\/\/aquasound.eu\/de\/produkt\/emchdrl\/","og_site_name":"AquaSound","article_modified_time":"2022-09-29T09:55:07+00:00","og_image":[{"url":"https:\/\/aquasound.eu\/wp-content\/uploads\/EMCHDRL.webp","width":1,"height":1,"type":"image\/webp"}],"twitter_card":"summary_large_image","twitter_misc":{"Gesch\u00e4tzte Lesezeit":"1\u00a0Minute"},"schema":{"@context":"https:\/\/schema.org","@graph":[{"@type":"WebPage","@id":"https:\/\/aquasound.eu\/de\/produkt\/emchdrl\/","url":"https:\/\/aquasound.eu\/de\/produkt\/emchdrl\/","name":"EMCHDRL Wandhalterung mit Ladefunktion f\u00fcr N-Joy Controller","isPartOf":{"@id":"https:\/\/aquasound.eu\/nl\/#website"},"primaryImageOfPage":{"@id":"https:\/\/aquasound.eu\/de\/produkt\/emchdrl\/#primaryimage"},"image":{"@id":"https:\/\/aquasound.eu\/de\/produkt\/emchdrl\/#primaryimage"},"thumbnailUrl":"https:\/\/aquasound.eu\/wp-content\/uploads\/EMCHDRL.webp","datePublished":"2022-05-18T12:49:13+00:00","dateModified":"2022-09-29T09:55:07+00:00","breadcrumb":{"@id":"https:\/\/aquasound.eu\/de\/produkt\/emchdrl\/#breadcrumb"},"inLanguage":"de","potentialAction":[{"@type":"ReadAction","target":["https:\/\/aquasound.eu\/de\/produkt\/emchdrl\/"]}]},{"@type":"ImageObject","inLanguage":"de","@id":"https:\/\/aquasound.eu\/de\/produkt\/emchdrl\/#primaryimage","url":"https:\/\/aquasound.eu\/wp-content\/uploads\/EMCHDRL.webp","contentUrl":"https:\/\/aquasound.eu\/wp-content\/uploads\/EMCHDRL.webp"},{"@type":"BreadcrumbList","@id":"https:\/\/aquasound.eu\/de\/produkt\/emchdrl\/#breadcrumb","itemListElement":[{"@type":"ListItem","position":1,"name":"Home","item":"https:\/\/aquasound.eu\/de\/"},{"@type":"ListItem","position":2,"name":"WooCommerce","item":"https:\/\/aquasound.eu\/nl\/woocommerce\/"},{"@type":"ListItem","position":3,"name":"&lt;b&gt;EMCHDRL&lt;\/b&gt; &lt;br&gt;Wandhalterung mit Ladefunktion f\u00fcr N-Joy Controller"}]},{"@type":"WebSite","@id":"https:\/\/aquasound.eu\/nl\/#website","url":"https:\/\/aquasound.eu\/nl\/","name":"AquaSound","description":"","potentialAction":[{"@type":"SearchAction","target":{"@type":"EntryPoint","urlTemplate":"https:\/\/aquasound.eu\/nl\/?s={search_term_string}"},"query-input":{"@type":"PropertyValueSpecification","valueRequired":true,"valueName":"search_term_string"}}],"inLanguage":"de"}]}},"_links":{"self":[{"href":"https:\/\/aquasound.eu\/de\/wp-json\/wp\/v2\/product\/25587","targetHints":{"allow":["GET"]}}],"collection":[{"href":"https:\/\/aquasound.eu\/de\/wp-json\/wp\/v2\/product"}],"about":[{"href":"https:\/\/aquasound.eu\/de\/wp-json\/wp\/v2\/types\/product"}],"wp:featuredmedia":[{"embeddable":true,"href":"https:\/\/aquasound.eu\/de\/wp-json\/wp\/v2\/media\/24812"}],"wp:attachment":[{"href":"https:\/\/aquasound.eu\/de\/wp-json\/wp\/v2\/media?parent=25587"}],"wp:term":[{"taxonomy":"product_brand","embeddable":true,"href":"https:\/\/aquasound.eu\/de\/wp-json\/wp\/v2\/product_brand?post=25587"},{"taxonomy":"product_cat","embeddable":true,"href":"https:\/\/aquasound.eu\/de\/wp-json\/wp\/v2\/product_cat?post=25587"},{"taxonomy":"product_tag","embeddable":true,"href":"https:\/\/aquasound.eu\/de\/wp-json\/wp\/v2\/product_tag?post=25587"}],"curies":[{"name":"wp","href":"https:\/\/api.w.org\/{rel}","templated":true}]}}