{"id":25585,"date":"2022-05-18T14:49:36","date_gmt":"2022-05-18T12:49:36","guid":{"rendered":"http:\/\/timple.nl\/product\/emcisetmini-adapter-ladegeraet-mit-micro-usb\/"},"modified":"2025-04-03T14:06:59","modified_gmt":"2025-04-03T12:06:59","slug":"emciset","status":"publish","type":"product","link":"https:\/\/aquasound.eu\/de\/produkt\/emciset\/","title":{"rendered":"<b>EMCISET<\/b> <br>Mini-Adapter\/Ladeger\u00e4t mit Micro-USB"},"content":{"rendered":"<p>Dieses Installationsset besteht aus einem Mini-Adapter\/Ladeger\u00e4t und einer 49 mm Unterputzdose. Das EMCiSet kann verwendet werden, um das Wandladeger\u00e4t der N-Joy Steuerger\u00e4te mit Strom zu versorgen.<\/p>\n<h4>Technische Daten<\/h4>\n<ul>\n<li>Eingebauter Adapter 230 V \/ 5 V 1 A)<\/li>\n<li>Micro-USB-Anschluss<\/li>\n<li>49 mm Wanddose mit einer Einbautiefe von 40 mm<\/li>\n<\/ul>\n<p>Laden Sie die Installationsanleitung f\u00fcr dieses Produkt herunter.<\/p>\n<p><strong>Achtung!<\/strong><br \/>\nDa es sich um ein 230 V Produkt handelt, darf dieses Produkt nur in der Zone 3 des Badezimmers installiert werden.<\/p>\n","protected":false},"excerpt":{"rendered":"<p>Dieses Installationsset besteht aus einem Mini-Adapter\/Ladeger\u00e4t und einer 49 mm Unterputzdose. Das EMCiSet kann verwendet werden, um das Wandladeger\u00e4t der N-Joy Steuerger\u00e4te mit Strom zu versorgen. Technische Daten Eingebauter Adapter 230 V \/ 5 V 1 A) Micro-USB-Anschluss 49 mm Wanddose mit einer Einbautiefe von 40 mm Laden Sie die Installationsanleitung f\u00fcr dieses Produkt herunter. [&hellip;]<\/p>\n","protected":false},"featured_media":29389,"template":"","meta":[],"product_brand":[],"product_cat":[66],"product_tag":[],"class_list":{"0":"post-25585","1":"product","2":"type-product","3":"status-publish","4":"has-post-thumbnail","6":"product_cat-zubehor","8":"first","9":"instock","10":"taxable","11":"shipping-taxable","12":"purchasable","13":"product-type-simple"},"yoast_head":"<!-- This site is optimized with the Yoast SEO plugin v27.3 - https:\/\/yoast.com\/product\/yoast-seo-wordpress\/ -->\n<title>EMCISET Mini-Adapter\/Ladeger\u00e4t mit Micro-USB<\/title>\n<meta name=\"robots\" content=\"index, follow, max-snippet:-1, max-image-preview:large, max-video-preview:-1\" \/>\n<link rel=\"canonical\" href=\"https:\/\/aquasound.eu\/de\/produkt\/emciset\/\" \/>\n<meta property=\"og:locale\" content=\"de_DE\" \/>\n<meta property=\"og:type\" content=\"article\" \/>\n<meta property=\"og:title\" content=\"EMCISET Mini-Adapter\/Ladeger\u00e4t mit Micro-USB\" \/>\n<meta property=\"og:description\" content=\"Dieses Installationsset besteht aus einem Mini-Adapter\/Ladeger\u00e4t und einer 49 mm Unterputzdose. Das EMCiSet kann verwendet werden, um das Wandladeger\u00e4t der N-Joy Steuerger\u00e4te mit Strom zu versorgen. Technische Daten Eingebauter Adapter 230 V \/ 5 V 1 A) Micro-USB-Anschluss 49 mm Wanddose mit einer Einbautiefe von 40 mm Laden Sie die Installationsanleitung f\u00fcr dieses Produkt herunter. [&hellip;]\" \/>\n<meta property=\"og:url\" content=\"https:\/\/aquasound.eu\/de\/produkt\/emciset\/\" \/>\n<meta property=\"og:site_name\" content=\"AquaSound\" \/>\n<meta property=\"article:modified_time\" content=\"2025-04-03T12:06:59+00:00\" \/>\n<meta property=\"og:image\" content=\"https:\/\/aquasound.eu\/wp-content\/uploads\/EMCISET2.webp\" \/>\n\t<meta property=\"og:image:width\" content=\"1000\" \/>\n\t<meta property=\"og:image:height\" content=\"1000\" \/>\n\t<meta property=\"og:image:type\" content=\"image\/webp\" \/>\n<meta name=\"twitter:card\" content=\"summary_large_image\" \/>\n<meta name=\"twitter:label1\" content=\"Gesch\u00e4tzte Lesezeit\" \/>\n\t<meta name=\"twitter:data1\" content=\"1\u00a0Minute\" \/>\n<script type=\"application\/ld+json\" class=\"yoast-schema-graph\">{\"@context\":\"https:\\\/\\\/schema.org\",\"@graph\":[{\"@type\":\"WebPage\",\"@id\":\"https:\\\/\\\/aquasound.eu\\\/de\\\/produkt\\\/emciset\\\/\",\"url\":\"https:\\\/\\\/aquasound.eu\\\/de\\\/produkt\\\/emciset\\\/\",\"name\":\"EMCISET Mini-Adapter\\\/Ladeger\u00e4t mit Micro-USB\",\"isPartOf\":{\"@id\":\"https:\\\/\\\/aquasound.eu\\\/nl\\\/#website\"},\"primaryImageOfPage\":{\"@id\":\"https:\\\/\\\/aquasound.eu\\\/de\\\/produkt\\\/emciset\\\/#primaryimage\"},\"image\":{\"@id\":\"https:\\\/\\\/aquasound.eu\\\/de\\\/produkt\\\/emciset\\\/#primaryimage\"},\"thumbnailUrl\":\"https:\\\/\\\/aquasound.eu\\\/wp-content\\\/uploads\\\/EMCISET2.webp\",\"datePublished\":\"2022-05-18T12:49:36+00:00\",\"dateModified\":\"2025-04-03T12:06:59+00:00\",\"breadcrumb\":{\"@id\":\"https:\\\/\\\/aquasound.eu\\\/de\\\/produkt\\\/emciset\\\/#breadcrumb\"},\"inLanguage\":\"de\",\"potentialAction\":[{\"@type\":\"ReadAction\",\"target\":[\"https:\\\/\\\/aquasound.eu\\\/de\\\/produkt\\\/emciset\\\/\"]}]},{\"@type\":\"ImageObject\",\"inLanguage\":\"de\",\"@id\":\"https:\\\/\\\/aquasound.eu\\\/de\\\/produkt\\\/emciset\\\/#primaryimage\",\"url\":\"https:\\\/\\\/aquasound.eu\\\/wp-content\\\/uploads\\\/EMCISET2.webp\",\"contentUrl\":\"https:\\\/\\\/aquasound.eu\\\/wp-content\\\/uploads\\\/EMCISET2.webp\",\"width\":1000,\"height\":1000},{\"@type\":\"BreadcrumbList\",\"@id\":\"https:\\\/\\\/aquasound.eu\\\/de\\\/produkt\\\/emciset\\\/#breadcrumb\",\"itemListElement\":[{\"@type\":\"ListItem\",\"position\":1,\"name\":\"Home\",\"item\":\"https:\\\/\\\/aquasound.eu\\\/de\\\/\"},{\"@type\":\"ListItem\",\"position\":2,\"name\":\"WooCommerce\",\"item\":\"https:\\\/\\\/aquasound.eu\\\/nl\\\/woocommerce\\\/\"},{\"@type\":\"ListItem\",\"position\":3,\"name\":\"EMCISET Mini-Adapter\\\/Ladeger\u00e4t mit Micro-USB\"}]},{\"@type\":\"WebSite\",\"@id\":\"https:\\\/\\\/aquasound.eu\\\/nl\\\/#website\",\"url\":\"https:\\\/\\\/aquasound.eu\\\/nl\\\/\",\"name\":\"AquaSound\",\"description\":\"\",\"potentialAction\":[{\"@type\":\"SearchAction\",\"target\":{\"@type\":\"EntryPoint\",\"urlTemplate\":\"https:\\\/\\\/aquasound.eu\\\/nl\\\/?s={search_term_string}\"},\"query-input\":{\"@type\":\"PropertyValueSpecification\",\"valueRequired\":true,\"valueName\":\"search_term_string\"}}],\"inLanguage\":\"de\"}]}<\/script>\n<!-- \/ Yoast SEO plugin. -->","yoast_head_json":{"title":"EMCISET Mini-Adapter\/Ladeger\u00e4t mit Micro-USB","robots":{"index":"index","follow":"follow","max-snippet":"max-snippet:-1","max-image-preview":"max-image-preview:large","max-video-preview":"max-video-preview:-1"},"canonical":"https:\/\/aquasound.eu\/de\/produkt\/emciset\/","og_locale":"de_DE","og_type":"article","og_title":"EMCISET Mini-Adapter\/Ladeger\u00e4t mit Micro-USB","og_description":"Dieses Installationsset besteht aus einem Mini-Adapter\/Ladeger\u00e4t und einer 49 mm Unterputzdose. Das EMCiSet kann verwendet werden, um das Wandladeger\u00e4t der N-Joy Steuerger\u00e4te mit Strom zu versorgen. Technische Daten Eingebauter Adapter 230 V \/ 5 V 1 A) Micro-USB-Anschluss 49 mm Wanddose mit einer Einbautiefe von 40 mm Laden Sie die Installationsanleitung f\u00fcr dieses Produkt herunter. [&hellip;]","og_url":"https:\/\/aquasound.eu\/de\/produkt\/emciset\/","og_site_name":"AquaSound","article_modified_time":"2025-04-03T12:06:59+00:00","og_image":[{"width":1000,"height":1000,"url":"https:\/\/aquasound.eu\/wp-content\/uploads\/EMCISET2.webp","type":"image\/webp"}],"twitter_card":"summary_large_image","twitter_misc":{"Gesch\u00e4tzte Lesezeit":"1\u00a0Minute"},"schema":{"@context":"https:\/\/schema.org","@graph":[{"@type":"WebPage","@id":"https:\/\/aquasound.eu\/de\/produkt\/emciset\/","url":"https:\/\/aquasound.eu\/de\/produkt\/emciset\/","name":"EMCISET Mini-Adapter\/Ladeger\u00e4t mit Micro-USB","isPartOf":{"@id":"https:\/\/aquasound.eu\/nl\/#website"},"primaryImageOfPage":{"@id":"https:\/\/aquasound.eu\/de\/produkt\/emciset\/#primaryimage"},"image":{"@id":"https:\/\/aquasound.eu\/de\/produkt\/emciset\/#primaryimage"},"thumbnailUrl":"https:\/\/aquasound.eu\/wp-content\/uploads\/EMCISET2.webp","datePublished":"2022-05-18T12:49:36+00:00","dateModified":"2025-04-03T12:06:59+00:00","breadcrumb":{"@id":"https:\/\/aquasound.eu\/de\/produkt\/emciset\/#breadcrumb"},"inLanguage":"de","potentialAction":[{"@type":"ReadAction","target":["https:\/\/aquasound.eu\/de\/produkt\/emciset\/"]}]},{"@type":"ImageObject","inLanguage":"de","@id":"https:\/\/aquasound.eu\/de\/produkt\/emciset\/#primaryimage","url":"https:\/\/aquasound.eu\/wp-content\/uploads\/EMCISET2.webp","contentUrl":"https:\/\/aquasound.eu\/wp-content\/uploads\/EMCISET2.webp","width":1000,"height":1000},{"@type":"BreadcrumbList","@id":"https:\/\/aquasound.eu\/de\/produkt\/emciset\/#breadcrumb","itemListElement":[{"@type":"ListItem","position":1,"name":"Home","item":"https:\/\/aquasound.eu\/de\/"},{"@type":"ListItem","position":2,"name":"WooCommerce","item":"https:\/\/aquasound.eu\/nl\/woocommerce\/"},{"@type":"ListItem","position":3,"name":"EMCISET Mini-Adapter\/Ladeger\u00e4t mit Micro-USB"}]},{"@type":"WebSite","@id":"https:\/\/aquasound.eu\/nl\/#website","url":"https:\/\/aquasound.eu\/nl\/","name":"AquaSound","description":"","potentialAction":[{"@type":"SearchAction","target":{"@type":"EntryPoint","urlTemplate":"https:\/\/aquasound.eu\/nl\/?s={search_term_string}"},"query-input":{"@type":"PropertyValueSpecification","valueRequired":true,"valueName":"search_term_string"}}],"inLanguage":"de"}]}},"_links":{"self":[{"href":"https:\/\/aquasound.eu\/de\/wp-json\/wp\/v2\/product\/25585","targetHints":{"allow":["GET"]}}],"collection":[{"href":"https:\/\/aquasound.eu\/de\/wp-json\/wp\/v2\/product"}],"about":[{"href":"https:\/\/aquasound.eu\/de\/wp-json\/wp\/v2\/types\/product"}],"wp:featuredmedia":[{"embeddable":true,"href":"https:\/\/aquasound.eu\/de\/wp-json\/wp\/v2\/media\/29389"}],"wp:attachment":[{"href":"https:\/\/aquasound.eu\/de\/wp-json\/wp\/v2\/media?parent=25585"}],"wp:term":[{"taxonomy":"product_brand","embeddable":true,"href":"https:\/\/aquasound.eu\/de\/wp-json\/wp\/v2\/product_brand?post=25585"},{"taxonomy":"product_cat","embeddable":true,"href":"https:\/\/aquasound.eu\/de\/wp-json\/wp\/v2\/product_cat?post=25585"},{"taxonomy":"product_tag","embeddable":true,"href":"https:\/\/aquasound.eu\/de\/wp-json\/wp\/v2\/product_tag?post=25585"}],"curies":[{"name":"wp","href":"https:\/\/api.w.org\/{rel}","templated":true}]}}