{"id":25578,"date":"2022-05-18T14:54:24","date_gmt":"2022-05-18T12:54:24","guid":{"rendered":"http:\/\/timple.nl\/product\/emc-ladekabelladekabel-300-cm-fuer-n-joy-controller\/"},"modified":"2022-06-23T14:22:36","modified_gmt":"2022-06-23T12:22:36","slug":"emc-ladekabel","status":"publish","type":"product","link":"https:\/\/aquasound.eu\/de\/produkt\/emc-ladekabel\/","title":{"rendered":"<b>EMC-LADEKABEL<\/b> <br>Ladekabel (300 cm) f\u00fcr N-Joy Controller"},"content":{"rendered":"<p>Mit diesem Ladekabel k\u00f6nnen Sie die N-Joy-Controller mit Strom versorgen. <strong>Achtung:<\/strong> nur zum Laden (keine Daten\u00fcbertragung)<\/p>\n<h4>Technische Daten<\/h4>\n<ul>\n<li>Zum Laden (keine Daten\u00fcbertragung)<\/li>\n<li>300 cm<\/li>\n<li>USB (Stecker) --&gt; Micro USB (Stecker)<\/li>\n<li>Wei\u00df<\/li>\n<\/ul>\n","protected":false},"excerpt":{"rendered":"<p>Mit diesem Ladekabel k\u00f6nnen Sie die N-Joy-Controller mit Strom versorgen. Achtung: nur zum Laden (keine Daten\u00fcbertragung) Technische Daten Zum Laden (keine Daten\u00fcbertragung) 300 cm USB (Stecker) --&gt; Micro USB (Stecker) Wei\u00df<\/p>\n","protected":false},"featured_media":24838,"template":"","meta":[],"product_brand":[],"product_cat":[66],"product_tag":[],"class_list":{"0":"post-25578","1":"product","2":"type-product","3":"status-publish","4":"has-post-thumbnail","6":"product_cat-zubehor","8":"first","9":"instock","10":"taxable","11":"shipping-taxable","12":"purchasable","13":"product-type-simple"},"yoast_head":"<!-- This site is optimized with the Yoast SEO plugin v27.4 - https:\/\/yoast.com\/product\/yoast-seo-wordpress\/ -->\n<title>EMC-LADEKABEL Ladekabel (300 cm) f\u00fcr N-Joy Controller<\/title>\n<meta name=\"robots\" content=\"index, follow, max-snippet:-1, max-image-preview:large, max-video-preview:-1\" \/>\n<link rel=\"canonical\" href=\"https:\/\/aquasound.eu\/de\/produkt\/emc-ladekabel\/\" \/>\n<meta property=\"og:locale\" content=\"de_DE\" \/>\n<meta property=\"og:type\" content=\"article\" \/>\n<meta property=\"og:title\" content=\"EMC-LADEKABEL Ladekabel (300 cm) f\u00fcr N-Joy Controller\" \/>\n<meta property=\"og:description\" content=\"Mit diesem Ladekabel k\u00f6nnen Sie die N-Joy-Controller mit Strom versorgen. Achtung: nur zum Laden (keine Daten\u00fcbertragung) Technische Daten Zum Laden (keine Daten\u00fcbertragung) 300 cm USB (Stecker) --&gt; Micro USB (Stecker) Wei\u00df\" \/>\n<meta property=\"og:url\" content=\"https:\/\/aquasound.eu\/de\/produkt\/emc-ladekabel\/\" \/>\n<meta property=\"og:site_name\" content=\"AquaSound\" \/>\n<meta property=\"article:modified_time\" content=\"2022-06-23T12:22:36+00:00\" \/>\n<meta property=\"og:image\" content=\"https:\/\/aquasound.eu\/wp-content\/uploads\/EMC-LAAD-KABL.webp\" \/>\n\t<meta property=\"og:image:width\" content=\"1\" \/>\n\t<meta property=\"og:image:height\" content=\"1\" \/>\n\t<meta property=\"og:image:type\" content=\"image\/webp\" \/>\n<meta name=\"twitter:card\" content=\"summary_large_image\" \/>\n<script type=\"application\/ld+json\" class=\"yoast-schema-graph\">{\"@context\":\"https:\\\/\\\/schema.org\",\"@graph\":[{\"@type\":\"WebPage\",\"@id\":\"https:\\\/\\\/aquasound.eu\\\/de\\\/produkt\\\/emc-ladekabel\\\/\",\"url\":\"https:\\\/\\\/aquasound.eu\\\/de\\\/produkt\\\/emc-ladekabel\\\/\",\"name\":\"EMC-LADEKABEL Ladekabel (300 cm) f\u00fcr N-Joy Controller\",\"isPartOf\":{\"@id\":\"https:\\\/\\\/aquasound.eu\\\/nl\\\/#website\"},\"primaryImageOfPage\":{\"@id\":\"https:\\\/\\\/aquasound.eu\\\/de\\\/produkt\\\/emc-ladekabel\\\/#primaryimage\"},\"image\":{\"@id\":\"https:\\\/\\\/aquasound.eu\\\/de\\\/produkt\\\/emc-ladekabel\\\/#primaryimage\"},\"thumbnailUrl\":\"https:\\\/\\\/aquasound.eu\\\/wp-content\\\/uploads\\\/EMC-LAAD-KABL.webp\",\"datePublished\":\"2022-05-18T12:54:24+00:00\",\"dateModified\":\"2022-06-23T12:22:36+00:00\",\"breadcrumb\":{\"@id\":\"https:\\\/\\\/aquasound.eu\\\/de\\\/produkt\\\/emc-ladekabel\\\/#breadcrumb\"},\"inLanguage\":\"de\",\"potentialAction\":[{\"@type\":\"ReadAction\",\"target\":[\"https:\\\/\\\/aquasound.eu\\\/de\\\/produkt\\\/emc-ladekabel\\\/\"]}]},{\"@type\":\"ImageObject\",\"inLanguage\":\"de\",\"@id\":\"https:\\\/\\\/aquasound.eu\\\/de\\\/produkt\\\/emc-ladekabel\\\/#primaryimage\",\"url\":\"https:\\\/\\\/aquasound.eu\\\/wp-content\\\/uploads\\\/EMC-LAAD-KABL.webp\",\"contentUrl\":\"https:\\\/\\\/aquasound.eu\\\/wp-content\\\/uploads\\\/EMC-LAAD-KABL.webp\"},{\"@type\":\"BreadcrumbList\",\"@id\":\"https:\\\/\\\/aquasound.eu\\\/de\\\/produkt\\\/emc-ladekabel\\\/#breadcrumb\",\"itemListElement\":[{\"@type\":\"ListItem\",\"position\":1,\"name\":\"Home\",\"item\":\"https:\\\/\\\/aquasound.eu\\\/de\\\/\"},{\"@type\":\"ListItem\",\"position\":2,\"name\":\"WooCommerce\",\"item\":\"https:\\\/\\\/aquasound.eu\\\/nl\\\/woocommerce\\\/\"},{\"@type\":\"ListItem\",\"position\":3,\"name\":\"EMC-LADEKABEL Ladekabel (300 cm) f\u00fcr N-Joy Controller\"}]},{\"@type\":\"WebSite\",\"@id\":\"https:\\\/\\\/aquasound.eu\\\/nl\\\/#website\",\"url\":\"https:\\\/\\\/aquasound.eu\\\/nl\\\/\",\"name\":\"AquaSound\",\"description\":\"\",\"potentialAction\":[{\"@type\":\"SearchAction\",\"target\":{\"@type\":\"EntryPoint\",\"urlTemplate\":\"https:\\\/\\\/aquasound.eu\\\/nl\\\/?s={search_term_string}\"},\"query-input\":{\"@type\":\"PropertyValueSpecification\",\"valueRequired\":true,\"valueName\":\"search_term_string\"}}],\"inLanguage\":\"de\"}]}<\/script>\n<!-- \/ Yoast SEO plugin. -->","yoast_head_json":{"title":"EMC-LADEKABEL Ladekabel (300 cm) f\u00fcr N-Joy Controller","robots":{"index":"index","follow":"follow","max-snippet":"max-snippet:-1","max-image-preview":"max-image-preview:large","max-video-preview":"max-video-preview:-1"},"canonical":"https:\/\/aquasound.eu\/de\/produkt\/emc-ladekabel\/","og_locale":"de_DE","og_type":"article","og_title":"EMC-LADEKABEL Ladekabel (300 cm) f\u00fcr N-Joy Controller","og_description":"Mit diesem Ladekabel k\u00f6nnen Sie die N-Joy-Controller mit Strom versorgen. Achtung: nur zum Laden (keine Daten\u00fcbertragung) Technische Daten Zum Laden (keine Daten\u00fcbertragung) 300 cm USB (Stecker) --&gt; Micro USB (Stecker) Wei\u00df","og_url":"https:\/\/aquasound.eu\/de\/produkt\/emc-ladekabel\/","og_site_name":"AquaSound","article_modified_time":"2022-06-23T12:22:36+00:00","og_image":[{"url":"https:\/\/aquasound.eu\/wp-content\/uploads\/EMC-LAAD-KABL.webp","width":1,"height":1,"type":"image\/webp"}],"twitter_card":"summary_large_image","schema":{"@context":"https:\/\/schema.org","@graph":[{"@type":"WebPage","@id":"https:\/\/aquasound.eu\/de\/produkt\/emc-ladekabel\/","url":"https:\/\/aquasound.eu\/de\/produkt\/emc-ladekabel\/","name":"EMC-LADEKABEL Ladekabel (300 cm) f\u00fcr N-Joy Controller","isPartOf":{"@id":"https:\/\/aquasound.eu\/nl\/#website"},"primaryImageOfPage":{"@id":"https:\/\/aquasound.eu\/de\/produkt\/emc-ladekabel\/#primaryimage"},"image":{"@id":"https:\/\/aquasound.eu\/de\/produkt\/emc-ladekabel\/#primaryimage"},"thumbnailUrl":"https:\/\/aquasound.eu\/wp-content\/uploads\/EMC-LAAD-KABL.webp","datePublished":"2022-05-18T12:54:24+00:00","dateModified":"2022-06-23T12:22:36+00:00","breadcrumb":{"@id":"https:\/\/aquasound.eu\/de\/produkt\/emc-ladekabel\/#breadcrumb"},"inLanguage":"de","potentialAction":[{"@type":"ReadAction","target":["https:\/\/aquasound.eu\/de\/produkt\/emc-ladekabel\/"]}]},{"@type":"ImageObject","inLanguage":"de","@id":"https:\/\/aquasound.eu\/de\/produkt\/emc-ladekabel\/#primaryimage","url":"https:\/\/aquasound.eu\/wp-content\/uploads\/EMC-LAAD-KABL.webp","contentUrl":"https:\/\/aquasound.eu\/wp-content\/uploads\/EMC-LAAD-KABL.webp"},{"@type":"BreadcrumbList","@id":"https:\/\/aquasound.eu\/de\/produkt\/emc-ladekabel\/#breadcrumb","itemListElement":[{"@type":"ListItem","position":1,"name":"Home","item":"https:\/\/aquasound.eu\/de\/"},{"@type":"ListItem","position":2,"name":"WooCommerce","item":"https:\/\/aquasound.eu\/nl\/woocommerce\/"},{"@type":"ListItem","position":3,"name":"EMC-LADEKABEL Ladekabel (300 cm) f\u00fcr N-Joy Controller"}]},{"@type":"WebSite","@id":"https:\/\/aquasound.eu\/nl\/#website","url":"https:\/\/aquasound.eu\/nl\/","name":"AquaSound","description":"","potentialAction":[{"@type":"SearchAction","target":{"@type":"EntryPoint","urlTemplate":"https:\/\/aquasound.eu\/nl\/?s={search_term_string}"},"query-input":{"@type":"PropertyValueSpecification","valueRequired":true,"valueName":"search_term_string"}}],"inLanguage":"de"}]}},"_links":{"self":[{"href":"https:\/\/aquasound.eu\/de\/wp-json\/wp\/v2\/product\/25578","targetHints":{"allow":["GET"]}}],"collection":[{"href":"https:\/\/aquasound.eu\/de\/wp-json\/wp\/v2\/product"}],"about":[{"href":"https:\/\/aquasound.eu\/de\/wp-json\/wp\/v2\/types\/product"}],"wp:featuredmedia":[{"embeddable":true,"href":"https:\/\/aquasound.eu\/de\/wp-json\/wp\/v2\/media\/24838"}],"wp:attachment":[{"href":"https:\/\/aquasound.eu\/de\/wp-json\/wp\/v2\/media?parent=25578"}],"wp:term":[{"taxonomy":"product_brand","embeddable":true,"href":"https:\/\/aquasound.eu\/de\/wp-json\/wp\/v2\/product_brand?post=25578"},{"taxonomy":"product_cat","embeddable":true,"href":"https:\/\/aquasound.eu\/de\/wp-json\/wp\/v2\/product_cat?post=25578"},{"taxonomy":"product_tag","embeddable":true,"href":"https:\/\/aquasound.eu\/de\/wp-json\/wp\/v2\/product_tag?post=25578"}],"curies":[{"name":"wp","href":"https:\/\/api.w.org\/{rel}","templated":true}]}}