{"id":25565,"date":"2022-05-18T14:57:08","date_gmt":"2022-05-18T12:57:08","guid":{"rendered":"http:\/\/timple.nl\/product\/wmc-tv250audiolink-kabel-250-cm\/"},"modified":"2022-09-29T12:18:59","modified_gmt":"2022-09-29T10:18:59","slug":"wmc-tv250","status":"publish","type":"product","link":"https:\/\/aquasound.eu\/de\/produkt\/wmc-tv250\/","title":{"rendered":"<b>WMC-TV250<\/b> <br>AudioLink Kabel 250 cm"},"content":{"rendered":"<p>Mit dem AudioLink-Kabel k\u00f6nnen Sie das AquaSound TV-Ger\u00e4t an AquaSound-Audiosysteme anschlie\u00dfen. Der Ton des Fernsehers wird dann \u00fcber die AquaSound-Lautsprecher wiedergegeben.<\/p>\n<h4>Technische Daten<\/h4>\n<ul>\n<li>Minibuchse --&gt; Tulpe<\/li>\n<li>Schwarz<\/li>\n<li>250 cm<\/li>\n<\/ul>\n","protected":false},"excerpt":{"rendered":"<p>Mit dem AudioLink-Kabel k\u00f6nnen Sie das AquaSound TV-Ger\u00e4t an AquaSound-Audiosysteme anschlie\u00dfen. Der Ton des Fernsehers wird dann \u00fcber die AquaSound-Lautsprecher wiedergegeben. Technische Daten Minibuchse --&gt; Tulpe Schwarz 250 cm<\/p>\n","protected":false},"featured_media":24832,"template":"","meta":[],"product_brand":[],"product_cat":[66],"product_tag":[],"class_list":{"0":"post-25565","1":"product","2":"type-product","3":"status-publish","4":"has-post-thumbnail","6":"product_cat-zubehor","8":"first","9":"instock","10":"taxable","11":"shipping-taxable","12":"purchasable","13":"product-type-simple"},"yoast_head":"<!-- This site is optimized with the Yoast SEO plugin v27.4 - https:\/\/yoast.com\/product\/yoast-seo-wordpress\/ -->\n<title>WMC-TV250 AudioLink Kabel 250 cm<\/title>\n<meta name=\"robots\" content=\"index, follow, max-snippet:-1, max-image-preview:large, max-video-preview:-1\" \/>\n<link rel=\"canonical\" href=\"https:\/\/aquasound.eu\/de\/produkt\/wmc-tv250\/\" \/>\n<meta property=\"og:locale\" content=\"de_DE\" \/>\n<meta property=\"og:type\" content=\"article\" \/>\n<meta property=\"og:title\" content=\"WMC-TV250 AudioLink Kabel 250 cm\" \/>\n<meta property=\"og:description\" content=\"Mit dem AudioLink-Kabel k\u00f6nnen Sie das AquaSound TV-Ger\u00e4t an AquaSound-Audiosysteme anschlie\u00dfen. Der Ton des Fernsehers wird dann \u00fcber die AquaSound-Lautsprecher wiedergegeben. Technische Daten Minibuchse --&gt; Tulpe Schwarz 250 cm\" \/>\n<meta property=\"og:url\" content=\"https:\/\/aquasound.eu\/de\/produkt\/wmc-tv250\/\" \/>\n<meta property=\"og:site_name\" content=\"AquaSound\" \/>\n<meta property=\"article:modified_time\" content=\"2022-09-29T10:18:59+00:00\" \/>\n<meta property=\"og:image\" content=\"https:\/\/aquasound.eu\/wp-content\/uploads\/WMC-TV250.webp\" \/>\n\t<meta property=\"og:image:width\" content=\"1\" \/>\n\t<meta property=\"og:image:height\" content=\"1\" \/>\n\t<meta property=\"og:image:type\" content=\"image\/webp\" \/>\n<meta name=\"twitter:card\" content=\"summary_large_image\" \/>\n<meta name=\"twitter:label1\" content=\"Gesch\u00e4tzte Lesezeit\" \/>\n\t<meta name=\"twitter:data1\" content=\"1\u00a0Minute\" \/>\n<script type=\"application\/ld+json\" class=\"yoast-schema-graph\">{\"@context\":\"https:\\\/\\\/schema.org\",\"@graph\":[{\"@type\":\"WebPage\",\"@id\":\"https:\\\/\\\/aquasound.eu\\\/de\\\/produkt\\\/wmc-tv250\\\/\",\"url\":\"https:\\\/\\\/aquasound.eu\\\/de\\\/produkt\\\/wmc-tv250\\\/\",\"name\":\"WMC-TV250 AudioLink Kabel 250 cm\",\"isPartOf\":{\"@id\":\"https:\\\/\\\/aquasound.eu\\\/nl\\\/#website\"},\"primaryImageOfPage\":{\"@id\":\"https:\\\/\\\/aquasound.eu\\\/de\\\/produkt\\\/wmc-tv250\\\/#primaryimage\"},\"image\":{\"@id\":\"https:\\\/\\\/aquasound.eu\\\/de\\\/produkt\\\/wmc-tv250\\\/#primaryimage\"},\"thumbnailUrl\":\"https:\\\/\\\/aquasound.eu\\\/wp-content\\\/uploads\\\/WMC-TV250.webp\",\"datePublished\":\"2022-05-18T12:57:08+00:00\",\"dateModified\":\"2022-09-29T10:18:59+00:00\",\"breadcrumb\":{\"@id\":\"https:\\\/\\\/aquasound.eu\\\/de\\\/produkt\\\/wmc-tv250\\\/#breadcrumb\"},\"inLanguage\":\"de\",\"potentialAction\":[{\"@type\":\"ReadAction\",\"target\":[\"https:\\\/\\\/aquasound.eu\\\/de\\\/produkt\\\/wmc-tv250\\\/\"]}]},{\"@type\":\"ImageObject\",\"inLanguage\":\"de\",\"@id\":\"https:\\\/\\\/aquasound.eu\\\/de\\\/produkt\\\/wmc-tv250\\\/#primaryimage\",\"url\":\"https:\\\/\\\/aquasound.eu\\\/wp-content\\\/uploads\\\/WMC-TV250.webp\",\"contentUrl\":\"https:\\\/\\\/aquasound.eu\\\/wp-content\\\/uploads\\\/WMC-TV250.webp\"},{\"@type\":\"BreadcrumbList\",\"@id\":\"https:\\\/\\\/aquasound.eu\\\/de\\\/produkt\\\/wmc-tv250\\\/#breadcrumb\",\"itemListElement\":[{\"@type\":\"ListItem\",\"position\":1,\"name\":\"Home\",\"item\":\"https:\\\/\\\/aquasound.eu\\\/de\\\/\"},{\"@type\":\"ListItem\",\"position\":2,\"name\":\"WooCommerce\",\"item\":\"https:\\\/\\\/aquasound.eu\\\/nl\\\/woocommerce\\\/\"},{\"@type\":\"ListItem\",\"position\":3,\"name\":\"WMC-TV250 AudioLink Kabel 250 cm\"}]},{\"@type\":\"WebSite\",\"@id\":\"https:\\\/\\\/aquasound.eu\\\/nl\\\/#website\",\"url\":\"https:\\\/\\\/aquasound.eu\\\/nl\\\/\",\"name\":\"AquaSound\",\"description\":\"\",\"potentialAction\":[{\"@type\":\"SearchAction\",\"target\":{\"@type\":\"EntryPoint\",\"urlTemplate\":\"https:\\\/\\\/aquasound.eu\\\/nl\\\/?s={search_term_string}\"},\"query-input\":{\"@type\":\"PropertyValueSpecification\",\"valueRequired\":true,\"valueName\":\"search_term_string\"}}],\"inLanguage\":\"de\"}]}<\/script>\n<!-- \/ Yoast SEO plugin. -->","yoast_head_json":{"title":"WMC-TV250 AudioLink Kabel 250 cm","robots":{"index":"index","follow":"follow","max-snippet":"max-snippet:-1","max-image-preview":"max-image-preview:large","max-video-preview":"max-video-preview:-1"},"canonical":"https:\/\/aquasound.eu\/de\/produkt\/wmc-tv250\/","og_locale":"de_DE","og_type":"article","og_title":"WMC-TV250 AudioLink Kabel 250 cm","og_description":"Mit dem AudioLink-Kabel k\u00f6nnen Sie das AquaSound TV-Ger\u00e4t an AquaSound-Audiosysteme anschlie\u00dfen. Der Ton des Fernsehers wird dann \u00fcber die AquaSound-Lautsprecher wiedergegeben. Technische Daten Minibuchse --&gt; Tulpe Schwarz 250 cm","og_url":"https:\/\/aquasound.eu\/de\/produkt\/wmc-tv250\/","og_site_name":"AquaSound","article_modified_time":"2022-09-29T10:18:59+00:00","og_image":[{"url":"https:\/\/aquasound.eu\/wp-content\/uploads\/WMC-TV250.webp","width":1,"height":1,"type":"image\/webp"}],"twitter_card":"summary_large_image","twitter_misc":{"Gesch\u00e4tzte Lesezeit":"1\u00a0Minute"},"schema":{"@context":"https:\/\/schema.org","@graph":[{"@type":"WebPage","@id":"https:\/\/aquasound.eu\/de\/produkt\/wmc-tv250\/","url":"https:\/\/aquasound.eu\/de\/produkt\/wmc-tv250\/","name":"WMC-TV250 AudioLink Kabel 250 cm","isPartOf":{"@id":"https:\/\/aquasound.eu\/nl\/#website"},"primaryImageOfPage":{"@id":"https:\/\/aquasound.eu\/de\/produkt\/wmc-tv250\/#primaryimage"},"image":{"@id":"https:\/\/aquasound.eu\/de\/produkt\/wmc-tv250\/#primaryimage"},"thumbnailUrl":"https:\/\/aquasound.eu\/wp-content\/uploads\/WMC-TV250.webp","datePublished":"2022-05-18T12:57:08+00:00","dateModified":"2022-09-29T10:18:59+00:00","breadcrumb":{"@id":"https:\/\/aquasound.eu\/de\/produkt\/wmc-tv250\/#breadcrumb"},"inLanguage":"de","potentialAction":[{"@type":"ReadAction","target":["https:\/\/aquasound.eu\/de\/produkt\/wmc-tv250\/"]}]},{"@type":"ImageObject","inLanguage":"de","@id":"https:\/\/aquasound.eu\/de\/produkt\/wmc-tv250\/#primaryimage","url":"https:\/\/aquasound.eu\/wp-content\/uploads\/WMC-TV250.webp","contentUrl":"https:\/\/aquasound.eu\/wp-content\/uploads\/WMC-TV250.webp"},{"@type":"BreadcrumbList","@id":"https:\/\/aquasound.eu\/de\/produkt\/wmc-tv250\/#breadcrumb","itemListElement":[{"@type":"ListItem","position":1,"name":"Home","item":"https:\/\/aquasound.eu\/de\/"},{"@type":"ListItem","position":2,"name":"WooCommerce","item":"https:\/\/aquasound.eu\/nl\/woocommerce\/"},{"@type":"ListItem","position":3,"name":"WMC-TV250 AudioLink Kabel 250 cm"}]},{"@type":"WebSite","@id":"https:\/\/aquasound.eu\/nl\/#website","url":"https:\/\/aquasound.eu\/nl\/","name":"AquaSound","description":"","potentialAction":[{"@type":"SearchAction","target":{"@type":"EntryPoint","urlTemplate":"https:\/\/aquasound.eu\/nl\/?s={search_term_string}"},"query-input":{"@type":"PropertyValueSpecification","valueRequired":true,"valueName":"search_term_string"}}],"inLanguage":"de"}]}},"_links":{"self":[{"href":"https:\/\/aquasound.eu\/de\/wp-json\/wp\/v2\/product\/25565","targetHints":{"allow":["GET"]}}],"collection":[{"href":"https:\/\/aquasound.eu\/de\/wp-json\/wp\/v2\/product"}],"about":[{"href":"https:\/\/aquasound.eu\/de\/wp-json\/wp\/v2\/types\/product"}],"wp:featuredmedia":[{"embeddable":true,"href":"https:\/\/aquasound.eu\/de\/wp-json\/wp\/v2\/media\/24832"}],"wp:attachment":[{"href":"https:\/\/aquasound.eu\/de\/wp-json\/wp\/v2\/media?parent=25565"}],"wp:term":[{"taxonomy":"product_brand","embeddable":true,"href":"https:\/\/aquasound.eu\/de\/wp-json\/wp\/v2\/product_brand?post=25565"},{"taxonomy":"product_cat","embeddable":true,"href":"https:\/\/aquasound.eu\/de\/wp-json\/wp\/v2\/product_cat?post=25565"},{"taxonomy":"product_tag","embeddable":true,"href":"https:\/\/aquasound.eu\/de\/wp-json\/wp\/v2\/product_tag?post=25565"}],"curies":[{"name":"wp","href":"https:\/\/api.w.org\/{rel}","templated":true}]}}