{"id":31143,"date":"2025-01-29T14:11:27","date_gmt":"2025-01-29T13:11:27","guid":{"rendered":"https:\/\/aquasound.eu\/?page_id=31143"},"modified":"2025-02-05T11:36:44","modified_gmt":"2025-02-05T10:36:44","slug":"hotelzimmer-audio","status":"publish","type":"page","link":"https:\/\/aquasound.eu\/de\/hotelzimmer-audio\/","title":{"rendered":"Hotelzimmer Audio"},"content":{"rendered":"","protected":false},"excerpt":{"rendered":"","protected":false},"author":5,"featured_media":26457,"parent":0,"menu_order":0,"comment_status":"closed","ping_status":"closed","template":"","meta":{"footnotes":""},"class_list":["post-31143","page","type-page","status-publish","has-post-thumbnail","hentry"],"yoast_head":"<!-- This site is optimized with the Yoast SEO plugin v27.3 - https:\/\/yoast.com\/product\/yoast-seo-wordpress\/ -->\n<title>Hotelzimmer-Audio von AquaSound, wasserdichte Audiosysteme<\/title>\n<meta name=\"description\" content=\"Bieten Sie Ihren G\u00e4sten ein Musikerlebnis wie zu Hause. Es gibt f\u00fcr jede Situation eine Audiol\u00f6sung f\u00fcr Hotelzimmer. Sehen Sie sich unsere Systeme an!\" \/>\n<meta name=\"robots\" content=\"index, follow, max-snippet:-1, max-image-preview:large, max-video-preview:-1\" \/>\n<link rel=\"canonical\" href=\"https:\/\/aquasound.eu\/de\/hotelzimmer-audio\/\" \/>\n<meta property=\"og:locale\" content=\"de_DE\" \/>\n<meta property=\"og:type\" content=\"article\" \/>\n<meta property=\"og:title\" content=\"Hotelzimmer-Audio von AquaSound, wasserdichte Audiosysteme\" \/>\n<meta property=\"og:description\" content=\"Bieten Sie Ihren G\u00e4sten ein Musikerlebnis wie zu Hause. Es gibt f\u00fcr jede Situation eine Audiol\u00f6sung f\u00fcr Hotelzimmer. Sehen Sie sich unsere Systeme an!\" \/>\n<meta property=\"og:url\" content=\"https:\/\/aquasound.eu\/de\/hotelzimmer-audio\/\" \/>\n<meta property=\"og:site_name\" content=\"AquaSound\" \/>\n<meta property=\"article:modified_time\" content=\"2025-02-05T10:36:44+00:00\" \/>\n<meta property=\"og:image\" content=\"https:\/\/aquasound.eu\/wp-content\/uploads\/HOTEL-ROOM-KEY-RESIZED.webp\" \/>\n\t<meta property=\"og:image:width\" content=\"1000\" \/>\n\t<meta property=\"og:image:height\" content=\"1000\" \/>\n\t<meta property=\"og:image:type\" content=\"image\/webp\" \/>\n<meta name=\"twitter:card\" content=\"summary_large_image\" \/>\n<meta name=\"twitter:label1\" content=\"Gesch\u00e4tzte Lesezeit\" \/>\n\t<meta name=\"twitter:data1\" content=\"8\u00a0Minuten\" \/>\n<script type=\"application\/ld+json\" class=\"yoast-schema-graph\">{\"@context\":\"https:\\\/\\\/schema.org\",\"@graph\":[{\"@type\":\"WebPage\",\"@id\":\"https:\\\/\\\/aquasound.eu\\\/de\\\/hotelzimmer-audio\\\/\",\"url\":\"https:\\\/\\\/aquasound.eu\\\/de\\\/hotelzimmer-audio\\\/\",\"name\":\"Hotelzimmer-Audio von AquaSound, wasserdichte Audiosysteme\",\"isPartOf\":{\"@id\":\"https:\\\/\\\/aquasound.eu\\\/nl\\\/#website\"},\"primaryImageOfPage\":{\"@id\":\"https:\\\/\\\/aquasound.eu\\\/de\\\/hotelzimmer-audio\\\/#primaryimage\"},\"image\":{\"@id\":\"https:\\\/\\\/aquasound.eu\\\/de\\\/hotelzimmer-audio\\\/#primaryimage\"},\"thumbnailUrl\":\"https:\\\/\\\/aquasound.eu\\\/wp-content\\\/uploads\\\/HOTEL-ROOM-KEY-RESIZED.webp\",\"datePublished\":\"2025-01-29T13:11:27+00:00\",\"dateModified\":\"2025-02-05T10:36:44+00:00\",\"description\":\"Bieten Sie Ihren G\u00e4sten ein Musikerlebnis wie zu Hause. Es gibt f\u00fcr jede Situation eine Audiol\u00f6sung f\u00fcr Hotelzimmer. Sehen Sie sich unsere Systeme an!\",\"breadcrumb\":{\"@id\":\"https:\\\/\\\/aquasound.eu\\\/de\\\/hotelzimmer-audio\\\/#breadcrumb\"},\"inLanguage\":\"de\",\"potentialAction\":[{\"@type\":\"ReadAction\",\"target\":[\"https:\\\/\\\/aquasound.eu\\\/de\\\/hotelzimmer-audio\\\/\"]}]},{\"@type\":\"ImageObject\",\"inLanguage\":\"de\",\"@id\":\"https:\\\/\\\/aquasound.eu\\\/de\\\/hotelzimmer-audio\\\/#primaryimage\",\"url\":\"https:\\\/\\\/aquasound.eu\\\/wp-content\\\/uploads\\\/HOTEL-ROOM-KEY-RESIZED.webp\",\"contentUrl\":\"https:\\\/\\\/aquasound.eu\\\/wp-content\\\/uploads\\\/HOTEL-ROOM-KEY-RESIZED.webp\",\"width\":1000,\"height\":1000,\"caption\":\"hotel audio speaker\"},{\"@type\":\"BreadcrumbList\",\"@id\":\"https:\\\/\\\/aquasound.eu\\\/de\\\/hotelzimmer-audio\\\/#breadcrumb\",\"itemListElement\":[{\"@type\":\"ListItem\",\"position\":1,\"name\":\"Home\",\"item\":\"https:\\\/\\\/aquasound.eu\\\/de\\\/\"},{\"@type\":\"ListItem\",\"position\":2,\"name\":\"Hotelzimmer Audio\"}]},{\"@type\":\"WebSite\",\"@id\":\"https:\\\/\\\/aquasound.eu\\\/nl\\\/#website\",\"url\":\"https:\\\/\\\/aquasound.eu\\\/nl\\\/\",\"name\":\"AquaSound\",\"description\":\"\",\"potentialAction\":[{\"@type\":\"SearchAction\",\"target\":{\"@type\":\"EntryPoint\",\"urlTemplate\":\"https:\\\/\\\/aquasound.eu\\\/nl\\\/?s={search_term_string}\"},\"query-input\":{\"@type\":\"PropertyValueSpecification\",\"valueRequired\":true,\"valueName\":\"search_term_string\"}}],\"inLanguage\":\"de\"}]}<\/script>\n<!-- \/ Yoast SEO plugin. -->","yoast_head_json":{"title":"Hotelzimmer-Audio von AquaSound, wasserdichte Audiosysteme","description":"Bieten Sie Ihren G\u00e4sten ein Musikerlebnis wie zu Hause. Es gibt f\u00fcr jede Situation eine Audiol\u00f6sung f\u00fcr Hotelzimmer. Sehen Sie sich unsere Systeme an!","robots":{"index":"index","follow":"follow","max-snippet":"max-snippet:-1","max-image-preview":"max-image-preview:large","max-video-preview":"max-video-preview:-1"},"canonical":"https:\/\/aquasound.eu\/de\/hotelzimmer-audio\/","og_locale":"de_DE","og_type":"article","og_title":"Hotelzimmer-Audio von AquaSound, wasserdichte Audiosysteme","og_description":"Bieten Sie Ihren G\u00e4sten ein Musikerlebnis wie zu Hause. Es gibt f\u00fcr jede Situation eine Audiol\u00f6sung f\u00fcr Hotelzimmer. Sehen Sie sich unsere Systeme an!","og_url":"https:\/\/aquasound.eu\/de\/hotelzimmer-audio\/","og_site_name":"AquaSound","article_modified_time":"2025-02-05T10:36:44+00:00","og_image":[{"width":1000,"height":1000,"url":"https:\/\/aquasound.eu\/wp-content\/uploads\/HOTEL-ROOM-KEY-RESIZED.webp","type":"image\/webp"}],"twitter_card":"summary_large_image","twitter_misc":{"Gesch\u00e4tzte Lesezeit":"8\u00a0Minuten"},"schema":{"@context":"https:\/\/schema.org","@graph":[{"@type":"WebPage","@id":"https:\/\/aquasound.eu\/de\/hotelzimmer-audio\/","url":"https:\/\/aquasound.eu\/de\/hotelzimmer-audio\/","name":"Hotelzimmer-Audio von AquaSound, wasserdichte Audiosysteme","isPartOf":{"@id":"https:\/\/aquasound.eu\/nl\/#website"},"primaryImageOfPage":{"@id":"https:\/\/aquasound.eu\/de\/hotelzimmer-audio\/#primaryimage"},"image":{"@id":"https:\/\/aquasound.eu\/de\/hotelzimmer-audio\/#primaryimage"},"thumbnailUrl":"https:\/\/aquasound.eu\/wp-content\/uploads\/HOTEL-ROOM-KEY-RESIZED.webp","datePublished":"2025-01-29T13:11:27+00:00","dateModified":"2025-02-05T10:36:44+00:00","description":"Bieten Sie Ihren G\u00e4sten ein Musikerlebnis wie zu Hause. Es gibt f\u00fcr jede Situation eine Audiol\u00f6sung f\u00fcr Hotelzimmer. Sehen Sie sich unsere Systeme an!","breadcrumb":{"@id":"https:\/\/aquasound.eu\/de\/hotelzimmer-audio\/#breadcrumb"},"inLanguage":"de","potentialAction":[{"@type":"ReadAction","target":["https:\/\/aquasound.eu\/de\/hotelzimmer-audio\/"]}]},{"@type":"ImageObject","inLanguage":"de","@id":"https:\/\/aquasound.eu\/de\/hotelzimmer-audio\/#primaryimage","url":"https:\/\/aquasound.eu\/wp-content\/uploads\/HOTEL-ROOM-KEY-RESIZED.webp","contentUrl":"https:\/\/aquasound.eu\/wp-content\/uploads\/HOTEL-ROOM-KEY-RESIZED.webp","width":1000,"height":1000,"caption":"hotel audio speaker"},{"@type":"BreadcrumbList","@id":"https:\/\/aquasound.eu\/de\/hotelzimmer-audio\/#breadcrumb","itemListElement":[{"@type":"ListItem","position":1,"name":"Home","item":"https:\/\/aquasound.eu\/de\/"},{"@type":"ListItem","position":2,"name":"Hotelzimmer Audio"}]},{"@type":"WebSite","@id":"https:\/\/aquasound.eu\/nl\/#website","url":"https:\/\/aquasound.eu\/nl\/","name":"AquaSound","description":"","potentialAction":[{"@type":"SearchAction","target":{"@type":"EntryPoint","urlTemplate":"https:\/\/aquasound.eu\/nl\/?s={search_term_string}"},"query-input":{"@type":"PropertyValueSpecification","valueRequired":true,"valueName":"search_term_string"}}],"inLanguage":"de"}]}},"_links":{"self":[{"href":"https:\/\/aquasound.eu\/de\/wp-json\/wp\/v2\/pages\/31143","targetHints":{"allow":["GET"]}}],"collection":[{"href":"https:\/\/aquasound.eu\/de\/wp-json\/wp\/v2\/pages"}],"about":[{"href":"https:\/\/aquasound.eu\/de\/wp-json\/wp\/v2\/types\/page"}],"author":[{"embeddable":true,"href":"https:\/\/aquasound.eu\/de\/wp-json\/wp\/v2\/users\/5"}],"replies":[{"embeddable":true,"href":"https:\/\/aquasound.eu\/de\/wp-json\/wp\/v2\/comments?post=31143"}],"version-history":[{"count":1,"href":"https:\/\/aquasound.eu\/de\/wp-json\/wp\/v2\/pages\/31143\/revisions"}],"predecessor-version":[{"id":31154,"href":"https:\/\/aquasound.eu\/de\/wp-json\/wp\/v2\/pages\/31143\/revisions\/31154"}],"wp:featuredmedia":[{"embeddable":true,"href":"https:\/\/aquasound.eu\/de\/wp-json\/wp\/v2\/media\/26457"}],"wp:attachment":[{"href":"https:\/\/aquasound.eu\/de\/wp-json\/wp\/v2\/media?parent=31143"}],"curies":[{"name":"wp","href":"https:\/\/api.w.org\/{rel}","templated":true}]}}