{"id":26074,"date":"2022-05-13T15:54:58","date_gmt":"2022-05-13T13:54:58","guid":{"rendered":"http:\/\/timple.nl\/handbuecher\/"},"modified":"2022-07-08T11:05:04","modified_gmt":"2022-07-08T09:05:04","slug":"handbuecher","status":"publish","type":"page","link":"https:\/\/aquasound.eu\/de\/handbuecher\/","title":{"rendered":"Handb\u00fccher"},"content":{"rendered":"","protected":false},"excerpt":{"rendered":"","protected":false},"author":3,"featured_media":0,"parent":0,"menu_order":0,"comment_status":"closed","ping_status":"closed","template":"","meta":{"footnotes":""},"class_list":["post-26074","page","type-page","status-publish","hentry"],"yoast_head":"<!-- This site is optimized with the Yoast SEO plugin v27.3 - https:\/\/yoast.com\/product\/yoast-seo-wordpress\/ -->\n<title>AquaSound Handb\u00fccher, f\u00fcr alle AquaSound Produkte<\/title>\n<meta name=\"description\" content=\"\u00dcbersicht aller Handb\u00fccher f\u00fcr die verschiedenen AquaSound-Produkte. So kann man sie leicht selbst installieren. AquaSound, Waterproof Intelligence.\" \/>\n<meta name=\"robots\" content=\"index, follow, max-snippet:-1, max-image-preview:large, max-video-preview:-1\" \/>\n<link rel=\"canonical\" href=\"https:\/\/aquasound.eu\/de\/handbuecher\/\" \/>\n<meta property=\"og:locale\" content=\"de_DE\" \/>\n<meta property=\"og:type\" content=\"article\" \/>\n<meta property=\"og:title\" content=\"AquaSound Handb\u00fccher, f\u00fcr alle AquaSound Produkte\" \/>\n<meta property=\"og:description\" content=\"\u00dcbersicht aller Handb\u00fccher f\u00fcr die verschiedenen AquaSound-Produkte. So kann man sie leicht selbst installieren. AquaSound, Waterproof Intelligence.\" \/>\n<meta property=\"og:url\" content=\"https:\/\/aquasound.eu\/de\/handbuecher\/\" \/>\n<meta property=\"og:site_name\" content=\"AquaSound\" \/>\n<meta property=\"article:modified_time\" content=\"2022-07-08T09:05:04+00:00\" \/>\n<meta name=\"twitter:card\" content=\"summary_large_image\" \/>\n<script type=\"application\/ld+json\" class=\"yoast-schema-graph\">{\"@context\":\"https:\\\/\\\/schema.org\",\"@graph\":[{\"@type\":\"WebPage\",\"@id\":\"https:\\\/\\\/aquasound.eu\\\/de\\\/handbuecher\\\/\",\"url\":\"https:\\\/\\\/aquasound.eu\\\/de\\\/handbuecher\\\/\",\"name\":\"AquaSound Handb\u00fccher, f\u00fcr alle AquaSound Produkte\",\"isPartOf\":{\"@id\":\"https:\\\/\\\/aquasound.eu\\\/nl\\\/#website\"},\"datePublished\":\"2022-05-13T13:54:58+00:00\",\"dateModified\":\"2022-07-08T09:05:04+00:00\",\"description\":\"\u00dcbersicht aller Handb\u00fccher f\u00fcr die verschiedenen AquaSound-Produkte. So kann man sie leicht selbst installieren. AquaSound, Waterproof Intelligence.\",\"breadcrumb\":{\"@id\":\"https:\\\/\\\/aquasound.eu\\\/de\\\/handbuecher\\\/#breadcrumb\"},\"inLanguage\":\"de\",\"potentialAction\":[{\"@type\":\"ReadAction\",\"target\":[\"https:\\\/\\\/aquasound.eu\\\/de\\\/handbuecher\\\/\"]}]},{\"@type\":\"BreadcrumbList\",\"@id\":\"https:\\\/\\\/aquasound.eu\\\/de\\\/handbuecher\\\/#breadcrumb\",\"itemListElement\":[{\"@type\":\"ListItem\",\"position\":1,\"name\":\"Home\",\"item\":\"https:\\\/\\\/aquasound.eu\\\/de\\\/\"},{\"@type\":\"ListItem\",\"position\":2,\"name\":\"Handb\u00fccher\"}]},{\"@type\":\"WebSite\",\"@id\":\"https:\\\/\\\/aquasound.eu\\\/nl\\\/#website\",\"url\":\"https:\\\/\\\/aquasound.eu\\\/nl\\\/\",\"name\":\"AquaSound\",\"description\":\"\",\"potentialAction\":[{\"@type\":\"SearchAction\",\"target\":{\"@type\":\"EntryPoint\",\"urlTemplate\":\"https:\\\/\\\/aquasound.eu\\\/nl\\\/?s={search_term_string}\"},\"query-input\":{\"@type\":\"PropertyValueSpecification\",\"valueRequired\":true,\"valueName\":\"search_term_string\"}}],\"inLanguage\":\"de\"}]}<\/script>\n<!-- \/ Yoast SEO plugin. -->","yoast_head_json":{"title":"AquaSound Handb\u00fccher, f\u00fcr alle AquaSound Produkte","description":"\u00dcbersicht aller Handb\u00fccher f\u00fcr die verschiedenen AquaSound-Produkte. So kann man sie leicht selbst installieren. AquaSound, Waterproof Intelligence.","robots":{"index":"index","follow":"follow","max-snippet":"max-snippet:-1","max-image-preview":"max-image-preview:large","max-video-preview":"max-video-preview:-1"},"canonical":"https:\/\/aquasound.eu\/de\/handbuecher\/","og_locale":"de_DE","og_type":"article","og_title":"AquaSound Handb\u00fccher, f\u00fcr alle AquaSound Produkte","og_description":"\u00dcbersicht aller Handb\u00fccher f\u00fcr die verschiedenen AquaSound-Produkte. So kann man sie leicht selbst installieren. AquaSound, Waterproof Intelligence.","og_url":"https:\/\/aquasound.eu\/de\/handbuecher\/","og_site_name":"AquaSound","article_modified_time":"2022-07-08T09:05:04+00:00","twitter_card":"summary_large_image","schema":{"@context":"https:\/\/schema.org","@graph":[{"@type":"WebPage","@id":"https:\/\/aquasound.eu\/de\/handbuecher\/","url":"https:\/\/aquasound.eu\/de\/handbuecher\/","name":"AquaSound Handb\u00fccher, f\u00fcr alle AquaSound Produkte","isPartOf":{"@id":"https:\/\/aquasound.eu\/nl\/#website"},"datePublished":"2022-05-13T13:54:58+00:00","dateModified":"2022-07-08T09:05:04+00:00","description":"\u00dcbersicht aller Handb\u00fccher f\u00fcr die verschiedenen AquaSound-Produkte. So kann man sie leicht selbst installieren. AquaSound, Waterproof Intelligence.","breadcrumb":{"@id":"https:\/\/aquasound.eu\/de\/handbuecher\/#breadcrumb"},"inLanguage":"de","potentialAction":[{"@type":"ReadAction","target":["https:\/\/aquasound.eu\/de\/handbuecher\/"]}]},{"@type":"BreadcrumbList","@id":"https:\/\/aquasound.eu\/de\/handbuecher\/#breadcrumb","itemListElement":[{"@type":"ListItem","position":1,"name":"Home","item":"https:\/\/aquasound.eu\/de\/"},{"@type":"ListItem","position":2,"name":"Handb\u00fccher"}]},{"@type":"WebSite","@id":"https:\/\/aquasound.eu\/nl\/#website","url":"https:\/\/aquasound.eu\/nl\/","name":"AquaSound","description":"","potentialAction":[{"@type":"SearchAction","target":{"@type":"EntryPoint","urlTemplate":"https:\/\/aquasound.eu\/nl\/?s={search_term_string}"},"query-input":{"@type":"PropertyValueSpecification","valueRequired":true,"valueName":"search_term_string"}}],"inLanguage":"de"}]}},"_links":{"self":[{"href":"https:\/\/aquasound.eu\/de\/wp-json\/wp\/v2\/pages\/26074","targetHints":{"allow":["GET"]}}],"collection":[{"href":"https:\/\/aquasound.eu\/de\/wp-json\/wp\/v2\/pages"}],"about":[{"href":"https:\/\/aquasound.eu\/de\/wp-json\/wp\/v2\/types\/page"}],"author":[{"embeddable":true,"href":"https:\/\/aquasound.eu\/de\/wp-json\/wp\/v2\/users\/3"}],"replies":[{"embeddable":true,"href":"https:\/\/aquasound.eu\/de\/wp-json\/wp\/v2\/comments?post=26074"}],"version-history":[{"count":1,"href":"https:\/\/aquasound.eu\/de\/wp-json\/wp\/v2\/pages\/26074\/revisions"}],"predecessor-version":[{"id":26075,"href":"https:\/\/aquasound.eu\/de\/wp-json\/wp\/v2\/pages\/26074\/revisions\/26075"}],"wp:attachment":[{"href":"https:\/\/aquasound.eu\/de\/wp-json\/wp\/v2\/media?parent=26074"}],"curies":[{"name":"wp","href":"https:\/\/api.w.org\/{rel}","templated":true}]}}